{"id":13367,"date":"2021-12-05T02:29:20","date_gmt":"2021-12-05T01:29:20","guid":{"rendered":"https:\/\/stularplus.com\/aiguilles-microtach-4-pcs\/"},"modified":"2026-01-05T10:07:40","modified_gmt":"2026-01-05T09:07:40","slug":"aiguilles-microtach-4-pcs","status":"publish","type":"product","link":"https:\/\/stularplus.com\/fr\/aiguilles-microtach-4-pcs\/","title":{"rendered":"AIGUILLES MICROTACH &#8211; 4 PCS"},"content":{"rendered":"<p>Les <strong>aiguilles les plus fines<\/strong> pour les mati\u00e8res les plus d\u00e9licates.<br \/>\nUne meilleure <strong>alternative au fil<\/strong>, \u00e0 la colle, aux agrafes m\u00e9talliques et aux \u00e9pingles. <strong>Gagnez du temps<\/strong>, <strong>de la main-d&rsquo;\u0153uvre et de l&rsquo;argent<\/strong> avec <strong>Avery Dennisons<\/strong> <strong>attache Swiftach<\/strong>.<\/p>\n<p>L&rsquo;<strong>aiguille de petit diam\u00e8tre<\/strong> fournit une <strong>attache en T<\/strong> unique qui fixe les articles fermement et rapidement tout en \u00e9tant facile \u00e0 retirer.<\/p>\n<p>Id\u00e9al pour <strong>emballer les chemises<\/strong> et les <strong>chaussettes habill\u00e9es<\/strong> ; <strong>\u00e9tiqueter la lingerie<\/strong>, <strong>les maillots de bain<\/strong> et autres tissages tr\u00e8s \u00e9lastiques ou serr\u00e9s ; et pour l&#8217;emballage de produits souples. Toutes les aiguilles Avery Dennison sont fabriqu\u00e9es avec pr\u00e9cision avec une pointe arrondie et un profil lisse et exact pour \u00e9viter les accrochages.<\/p>\n<p>Le prix est pour un ENSEMBLE de 4 AIGUILLES.<\/p>\n","protected":false},"excerpt":{"rendered":"<p><b>Micro-aiguilles pour outil PG Micro<\/b>. La plus petite aiguille sur le march\u00e9. Prix pour 1 aiguille.  <\/p>\n","protected":false},"featured_media":13278,"template":"","meta":[],"product_cat":[381],"product_tag":[],"_links":{"self":[{"href":"https:\/\/stularplus.com\/fr\/wp-json\/wp\/v2\/product\/13367"}],"collection":[{"href":"https:\/\/stularplus.com\/fr\/wp-json\/wp\/v2\/product"}],"about":[{"href":"https:\/\/stularplus.com\/fr\/wp-json\/wp\/v2\/types\/product"}],"wp:featuredmedia":[{"embeddable":true,"href":"https:\/\/stularplus.com\/fr\/wp-json\/wp\/v2\/media\/13278"}],"wp:attachment":[{"href":"https:\/\/stularplus.com\/fr\/wp-json\/wp\/v2\/media?parent=13367"}],"wp:term":[{"taxonomy":"product_cat","embeddable":true,"href":"https:\/\/stularplus.com\/fr\/wp-json\/wp\/v2\/product_cat?post=13367"},{"taxonomy":"product_tag","embeddable":true,"href":"https:\/\/stularplus.com\/fr\/wp-json\/wp\/v2\/product_tag?post=13367"}],"curies":[{"name":"wp","href":"https:\/\/api.w.org\/{rel}","templated":true}]}}