{"id":13379,"date":"2021-12-05T02:29:20","date_gmt":"2021-12-05T01:29:20","guid":{"rendered":"https:\/\/stularplus.com\/attache-a-viande-jaune-45-mm\/"},"modified":"2026-01-05T10:07:45","modified_gmt":"2026-01-05T09:07:45","slug":"attache-a-viande-jaune-45-mm","status":"publish","type":"product","link":"https:\/\/stularplus.com\/fr\/attache-a-viande-jaune-45-mm\/","title":{"rendered":"Attache \u00e0 viande jaune 45 mm"},"content":{"rendered":"<p>Con\u00e7u pour une utilisation intensive, comme les applications d&rsquo;<strong>\u00e9tiquetage de la viande<\/strong>. Les <strong>attaches \u00e0 double palette<\/strong> extra-r\u00e9sistantes offrent une prise ferme pour un retrait facile et complet. <strong>Approuv\u00e9 par la FDA<\/strong> et fabriqu\u00e9 avec des mat\u00e9riaux certifi\u00e9s de qualit\u00e9 alimentaire. <\/p>\n<p>Ces <strong>attaches pour viande<\/strong> uniques ont \u00e9t\u00e9 repens\u00e9es pour \u00eatre meilleures que jamais.<br \/>\n<strong>Principales caract\u00e9ristiques et avantages :<\/strong><\/p>\n<p>&#8211; La <strong>double palette<\/strong> facilite la pr\u00e9hension pour le retrait des attaches monoblocs<br \/>\n&#8211; Le doublement du nombre d&rsquo;<strong>attaches \u00e0 viande<\/strong> par clip \u00e0 50 permet une plus grande productivit\u00e9<br \/>\n&#8211; Le mat\u00e9riau Nylon 6\/6 ne contient pas de caprolactame (un irritant toxique).<br \/>\n&#8211; Les <strong>attaches \u00e0 viande<\/strong> ont une r\u00e9sistance \u00e0 la traction sup\u00e9rieure de 25 %.<\/p>\n<p>Pour appliquer les attaches <strong>TagFast<\/strong>, utilisez uniquement l&rsquo;<strong>outil d&rsquo;\u00e9tiquetage de viande Avery Dennison<\/strong>.<br \/>\nPoids : 0,24 kg\/th<br \/>\n<strong>Pour plus d&rsquo;informations et des \u00e9chantillons gratuits, veuillez nous contacter.<\/strong><\/p>\n","protected":false},"excerpt":{"rendered":"<p>Attaches \u00e0 viande jaunes 45 mm pour l&rsquo;<b>\u00e9tiquetage de la viande<\/b>. AVERY DENNISON ORIGINAL. <g id=\"gid_1\">Approuv\u00e9 par la FDA<\/g> et fabriqu\u00e9 avec des mat\u00e9riaux certifi\u00e9s de qualit\u00e9 alimentaire. Le prix est par paquet de 1 000 attaches.  <\/p>\n","protected":false},"featured_media":13381,"template":"","meta":[],"product_cat":[318],"product_tag":[],"_links":{"self":[{"href":"https:\/\/stularplus.com\/fr\/wp-json\/wp\/v2\/product\/13379"}],"collection":[{"href":"https:\/\/stularplus.com\/fr\/wp-json\/wp\/v2\/product"}],"about":[{"href":"https:\/\/stularplus.com\/fr\/wp-json\/wp\/v2\/types\/product"}],"wp:featuredmedia":[{"embeddable":true,"href":"https:\/\/stularplus.com\/fr\/wp-json\/wp\/v2\/media\/13381"}],"wp:attachment":[{"href":"https:\/\/stularplus.com\/fr\/wp-json\/wp\/v2\/media?parent=13379"}],"wp:term":[{"taxonomy":"product_cat","embeddable":true,"href":"https:\/\/stularplus.com\/fr\/wp-json\/wp\/v2\/product_cat?post=13379"},{"taxonomy":"product_tag","embeddable":true,"href":"https:\/\/stularplus.com\/fr\/wp-json\/wp\/v2\/product_tag?post=13379"}],"curies":[{"name":"wp","href":"https:\/\/api.w.org\/{rel}","templated":true}]}}