{"id":13389,"date":"2021-12-05T02:29:20","date_gmt":"2021-12-05T01:29:20","guid":{"rendered":"https:\/\/stularplus.com\/aiguille-robuste-en-acier-inoxydable-pour-tag-fast\/"},"modified":"2026-01-05T10:08:25","modified_gmt":"2026-01-05T09:08:25","slug":"aiguille-robuste-en-acier-inoxydable-pour-tag-fast","status":"publish","type":"product","link":"https:\/\/stularplus.com\/fr\/aiguille-robuste-en-acier-inoxydable-pour-tag-fast\/","title":{"rendered":"AIGUILLE ROBUSTE EN ACIER INOXYDABLE POUR TAG FAST"},"content":{"rendered":"<p><strong>Avery Dennison<\/strong> propose l&rsquo;une des <strong>meilleures solutions<\/strong> pour <strong>l&rsquo;\u00e9tiquetage de la viande<\/strong>.<br \/>\n Choisissez l&rsquo;aiguille sp\u00e9ciale <strong>en acier inoxydable<\/strong> Avery Dennison pour <strong>l&rsquo;\u00e9tiquetage de la viande<\/strong>.<\/p>\n<p> Con\u00e7ue pour une utilisation intensive, comme les applications d&rsquo;\u00e9tiquetage de la viande.<br \/>\n Les attaches extra-fortes \u00e0 double palette offrent une prise ferme pour un retrait facile et complet.<\/p>\n<p><strong>Approuv\u00e9 par la FDA et fabriqu\u00e9 avec des mat\u00e9riaux certifi\u00e9s de qualit\u00e9 alimentaire.<\/strong><\/p>\n","protected":false},"excerpt":{"rendered":"<p><b>Les aiguilles en acier inoxydable utilis\u00e9es avec l&rsquo;outil d&rsquo;\u00e9tiquetage de la viande r\u00e9sistent \u00e0 la corrosion.<\/b> La meilleure solution pour l&rsquo;\u00e9tiquetage de la viande et du poisson. Le prix est pour un ENSEMBLE de 5 aiguilles. <\/p>\n","protected":false},"featured_media":13280,"template":"","meta":[],"product_cat":[386],"product_tag":[],"_links":{"self":[{"href":"https:\/\/stularplus.com\/fr\/wp-json\/wp\/v2\/product\/13389"}],"collection":[{"href":"https:\/\/stularplus.com\/fr\/wp-json\/wp\/v2\/product"}],"about":[{"href":"https:\/\/stularplus.com\/fr\/wp-json\/wp\/v2\/types\/product"}],"wp:featuredmedia":[{"embeddable":true,"href":"https:\/\/stularplus.com\/fr\/wp-json\/wp\/v2\/media\/13280"}],"wp:attachment":[{"href":"https:\/\/stularplus.com\/fr\/wp-json\/wp\/v2\/media?parent=13389"}],"wp:term":[{"taxonomy":"product_cat","embeddable":true,"href":"https:\/\/stularplus.com\/fr\/wp-json\/wp\/v2\/product_cat?post=13389"},{"taxonomy":"product_tag","embeddable":true,"href":"https:\/\/stularplus.com\/fr\/wp-json\/wp\/v2\/product_tag?post=13389"}],"curies":[{"name":"wp","href":"https:\/\/api.w.org\/{rel}","templated":true}]}}