{"id":13404,"date":"2021-12-05T02:29:21","date_gmt":"2021-12-05T01:29:21","guid":{"rendered":"https:\/\/stularplus.com\/attaches-swiftach-standard-pp-de-50-mm\/"},"modified":"2026-01-05T10:08:47","modified_gmt":"2026-01-05T09:08:47","slug":"attaches-swiftach-standard-pp-de-50-mm","status":"publish","type":"product","link":"https:\/\/stularplus.com\/fr\/attaches-swiftach-standard-pp-de-50-mm\/","title":{"rendered":"Attaches Swiftach standard PP de 50 mm"},"content":{"rendered":"<div class=\"elementor-element elementor-element-93a7a1e elementor-widget elementor-widget-woocommerce-product-content\" data-id=\"93a7a1e\" data-element_type=\"widget\" data-widget_type=\"woocommerce-product-content.default\">\n<div class=\"elementor-widget-container\">\n<div class=\"elementor-element elementor-element-219ff3a elementor-widget elementor-widget-woocommerce-product-content\" data-id=\"219ff3a\" data-element_type=\"widget\" data-widget_type=\"woocommerce-product-content.default\">\n<div class=\"elementor-widget-container\">\n<div class=\"elementor-element elementor-element-93a7a1e elementor-widget elementor-widget-woocommerce-product-content\" data-id=\"93a7a1e\" data-element_type=\"widget\" data-widget_type=\"woocommerce-product-content.default\">\n<div class=\"elementor-widget-container\">\n<p>Les attaches <strong>50 MM (PP) Standard Paddle Swifach Blue Box ORIGINAL<\/strong> sont fabriqu\u00e9es \u00e0 <strong>100 % en polypropyl\u00e8ne.<\/strong><br \/>\nBlue Box offre qualit\u00e9, constance, productivit\u00e9 \u00e9lev\u00e9e et r\u00e9sistance.<\/p>\n<p>Invent\u00e9 par Dennison au d\u00e9but des ann\u00e9es 1960, il reste la r\u00e9f\u00e9rence du secteur pour la fixation d\u2019\u00e9tiquettes.<\/p>\n<p>Elles sont fabriqu\u00e9es avec une grande pr\u00e9cision et une qualit\u00e9 constante, lot apr\u00e8s lot. Les attaches Swiftach sont fabriqu\u00e9es \u00e0 partir de polypropyl\u00e8ne (PP) de la plus haute qualit\u00e9. Id\u00e9al pour <strong>l\u2019\u00e9tiquetage<\/strong> de tous les mat\u00e9riaux standard. Les <strong>attaches Avery Dennison Swiftach<\/strong> offrent la plus vaste gamme de tailles et de couleurs pour toute <strong>application d\u2019\u00e9tiquetage<\/strong> g\u00e9n\u00e9rale.  <\/p>\n<p>La <strong>grande palette<\/strong> de T\u00caTE offre un avantage suppl\u00e9mentaire&nbsp;: elle emp\u00eache le changement d\u2019\u00e9tiquette.<br \/>\nLe prix est par caisse de 5&nbsp;000 attaches.<\/p>\n<p>Les attaches Tag Easy sont compatibles avec tous les pistolets d\u2019\u00e9tiquetage standard.<br \/>\n<strong>Profitez des avantages des remises sur quantit\u00e9 !<\/strong><\/p>\n<\/div>\n<\/div>\n<\/div>\n<\/div>\n<\/div>\n<\/div>\n","protected":false},"excerpt":{"rendered":"<p>Attaches <b>50&nbsp;mm (PP) Swiftach Blue Box Premium<\/b> pour l\u2019\u00e9tiquetage de tous types de produits. Les <b>attaches Swiftach Premium sont fabriqu\u00e9es avec des mat\u00e9riaux de haute qualit\u00e9<\/b>. Le prix est par bo\u00eete de 5&nbsp;000&nbsp;pi\u00e8ces. <\/p>\n","protected":false},"featured_media":13407,"template":"","meta":[],"product_cat":[315],"product_tag":[],"_links":{"self":[{"href":"https:\/\/stularplus.com\/fr\/wp-json\/wp\/v2\/product\/13404"}],"collection":[{"href":"https:\/\/stularplus.com\/fr\/wp-json\/wp\/v2\/product"}],"about":[{"href":"https:\/\/stularplus.com\/fr\/wp-json\/wp\/v2\/types\/product"}],"wp:featuredmedia":[{"embeddable":true,"href":"https:\/\/stularplus.com\/fr\/wp-json\/wp\/v2\/media\/13407"}],"wp:attachment":[{"href":"https:\/\/stularplus.com\/fr\/wp-json\/wp\/v2\/media?parent=13404"}],"wp:term":[{"taxonomy":"product_cat","embeddable":true,"href":"https:\/\/stularplus.com\/fr\/wp-json\/wp\/v2\/product_cat?post=13404"},{"taxonomy":"product_tag","embeddable":true,"href":"https:\/\/stularplus.com\/fr\/wp-json\/wp\/v2\/product_tag?post=13404"}],"curies":[{"name":"wp","href":"https:\/\/api.w.org\/{rel}","templated":true}]}}