{"id":13466,"date":"2021-12-05T02:29:24","date_gmt":"2021-12-05T01:29:24","guid":{"rendered":"https:\/\/stularplus.com\/attaches-swiftach-standard-t-end-ny-de-13-mm\/"},"modified":"2026-01-05T10:09:50","modified_gmt":"2026-01-05T09:09:50","slug":"attaches-swiftach-standard-t-end-ny-de-13-mm","status":"publish","type":"product","link":"https:\/\/stularplus.com\/fr\/attaches-swiftach-standard-t-end-ny-de-13-mm\/","title":{"rendered":"Attaches Swiftach Standard T-END NY de 13 mm"},"content":{"rendered":"<p>Plus discrets que les attaches \u00e0 palette, les <strong>extr\u00e9mit\u00e9s en T<\/strong> sont utilis\u00e9es pour l&rsquo;<strong>\u00e9tiquetage<\/strong>, l&rsquo;<strong>assemblage<\/strong> de chaussettes et d&rsquo;autres produits et l&rsquo;<strong>emballage<\/strong>.<br \/>\nFabriqu\u00e9s en <strong>nylon r\u00e9sistant<\/strong>, ils assurent une fixation s\u00fbre.<\/p>\n<p>Les <strong>attaches \u00e0 extr\u00e9mit\u00e9 en T<\/strong> ajoutent un \u00ab aspect \u00bb fini qui peut \u00eatre pr\u00e9f\u00e9r\u00e9 dans certaines applications, car elles \u00e9liminent l&rsquo;\u00ab extr\u00e9mit\u00e9 \u00e0 palette \u00bb que l&rsquo;on trouve sur la plupart des attaches Swiftach.<\/p>\n<p>Attaches \u00e0 palette connect\u00e9es et d\u00e9m\u00eal\u00e9es.<br \/>\n<strong>Fabriqu\u00e9 en Europe&nbsp;!<\/strong><\/p>\n<p>Poids&nbsp;: 0,06 kg\/unit\u00e9<\/p>\n<p><strong>Profitez des avantages de la remise sur quantit\u00e9&nbsp;!<\/strong><\/p>\n","protected":false},"excerpt":{"rendered":"<p><b>Attaches standard en nylon T-End NY de 13 mm<\/b>, parfaites pour l&#8217;emballage des chaussettes et l&rsquo;\u00e9tiquetage des mat\u00e9riaux standard. La broche <b>T-END<\/b> donne un meilleur aspect au produit. Le prix est par bo\u00eete de 5&nbsp;000&nbsp;pi\u00e8ces. <\/p>\n","protected":false},"featured_media":13468,"template":"","meta":[],"product_cat":[388],"product_tag":[],"_links":{"self":[{"href":"https:\/\/stularplus.com\/fr\/wp-json\/wp\/v2\/product\/13466"}],"collection":[{"href":"https:\/\/stularplus.com\/fr\/wp-json\/wp\/v2\/product"}],"about":[{"href":"https:\/\/stularplus.com\/fr\/wp-json\/wp\/v2\/types\/product"}],"wp:featuredmedia":[{"embeddable":true,"href":"https:\/\/stularplus.com\/fr\/wp-json\/wp\/v2\/media\/13468"}],"wp:attachment":[{"href":"https:\/\/stularplus.com\/fr\/wp-json\/wp\/v2\/media?parent=13466"}],"wp:term":[{"taxonomy":"product_cat","embeddable":true,"href":"https:\/\/stularplus.com\/fr\/wp-json\/wp\/v2\/product_cat?post=13466"},{"taxonomy":"product_tag","embeddable":true,"href":"https:\/\/stularplus.com\/fr\/wp-json\/wp\/v2\/product_tag?post=13466"}],"curies":[{"name":"wp","href":"https:\/\/api.w.org\/{rel}","templated":true}]}}