{"id":13479,"date":"2021-12-05T02:29:24","date_gmt":"2021-12-05T01:29:24","guid":{"rendered":"https:\/\/stularplus.com\/attaches-swiftach-loop-ny-de-65-mm\/"},"modified":"2026-01-05T10:09:54","modified_gmt":"2026-01-05T09:09:54","slug":"attaches-swiftach-loop-ny-de-65-mm","status":"publish","type":"product","link":"https:\/\/stularplus.com\/fr\/attaches-swiftach-loop-ny-de-65-mm\/","title":{"rendered":"Attaches Swiftach Loop NY de 65 mm"},"content":{"rendered":"<div class=\"elementor-element elementor-element-93a7a1e elementor-widget elementor-widget-woocommerce-product-content\" data-id=\"93a7a1e\" data-element_type=\"widget\" data-widget_type=\"woocommerce-product-content.default\">\n<div class=\"elementor-widget-container\">\n<div class=\"elementor-element elementor-element-219ff3a elementor-widget elementor-widget-woocommerce-product-content\" data-id=\"219ff3a\" data-element_type=\"widget\" data-widget_type=\"woocommerce-product-content.default\">\n<div class=\"elementor-widget-container\">\n<p>Les <strong>attaches (\u00e9pingles) en nylon NY de 65 mm<\/strong> sont fabriqu\u00e9es en nylon et sont tr\u00e8s faciles \u00e0 utiliser.<\/p>\n<p>Fixez une <strong>\u00e9tiquette<\/strong> et fournissez un crochet pour l\u2019exposition en une seule op\u00e9ration.<br \/>\nAvec les <strong>attaches boucles<\/strong>, vous pouvez <strong>assembler des articles de mani\u00e8re l\u00e2che<\/strong> ou suspendre des produits souples. Id\u00e9al pour fixer des produits dans des applications d\u2019emballage. Doit \u00eatre d\u00e9clench\u00e9 deux fois.   Un carton contient 5&nbsp;000 attaches.<\/p>\n<p>Les <strong>attaches boucles<\/strong> sont compatibles avec tous les <strong>pistolets d\u2019\u00e9tiquetage standard<\/strong>.<\/p>\n<p><strong>Profitez des avantages des remises sur quantit\u00e9 !<\/strong><br \/>\nPoids : 0,12 kg\/TH<\/p>\n<\/div>\n<\/div>\n<\/div>\n<\/div>\n","protected":false},"excerpt":{"rendered":"<p><b>Attaches SWIFTACH NY en nylon de 65 mm<\/b> &#8211; pour \u00e9tiqueter les chapeaux, casquettes, chaussettes, gants, etc. Produit de qualit\u00e9 sup\u00e9rieure d&rsquo;Avery Dennison. Le prix est par bo\u00eete de 5&nbsp;000 attaches.  <\/p>\n","protected":false},"featured_media":13481,"template":"","meta":[],"product_cat":[336],"product_tag":[],"_links":{"self":[{"href":"https:\/\/stularplus.com\/fr\/wp-json\/wp\/v2\/product\/13479"}],"collection":[{"href":"https:\/\/stularplus.com\/fr\/wp-json\/wp\/v2\/product"}],"about":[{"href":"https:\/\/stularplus.com\/fr\/wp-json\/wp\/v2\/types\/product"}],"wp:featuredmedia":[{"embeddable":true,"href":"https:\/\/stularplus.com\/fr\/wp-json\/wp\/v2\/media\/13481"}],"wp:attachment":[{"href":"https:\/\/stularplus.com\/fr\/wp-json\/wp\/v2\/media?parent=13479"}],"wp:term":[{"taxonomy":"product_cat","embeddable":true,"href":"https:\/\/stularplus.com\/fr\/wp-json\/wp\/v2\/product_cat?post=13479"},{"taxonomy":"product_tag","embeddable":true,"href":"https:\/\/stularplus.com\/fr\/wp-json\/wp\/v2\/product_tag?post=13479"}],"curies":[{"name":"wp","href":"https:\/\/api.w.org\/{rel}","templated":true}]}}