{"id":13487,"date":"2021-12-05T02:29:25","date_gmt":"2021-12-05T01:29:25","guid":{"rendered":"https:\/\/stularplus.com\/attaches-en-v-de-130-mm\/"},"modified":"2026-01-05T10:10:01","modified_gmt":"2026-01-05T09:10:01","slug":"attaches-en-v-de-130-mm","status":"publish","type":"product","link":"https:\/\/stularplus.com\/fr\/attaches-en-v-de-130-mm\/","title":{"rendered":"Attaches en V de 130 mm"},"content":{"rendered":"<div class=\"elementor-element elementor-element-93a7a1e elementor-widget elementor-widget-woocommerce-product-content\" data-id=\"93a7a1e\" data-element_type=\"widget\" data-widget_type=\"woocommerce-product-content.default\">\n<div class=\"elementor-widget-container\">\n<p>L&rsquo;utilisation du <strong>syst\u00e8me de fixation V-TOOL<\/strong> d&rsquo;Avery Dennison est :<\/p>\n<p><strong>Productif&nbsp;:<\/strong><br \/>\n\u2013 r\u00e9duit les co\u00fbts de main-d\u2019\u0153uvre<br \/>\n\u2013 l\u2019utilisation \u00e0 une main laisse l\u2019autre main libre pour saisir et \u00e9tiqueter l\u2019article cibl\u00e9<br \/>\n\u2013 \u00e9tiquette 50&nbsp;articles avec des attaches \u00e0 clip<br \/>\n\u2013 r\u00e9duit la fatigue de l\u2019op\u00e9rateur associ\u00e9e aux attaches appliqu\u00e9es \u00e0 la main<br \/>\n\u2013 la conception l\u00e9g\u00e8re et ergonomique de l\u2019outil&nbsp;V offre un confort \u00e0 l\u2019utilisateur<\/p>\n<p><strong>Inviolable&nbsp;:<\/strong><br \/>\n\u2013 l\u2019attache ne peut pas \u00eatre retir\u00e9e sans d\u00e9truire la boucle ou endommager les \u00e9tiquettes<\/p>\n<p><strong>Durable&nbsp;:<\/strong><br \/>\n\u2013 la conception m\u00e9canique interne de l\u2019outil&nbsp;V emp\u00eache le blocage et offre une longue dur\u00e9e de vie fiable<\/p>\n<p>Le nouveau <strong>syst\u00e8me de fixation V-Tool d&rsquo;Avery Dennison<\/strong> applique efficacement des <strong>\u00e9tiquettes<\/strong> \u00e0 boucle sans perforer le mat\u00e9riau. Au lieu de cela, le syst\u00e8me poss\u00e8de un applicateur \u00e0 double crochet et porte-\u00e9tiquette qui r\u00e9pond aux besoins de fixation d&rsquo;\u00e9tiquettes de divers articles. <\/p>\n<p>L&rsquo;applicateur \u00e0 crochet des unit\u00e9s s&rsquo;enroule autour des zones s\u00e9lectionn\u00e9es des articles cibl\u00e9s, appliqu\u00e9 pour l&rsquo;<strong>\u00e9tiquetage des ceintures<\/strong>, des <strong>sacs \u00e0 main<\/strong>, des <strong>portefeuilles<\/strong>, des <strong>lunettes de soleil<\/strong>, etc. Les <strong>ficelles V-tool<\/strong> ne peuvent pas \u00eatre retir\u00e9es sans d\u00e9truire la boucle ou endommager les \u00e9tiquettes. <\/p>\n<p>Utilisez le <strong>syst\u00e8me V-TOOL<\/strong> lorsque vous ne voulez pas perforer et endommager les mat\u00e9riaux.<\/p>\n<p>Un carton contient 5&nbsp;000&nbsp;ficelles.<\/p>\n<p><strong>Le prix est par bo\u00eete.<\/strong><\/p>\n<\/div>\n<\/div>\n","protected":false},"excerpt":{"rendered":"<div class=\"shortText\"><b>Cordons pour outil&nbsp;V de 130&nbsp;mm<\/b> \u2013 pour \u00e9tiqueter les produits avec l\u2019outil&nbsp;V. <b>R\u00e9duit les co\u00fbts de main-d\u2019\u0153uvre<\/b>. Utilisez le syst\u00e8me d\u2019outil&nbsp;V lorsque vous ne voulez pas perforer et endommager les mat\u00e9riaux. Le prix est par bo\u00eete de 5&nbsp;000&nbsp;cordons.   <b><br \/>\n<\/b><\/div>\n","protected":false},"featured_media":13489,"template":"","meta":[],"product_cat":[364],"product_tag":[],"_links":{"self":[{"href":"https:\/\/stularplus.com\/fr\/wp-json\/wp\/v2\/product\/13487"}],"collection":[{"href":"https:\/\/stularplus.com\/fr\/wp-json\/wp\/v2\/product"}],"about":[{"href":"https:\/\/stularplus.com\/fr\/wp-json\/wp\/v2\/types\/product"}],"wp:featuredmedia":[{"embeddable":true,"href":"https:\/\/stularplus.com\/fr\/wp-json\/wp\/v2\/media\/13489"}],"wp:attachment":[{"href":"https:\/\/stularplus.com\/fr\/wp-json\/wp\/v2\/media?parent=13487"}],"wp:term":[{"taxonomy":"product_cat","embeddable":true,"href":"https:\/\/stularplus.com\/fr\/wp-json\/wp\/v2\/product_cat?post=13487"},{"taxonomy":"product_tag","embeddable":true,"href":"https:\/\/stularplus.com\/fr\/wp-json\/wp\/v2\/product_tag?post=13487"}],"curies":[{"name":"wp","href":"https:\/\/api.w.org\/{rel}","templated":true}]}}