{"id":13508,"date":"2021-12-05T02:29:25","date_gmt":"2021-12-05T01:29:25","guid":{"rendered":"https:\/\/stularplus.com\/attaches-en-v-de-100-mm\/"},"modified":"2026-01-05T10:10:07","modified_gmt":"2026-01-05T09:10:07","slug":"attaches-en-v-de-100-mm","status":"publish","type":"product","link":"https:\/\/stularplus.com\/fr\/attaches-en-v-de-100-mm\/","title":{"rendered":"Attaches en V de 100 mm"},"content":{"rendered":"<p>L&rsquo;utilisation du <strong>syst\u00e8me de fixation V-TOOL<\/strong> d&rsquo;Avery Dennison est :<\/p>\n<p><strong>Productif :<\/strong><br \/>\n&#8211; r\u00e9duit les co\u00fbts de main-d&rsquo;\u0153uvre<br \/>\n&#8211; l&rsquo;utilisation d&rsquo;une seule main laisse l&rsquo;autre main libre pour saisir et \u00e9tiqueter l&rsquo;article cibl\u00e9<br \/>\n&#8211; \u00e9tiquette 50 articles avec des attaches \u00e0 clip<br \/>\n&#8211; r\u00e9duit la fatigue de l&rsquo;op\u00e9rateur associ\u00e9e aux attaches appliqu\u00e9es \u00e0 la main<br \/>\n&#8211; la conception l\u00e9g\u00e8re et ergonomique de V-TOOL offre un confort \u00e0 l&rsquo;utilisateur<\/p>\n<p><strong>Inviolable :<\/strong><br \/>\n&#8211; l&rsquo;attache ne peut pas \u00eatre retir\u00e9e sans d\u00e9truire la boucle ou endommager les \u00e9tiquettes<\/p>\n<p><strong>Durable :<\/strong><br \/>\n&#8211; la conception m\u00e9canique interne de V-TOOL emp\u00eache le blocage et offre une longue dur\u00e9e de vie fiable<\/p>\n<p>Le nouveau <strong>syst\u00e8me de fixation V-Tool d&rsquo;Avery Dennison<\/strong> applique efficacement des <strong>\u00e9tiquettes<\/strong> \u00e0 boucle sans perforer le mat\u00e9riau. Au lieu de cela, le syst\u00e8me poss\u00e8de un applicateur \u00e0 double crochet et porte-\u00e9tiquette qui r\u00e9pond aux besoins de fixation d&rsquo;\u00e9tiquettes de divers articles. <\/p>\n<p>L&rsquo;applicateur \u00e0 crochet des unit\u00e9s s&rsquo;enroule autour des zones s\u00e9lectionn\u00e9es des articles cibl\u00e9s, appliqu\u00e9 pour l&rsquo;<strong>\u00e9tiquetage des ceintures<\/strong>, des <strong>sacs \u00e0 main<\/strong>, des <strong>portefeuilles<\/strong>, des <strong>lunettes de soleil<\/strong>, etc. Les <strong>ficelles V-tool<\/strong> ne peuvent pas \u00eatre retir\u00e9es sans d\u00e9truire la boucle ou endommager les \u00e9tiquettes. <\/p>\n<p>Utilisez le <strong>syst\u00e8me V-TOOL<\/strong> lorsque vous ne voulez pas perforer et endommager les mat\u00e9riaux.<\/p>\n<p>Un carton contient 5&nbsp;000&nbsp;ficelles.<\/p>\n<p><strong>Le prix est par bo\u00eete (5&nbsp;000&nbsp;pi\u00e8ces)<br \/>\n<\/strong><\/p>\n","protected":false},"excerpt":{"rendered":"<p><b>Ficelles V-Tool de 100&nbsp;mm<\/b> \u2013 pour l&rsquo;\u00e9tiquetage des produits avec V-Tool. <b>R\u00e9duit les co\u00fbts de main-d&rsquo;\u0153uvre<\/b>. Utilisez le syst\u00e8me V-TOOL lorsque vous ne voulez pas perforer et endommager les mat\u00e9riaux. Le prix est par bo\u00eete de 5&nbsp;000&nbsp;ficelles.  <\/p>\n","protected":false},"featured_media":13512,"template":"","meta":[],"product_cat":[364],"product_tag":[],"_links":{"self":[{"href":"https:\/\/stularplus.com\/fr\/wp-json\/wp\/v2\/product\/13508"}],"collection":[{"href":"https:\/\/stularplus.com\/fr\/wp-json\/wp\/v2\/product"}],"about":[{"href":"https:\/\/stularplus.com\/fr\/wp-json\/wp\/v2\/types\/product"}],"wp:featuredmedia":[{"embeddable":true,"href":"https:\/\/stularplus.com\/fr\/wp-json\/wp\/v2\/media\/13512"}],"wp:attachment":[{"href":"https:\/\/stularplus.com\/fr\/wp-json\/wp\/v2\/media?parent=13508"}],"wp:term":[{"taxonomy":"product_cat","embeddable":true,"href":"https:\/\/stularplus.com\/fr\/wp-json\/wp\/v2\/product_cat?post=13508"},{"taxonomy":"product_tag","embeddable":true,"href":"https:\/\/stularplus.com\/fr\/wp-json\/wp\/v2\/product_tag?post=13508"}],"curies":[{"name":"wp","href":"https:\/\/api.w.org\/{rel}","templated":true}]}}