{"id":13535,"date":"2021-12-05T02:29:25","date_gmt":"2021-12-05T01:29:25","guid":{"rendered":"https:\/\/stularplus.com\/attaches-fines-20-mm-pour-tissu-delicat-nettoyage-a-sec-ny\/"},"modified":"2026-01-05T10:10:21","modified_gmt":"2026-01-05T09:10:21","slug":"attaches-fines-20-mm-pour-tissu-delicat-nettoyage-a-sec-ny","status":"publish","type":"product","link":"https:\/\/stularplus.com\/fr\/attaches-fines-20-mm-pour-tissu-delicat-nettoyage-a-sec-ny\/","title":{"rendered":"Attaches fines 20 mm pour tissu d\u00e9licat, nettoyage \u00e0 sec, NY"},"content":{"rendered":"<p>Les <strong>attaches fines Najlon de 20 MM<\/strong> sont con\u00e7ues <strong>pour l&rsquo;\u00e9tiquetage des produits dans lesPressings.<\/strong> Les attaches sont faites de <strong>100 % nylon<\/strong>, ce qui permet une r\u00e9sistance et une durabilit\u00e9 exceptionnelles.<\/p>\n<p>Les attaches sp\u00e9ciales en nylon sont con\u00e7ues pour r\u00e9sister \u00e0 l&rsquo;humidit\u00e9 et aux produits chimiques agressifs pr\u00e9sents dans le processus de nettoyage \u00e0 sec. Les <strong>attaches fines emp\u00eachent les dommages lors de leur retrait<\/strong> et la formation de trous dans les tissus.<\/p>\n<p><strong>Remplacez les agrafes m\u00e9talliques par des attaches fines.<\/strong> \u00c9vitez d&rsquo;endommager les v\u00eatements et de m\u00e9contenter les clients \u00e0 cause des agrafes m\u00e9talliques. Utilisez les attaches en nylon Avery Dennison pour le nettoyage \u00e0 sec ! <\/p>\n<p>&#8211; Ne laissent pas de traces de rouille sur les v\u00eatements, comme c&rsquo;\u00e9tait le cas avec les agrafes m\u00e9talliques.<\/p>\n<p>&#8211; L&rsquo;utilisation de ces attaches assure une s\u00e9curit\u00e9 maximale pour la fixation des \u00e9tiquettes volantes dans les blanchisseries et les pressings.<\/p>\n<p>&#8211; L&rsquo;utilisation du syst\u00e8me \u00ab Dry Cleaning \u00bb pr\u00e9vient les dommages aux v\u00eatements apport\u00e9s au nettoyage et les clients seront encore plus satisfaits de votre service.<\/p>\n<p>&#8211; L&rsquo;utilisation d&rsquo;un pistolet \u00e9tiqueteur fin, dot\u00e9 d&rsquo;une aiguille plus fine (Fine), assure par cons\u00e9quent une perforation minimale du textile, ce qui est bien s\u00fbr une n\u00e9cessit\u00e9.<\/p>\n<p><strong>Les \u00e9clisses sont conditionn\u00e9es en bo\u00eetes de 10 000 pi\u00e8ces.<\/strong><\/p>\n<p>Les \u00e9clisses Avery Dennison Blue Box Standard sont <strong>compatibles avec tous les pistolets d&rsquo;\u00e9tiquetage FINE.<\/strong><\/p>\n<p>Utilisation : <strong>blanchisseries, pressings<\/strong><\/p>\n<p>Pour les types de pistolets d&rsquo;\u00e9tiquetage : <strong>FINE<\/strong><\/p>\n<p>Avery Dennison, MKIII FINE FABRIC PG TOOL (10312)<\/p>\n<p>Couleur de l&rsquo;\u00e9clisse : neutre<\/p>\n<p>Mat\u00e9riau : nylon<\/p>\n<p>Longueur de l&rsquo;attache : 20 mm<\/p>\n<p>R\u00e9sistance max. de l&rsquo;attache : 1,27 kg<\/p>\n<p>Nombre d&rsquo;attaches par chargeur : <strong>100 pi\u00e8ces<\/strong><\/p>\n<p>Conditionnement : min. 10 000 \u00e9clisses \/ bo\u00eete<\/p>\n<p>100 000 \u00e9clisses \/ carton<\/p>\n<p>Poids :<br \/>\n0,04 kg\/mille<\/p>\n","protected":false},"excerpt":{"rendered":"<p><b>Attaches fines NY 20 mm pour le nettoyage \u00e0 sec.<\/b> \u00c9tiquetage et suivi faciles des produits dans les pressings. L&rsquo;alternative id\u00e9ale aux agrafes m\u00e9talliques sont les attaches sp\u00e9ciales qui n&rsquo;endommagent pas le tissu. Le prix s&rsquo;entend par bo\u00eete (10 000 pi\u00e8ces).  <\/p>\n","protected":false},"featured_media":13537,"template":"","meta":[],"product_cat":[393],"product_tag":[],"_links":{"self":[{"href":"https:\/\/stularplus.com\/fr\/wp-json\/wp\/v2\/product\/13535"}],"collection":[{"href":"https:\/\/stularplus.com\/fr\/wp-json\/wp\/v2\/product"}],"about":[{"href":"https:\/\/stularplus.com\/fr\/wp-json\/wp\/v2\/types\/product"}],"wp:featuredmedia":[{"embeddable":true,"href":"https:\/\/stularplus.com\/fr\/wp-json\/wp\/v2\/media\/13537"}],"wp:attachment":[{"href":"https:\/\/stularplus.com\/fr\/wp-json\/wp\/v2\/media?parent=13535"}],"wp:term":[{"taxonomy":"product_cat","embeddable":true,"href":"https:\/\/stularplus.com\/fr\/wp-json\/wp\/v2\/product_cat?post=13535"},{"taxonomy":"product_tag","embeddable":true,"href":"https:\/\/stularplus.com\/fr\/wp-json\/wp\/v2\/product_tag?post=13535"}],"curies":[{"name":"wp","href":"https:\/\/api.w.org\/{rel}","templated":true}]}}