{"id":13545,"date":"2021-12-05T02:29:25","date_gmt":"2021-12-05T01:29:25","guid":{"rendered":"https:\/\/stularplus.com\/attaches-textiles-t-end-plus-ny-en-tissu-fin-de-7-mm\/"},"modified":"2026-01-05T10:10:24","modified_gmt":"2026-01-05T09:10:24","slug":"attaches-textiles-t-end-plus-ny-en-tissu-fin-de-7-mm","status":"publish","type":"product","link":"https:\/\/stularplus.com\/fr\/attaches-textiles-t-end-plus-ny-en-tissu-fin-de-7-mm\/","title":{"rendered":"Attaches textiles T-End PLUS NY en tissu fin de 7 mm"},"content":{"rendered":"<p><strong>Les attaches T-END de 7 MM sont fabriqu\u00e9es \u00e0 100 % en nylon<\/strong>, ce qui offre une r\u00e9sistance et une durabilit\u00e9 exceptionnelles. Les attaches sp\u00e9ciales T-END en nylon sont fabriqu\u00e9es sans palette et sont id\u00e9ales <strong>pour l\u2019\u00e9tiquetage<\/strong> ou <strong>l\u2019emballage des chaussettes<\/strong> et autres produits textiles. <\/p>\n<p>L\u2019utilisation d\u2019un pistolet \u00e9tiqueteur fin, dot\u00e9 d\u2019une aiguille plus fine (Fine), garantit par cons\u00e9quent une perforation minimale dans la chaussette, ce qui est bien s\u00fbr une n\u00e9cessit\u00e9. L\u2019attache T-end permet un \u00e9tiquetage ou un emballage id\u00e9al des chaussettes d\u2019une paire. <\/p>\n<p>Les \u00e9clisses sont conditionn\u00e9es en bo\u00eetes de 10 000 pi\u00e8ces.<\/p>\n<p>Les attaches en T sont moins visibles que les attaches ordinaires. Elles sont utilis\u00e9es pour l\u2019\u00e9tiquetage des produits et l\u2019emballage (p. ex. les chaussettes). Fabriqu\u00e9es en nylon durable, elles assurent une fixation solide. <strong>Les attaches en T assurent un aspect final plus esth\u00e9tique du produit<\/strong>, ce qui est un avantage par rapport aux autres attaches qui ont une extr\u00e9mit\u00e9 en forme de palette.  <\/p>\n<p>Les \u00e9clisses Avery Dennison Blue Box Standard sont <strong>compatibles avec tous les pistolets d&rsquo;\u00e9tiquetage FINE.<\/strong><\/p>\n<p>Utilisation : <strong>emballage de chaussettes<\/strong> (plus fines)<\/p>\n<p>Pour les types de pistolets d&rsquo;\u00e9tiquetage : <strong>FINE<\/strong><\/p>\n<p>Avery Dennison, OUTIL PG POUR TISSUS FINS MKIII (10312)<\/p>\n<p>Couleur de l&rsquo;\u00e9clisse : neutre<\/p>\n<p>Mat\u00e9riau : nylon<\/p>\n<p>Longueur de l\u2019attache&nbsp;: 7 mm<\/p>\n<p>R\u00e9sistance\/durabilit\u00e9 max. de l\u2019attache : 1,58 kg<\/p>\n<p>Nombre d&rsquo;attaches par chargeur : <strong>100 pi\u00e8ces<\/strong><\/p>\n<p>Conditionnement : min. 10 000 \u00e9clisses \/ bo\u00eete<\/p>\n<p>100 000 \u00e9clisses \/ carton<\/p>\n<p>Poids : 0,02 kg\/mille<\/p>\n","protected":false},"excerpt":{"rendered":"<p><b>Attaches fines T-End NY de 7 mm pour l\u2019\u00e9tiquetage des chaussettes.<\/b> La plus haute qualit\u00e9 de nylon garantit r\u00e9sistance et durabilit\u00e9. Le prix est valable pour une bo\u00eete (10&nbsp;000 pi\u00e8ces). <\/p>\n","protected":false},"featured_media":13548,"template":"","meta":[],"product_cat":[395],"product_tag":[],"_links":{"self":[{"href":"https:\/\/stularplus.com\/fr\/wp-json\/wp\/v2\/product\/13545"}],"collection":[{"href":"https:\/\/stularplus.com\/fr\/wp-json\/wp\/v2\/product"}],"about":[{"href":"https:\/\/stularplus.com\/fr\/wp-json\/wp\/v2\/types\/product"}],"wp:featuredmedia":[{"embeddable":true,"href":"https:\/\/stularplus.com\/fr\/wp-json\/wp\/v2\/media\/13548"}],"wp:attachment":[{"href":"https:\/\/stularplus.com\/fr\/wp-json\/wp\/v2\/media?parent=13545"}],"wp:term":[{"taxonomy":"product_cat","embeddable":true,"href":"https:\/\/stularplus.com\/fr\/wp-json\/wp\/v2\/product_cat?post=13545"},{"taxonomy":"product_tag","embeddable":true,"href":"https:\/\/stularplus.com\/fr\/wp-json\/wp\/v2\/product_tag?post=13545"}],"curies":[{"name":"wp","href":"https:\/\/api.w.org\/{rel}","templated":true}]}}