{"id":13599,"date":"2021-12-05T02:29:28","date_gmt":"2021-12-05T01:29:28","guid":{"rendered":"https:\/\/stularplus.com\/attaches-micro-noires-de-44-mm\/"},"modified":"2026-01-05T10:11:24","modified_gmt":"2026-01-05T09:11:24","slug":"attaches-micro-noires-de-44-mm","status":"publish","type":"product","link":"https:\/\/stularplus.com\/fr\/attaches-micro-noires-de-44-mm\/","title":{"rendered":"Attaches Micro Noires de 4,4 mm"},"content":{"rendered":"<p>Choisissez les <strong>micro-attaches en nylon<\/strong>, les plus petites <strong>attaches<\/strong> du march\u00e9.<\/p>\n<p>Une meilleure <strong>alternative au fil<\/strong>, \u00e0 la <strong>colle<\/strong>, aux <strong>agrafes m\u00e9talliques<\/strong> et aux <strong>\u00e9pingles<\/strong>.<br \/>\nGagnez du temps, de la main-d&rsquo;\u0153uvre et de l&rsquo;argent avec les plus petites et les plus polyvalentes <strong>attaches Swiftach<\/strong> <strong>d&rsquo;Avery Dennison<\/strong>.<\/p>\n<p>La fine aiguille offre une <strong>attache \u00e0 extr\u00e9mit\u00e9 en T<\/strong> unique qui fixe les articles fermement et rapidement, tout en \u00e9tant facile \u00e0 retirer.<\/p>\n<p>Id\u00e9al pour <strong>l&#8217;emballage de chemises<\/strong> et de chaussettes habill\u00e9es&nbsp;; <strong>l&rsquo;\u00e9tiquetage de la lingerie<\/strong>, des <strong>maillots de bain<\/strong> et autres tissages tr\u00e8s \u00e9lastiques ou serr\u00e9s&nbsp;; et pour l&#8217;emballage de produits souples.<br \/>\nUn carton contient 10&nbsp;000&nbsp;micro-attaches.<br \/>\nPoids&nbsp;: 0,01&nbsp;kg\/mille<\/p>\n","protected":false},"excerpt":{"rendered":"<p>Attaches <strong>Micro Nylon Noires 4,4 mm<\/strong> ORIGINALES Avery Dennison &#8211; alternative aux \u00e9pingles m\u00e9talliques&nbsp;; pour emballer les chemises et les mati\u00e8res d\u00e9licates. Le prix est par bo\u00eete de 10&nbsp;000&nbsp;micro-attaches (prix par millier de 2,62 \u00e0 3,75&nbsp;EUR).<\/p>\n","protected":false},"featured_media":13605,"template":"","meta":[],"product_cat":[312],"product_tag":[],"_links":{"self":[{"href":"https:\/\/stularplus.com\/fr\/wp-json\/wp\/v2\/product\/13599"}],"collection":[{"href":"https:\/\/stularplus.com\/fr\/wp-json\/wp\/v2\/product"}],"about":[{"href":"https:\/\/stularplus.com\/fr\/wp-json\/wp\/v2\/types\/product"}],"wp:featuredmedia":[{"embeddable":true,"href":"https:\/\/stularplus.com\/fr\/wp-json\/wp\/v2\/media\/13605"}],"wp:attachment":[{"href":"https:\/\/stularplus.com\/fr\/wp-json\/wp\/v2\/media?parent=13599"}],"wp:term":[{"taxonomy":"product_cat","embeddable":true,"href":"https:\/\/stularplus.com\/fr\/wp-json\/wp\/v2\/product_cat?post=13599"},{"taxonomy":"product_tag","embeddable":true,"href":"https:\/\/stularplus.com\/fr\/wp-json\/wp\/v2\/product_tag?post=13599"}],"curies":[{"name":"wp","href":"https:\/\/api.w.org\/{rel}","templated":true}]}}