{"id":13617,"date":"2021-12-05T02:29:28","date_gmt":"2021-12-05T01:29:28","guid":{"rendered":"https:\/\/stularplus.com\/t-end-extra-robuste-de-34-mm\/"},"modified":"2026-01-05T10:11:27","modified_gmt":"2026-01-05T09:11:27","slug":"t-end-extra-robuste-de-34-mm","status":"publish","type":"product","link":"https:\/\/stularplus.com\/fr\/t-end-extra-robuste-de-34-mm\/","title":{"rendered":"T-END extra robuste de 34 mm"},"content":{"rendered":"<p>Le <strong>syst\u00e8me T-End extra robuste<\/strong> est con\u00e7u pour simplifier le montage de chaussures en cours de fabrication et pour l&#8217;emballage.<\/p>\n<p><strong>Avery Dennison<\/strong> propose une large s\u00e9lection d&rsquo;attaches \u00e0 haute r\u00e9sistance \u00e0 la traction \u00e0 utiliser avec des \u0153illets de grande ou de petite taille. Ces attaches sont \u00e9galement une alternative rapide, s\u00e8che et inodore aux colles et adh\u00e9sifs &#8211; <strong>commencez \u00e0 gagner du temps<\/strong> et de l&rsquo;<strong>argent<\/strong> avec <strong>Mattress Fastening System.<\/strong> <\/p>\n<p>Il \u00e9limine les pulv\u00e9risations salissantes, les colles thermofusibles et les adh\u00e9sifs \u00e0 base d&rsquo;eau en un seul clic.<\/p>\n<p>Poids : 0,72 kg\/pi\u00e8ce<\/p>\n","protected":false},"excerpt":{"rendered":"<p>Attaches d&rsquo;origine Avery Dennison <b>Extra Heavy Duty T-end Fasteners<\/b> 34 mm NY (Nylon). La bo\u00eete contient 3&nbsp;000&nbsp;attaches. Alternative parfaite aux sprays salissants, aux colles thermofusibles et aux adh\u00e9sifs \u00e0 base d&rsquo;eau. LA BO\u00ceTE CONTIENT 3&nbsp;000&nbsp;PI\u00c8CES.   <\/p>\n","protected":false},"featured_media":13620,"template":"","meta":[],"product_cat":[309],"product_tag":[],"_links":{"self":[{"href":"https:\/\/stularplus.com\/fr\/wp-json\/wp\/v2\/product\/13617"}],"collection":[{"href":"https:\/\/stularplus.com\/fr\/wp-json\/wp\/v2\/product"}],"about":[{"href":"https:\/\/stularplus.com\/fr\/wp-json\/wp\/v2\/types\/product"}],"wp:featuredmedia":[{"embeddable":true,"href":"https:\/\/stularplus.com\/fr\/wp-json\/wp\/v2\/media\/13620"}],"wp:attachment":[{"href":"https:\/\/stularplus.com\/fr\/wp-json\/wp\/v2\/media?parent=13617"}],"wp:term":[{"taxonomy":"product_cat","embeddable":true,"href":"https:\/\/stularplus.com\/fr\/wp-json\/wp\/v2\/product_cat?post=13617"},{"taxonomy":"product_tag","embeddable":true,"href":"https:\/\/stularplus.com\/fr\/wp-json\/wp\/v2\/product_tag?post=13617"}],"curies":[{"name":"wp","href":"https:\/\/api.w.org\/{rel}","templated":true}]}}