{"id":13659,"date":"2021-12-05T02:29:33","date_gmt":"2021-12-05T01:29:33","guid":{"rendered":"https:\/\/stularplus.com\/attache-barillet-facile-s-tach-de-75-mm\/"},"modified":"2026-01-05T10:14:28","modified_gmt":"2026-01-05T09:14:28","slug":"attache-barillet-facile-s-tach-de-75-mm","status":"publish","type":"product","link":"https:\/\/stularplus.com\/fr\/attache-barillet-facile-s-tach-de-75-mm\/","title":{"rendered":"Attache barillet facile S-Tach de 75 mm"},"content":{"rendered":"<p>Une <strong>solution \u00e9conomique<\/strong> pour l&rsquo;<strong>\u00e9tiquetage des produits durs<\/strong>, ou le groupage rapide et s\u00fbr. <strong>Aucune aiguille n&rsquo;est n\u00e9cessaire.<\/strong><\/p>\n<p>Parfait pour \u00e9tiqueter les chaussures, les lunettes, les ceintures, les v\u00e9los, etc. Rapide, \u00e9conomique et s\u00fbr, l&rsquo;op\u00e9rateur ins\u00e8re simplement l&rsquo;extr\u00e9mit\u00e9 de l&rsquo;attache dans la t\u00eate pour un verrouillage s\u00e9curis\u00e9, sans outils ni aiguilles. Une bo\u00eete contient 5 000 attaches.  <\/p>\n<p>Les <strong>attaches Secur-a-tach<\/strong> sont rapides, \u00e9conomiques et s\u00fbres, ce qui en fait la <strong>solution id\u00e9ale pour \u00e9tiqueter les produits durs<\/strong>. La technologie d&rsquo;\u00e9tirement exclusive d&rsquo;Avery Dennison produit des attaches plus solides et plus flexibles avec une r\u00e9sistance \u00e0 la traction moyenne de 3,6 kg. <\/p>\n<p><strong>Le prix est par bo\u00eete de 5&nbsp;000&nbsp;pi\u00e8ces.<\/strong><\/p>\n","protected":false},"excerpt":{"rendered":"<p><b>ATTACHE BARILLET FACILE S-TACH<\/b> de 75 mm. Parfait pour \u00e9tiqueter les chaussures, les produits durs, le plastique, le m\u00e9tal, le cuir, les sacs \u00e0 main, les lunettes, les ceintures, les v\u00e9los, etc. Avec S-Tach, vous n&rsquo;endommagez pas les produits.  <\/p>\n<p>Le prix est par bo\u00eete de 5&nbsp;000&nbsp;pi\u00e8ces.<\/p>\n","protected":false},"featured_media":13660,"template":"","meta":[],"product_cat":[397],"product_tag":[],"_links":{"self":[{"href":"https:\/\/stularplus.com\/fr\/wp-json\/wp\/v2\/product\/13659"}],"collection":[{"href":"https:\/\/stularplus.com\/fr\/wp-json\/wp\/v2\/product"}],"about":[{"href":"https:\/\/stularplus.com\/fr\/wp-json\/wp\/v2\/types\/product"}],"wp:featuredmedia":[{"embeddable":true,"href":"https:\/\/stularplus.com\/fr\/wp-json\/wp\/v2\/media\/13660"}],"wp:attachment":[{"href":"https:\/\/stularplus.com\/fr\/wp-json\/wp\/v2\/media?parent=13659"}],"wp:term":[{"taxonomy":"product_cat","embeddable":true,"href":"https:\/\/stularplus.com\/fr\/wp-json\/wp\/v2\/product_cat?post=13659"},{"taxonomy":"product_tag","embeddable":true,"href":"https:\/\/stularplus.com\/fr\/wp-json\/wp\/v2\/product_tag?post=13659"}],"curies":[{"name":"wp","href":"https:\/\/api.w.org\/{rel}","templated":true}]}}