{"id":13677,"date":"2021-12-05T02:29:33","date_gmt":"2021-12-05T01:29:33","guid":{"rendered":"https:\/\/stularplus.com\/attache-pour-viande-verte-15-mm\/"},"modified":"2026-01-05T10:14:34","modified_gmt":"2026-01-05T09:14:34","slug":"attache-pour-viande-verte-15-mm","status":"publish","type":"product","link":"https:\/\/stularplus.com\/fr\/attache-pour-viande-verte-15-mm\/","title":{"rendered":"Attache pour viande verte 15 mm"},"content":{"rendered":"<p>Con\u00e7u pour une utilisation intensive, comme les applications d&rsquo;<strong>\u00e9tiquetage de la viande<\/strong>. Les <strong>attaches \u00e0 double palette<\/strong> extra-r\u00e9sistantes offrent une prise ferme pour un retrait facile et complet. <strong>Approuv\u00e9 par la FDA<\/strong> et fabriqu\u00e9 avec des mat\u00e9riaux certifi\u00e9s de qualit\u00e9 alimentaire. <\/p>\n<p>Ces <strong>attaches pour viande<\/strong> uniques ont \u00e9t\u00e9 repens\u00e9es pour \u00eatre meilleures que jamais.<\/p>\n<p>Principales caract\u00e9ristiques et avantages :<\/p>\n<p>&#8211; la double palette facilite la prise en main pour le retrait de l&rsquo;attache en une seule pi\u00e8ce<br \/>\n&#8211; le fait de doubler la quantit\u00e9 d&rsquo;attaches par clip \u00e0 50 permet une plus grande productivit\u00e9<br \/>\n&#8211; Le mat\u00e9riau en nylon 6\/6 ne contient pas de caprolactame (un irritant toxique).<br \/>\n&#8211; Les attaches ont une r\u00e9sistance \u00e0 la traction sup\u00e9rieure de 25 %.<\/p>\n<p>Pour appliquer les <strong>attaches TagFast<\/strong>, utilisez uniquement l&rsquo;<strong>outil d&rsquo;\u00e9tiquetage de la viande<\/strong> Avery Dennison.<\/p>\n<p><strong>Pour plus d&rsquo;informations et des \u00e9chantillons gratuits, veuillez nous contacter.<\/strong><\/p>\n<p>Poids : 0,24 kg\/th<\/p>\n","protected":false},"excerpt":{"rendered":"<p>Attaches pour viande vertes de 15 mm pour l&rsquo;<b>\u00e9tiquetage de la viande<\/b>. AVERY DENNISON ORIGINAL. Approuv\u00e9 par la FDA et fabriqu\u00e9 avec des mat\u00e9riaux certifi\u00e9s de qualit\u00e9 alimentaire.   <strong>Le prix est par sac de 1 000 attaches.<\/strong><\/p>\n","protected":false},"featured_media":13682,"template":"","meta":[],"product_cat":[318],"product_tag":[],"_links":{"self":[{"href":"https:\/\/stularplus.com\/fr\/wp-json\/wp\/v2\/product\/13677"}],"collection":[{"href":"https:\/\/stularplus.com\/fr\/wp-json\/wp\/v2\/product"}],"about":[{"href":"https:\/\/stularplus.com\/fr\/wp-json\/wp\/v2\/types\/product"}],"wp:featuredmedia":[{"embeddable":true,"href":"https:\/\/stularplus.com\/fr\/wp-json\/wp\/v2\/media\/13682"}],"wp:attachment":[{"href":"https:\/\/stularplus.com\/fr\/wp-json\/wp\/v2\/media?parent=13677"}],"wp:term":[{"taxonomy":"product_cat","embeddable":true,"href":"https:\/\/stularplus.com\/fr\/wp-json\/wp\/v2\/product_cat?post=13677"},{"taxonomy":"product_tag","embeddable":true,"href":"https:\/\/stularplus.com\/fr\/wp-json\/wp\/v2\/product_tag?post=13677"}],"curies":[{"name":"wp","href":"https:\/\/api.w.org\/{rel}","templated":true}]}}