{"id":13734,"date":"2021-12-05T02:29:36","date_gmt":"2021-12-05T01:29:36","guid":{"rendered":"https:\/\/stularplus.com\/attache-barillet-s-tach-easy-tag-de-225-mm\/"},"modified":"2026-01-05T10:16:02","modified_gmt":"2026-01-05T09:16:02","slug":"attache-barillet-s-tach-easy-tag-de-225-mm","status":"publish","type":"product","link":"https:\/\/stularplus.com\/fr\/attache-barillet-s-tach-easy-tag-de-225-mm\/","title":{"rendered":"Attache barillet S-Tach Easy Tag de 225 mm"},"content":{"rendered":"<div class=\"elementor-element elementor-element-219ff3a elementor-widget elementor-widget-woocommerce-product-content\" data-id=\"219ff3a\" data-element_type=\"widget\" data-widget_type=\"woocommerce-product-content.default\">\n<div class=\"elementor-widget-container\">\n<p>Une <strong>solution \u00e9conomique<\/strong> pour l&rsquo;<strong>\u00e9tiquetage des produits durs<\/strong>, ou le groupage rapide et s\u00fbr. <strong>Aucune aiguille n&rsquo;est n\u00e9cessaire.<\/strong><\/p>\n<p>Parfait pour \u00e9tiqueter les chaussures, les lunettes, les ceintures, les v\u00e9los, etc. Rapide, \u00e9conomique et s\u00fbr, l&rsquo;op\u00e9rateur ins\u00e8re simplement l&rsquo;extr\u00e9mit\u00e9 de la fixation dans la t\u00eate pour un verrouillage s\u00fbr, \u00e9tiquetant sans outils ni aiguilles. Un sac contient 5&nbsp;000&nbsp;attaches.  <\/p>\n<p>Les <strong>attaches Secur-a-tach<\/strong> sont rapides, \u00e9conomiques et s\u00fbres, ce qui en fait la <strong>solution id\u00e9ale pour l&rsquo;\u00e9tiquetage<\/strong> des produits durs. La technologie d&rsquo;\u00e9tirement exclusive d&rsquo;Avery Dennison produit des attaches plus solides et plus flexibles avec une r\u00e9sistance \u00e0 la traction moyenne de 3,6 kg. <\/p>\n<p>Le prix est par bo\u00eete de 5&nbsp;000&nbsp;pi\u00e8ces.<\/p>\n<\/div>\n<\/div>\n","protected":false},"excerpt":{"rendered":"<p><b>ATTACHE BARILLET S-TACH EASY TAG<\/b> de 225 mm. Parfait pour \u00e9tiqueter les chaussures, les produits durs, le plastique, le m\u00e9tal, le cuir, les sacs \u00e0 main, les lunettes, les ceintures, les v\u00e9los, etc. Avec S-Tach, vous n&rsquo;endommagez pas les produits.  <\/p>\n<p>Le prix est par bo\u00eete de 5&nbsp;000&nbsp;pi\u00e8ces.<\/p>\n","protected":false},"featured_media":13735,"template":"","meta":[],"product_cat":[397],"product_tag":[],"_links":{"self":[{"href":"https:\/\/stularplus.com\/fr\/wp-json\/wp\/v2\/product\/13734"}],"collection":[{"href":"https:\/\/stularplus.com\/fr\/wp-json\/wp\/v2\/product"}],"about":[{"href":"https:\/\/stularplus.com\/fr\/wp-json\/wp\/v2\/types\/product"}],"wp:featuredmedia":[{"embeddable":true,"href":"https:\/\/stularplus.com\/fr\/wp-json\/wp\/v2\/media\/13735"}],"wp:attachment":[{"href":"https:\/\/stularplus.com\/fr\/wp-json\/wp\/v2\/media?parent=13734"}],"wp:term":[{"taxonomy":"product_cat","embeddable":true,"href":"https:\/\/stularplus.com\/fr\/wp-json\/wp\/v2\/product_cat?post=13734"},{"taxonomy":"product_tag","embeddable":true,"href":"https:\/\/stularplus.com\/fr\/wp-json\/wp\/v2\/product_tag?post=13734"}],"curies":[{"name":"wp","href":"https:\/\/api.w.org\/{rel}","templated":true}]}}