{"id":13777,"date":"2021-12-05T02:29:41","date_gmt":"2021-12-05T01:29:41","guid":{"rendered":"https:\/\/stularplus.com\/etiquettes-blanches-une-ligne-26x12-mm\/"},"modified":"2026-01-05T10:17:06","modified_gmt":"2026-01-05T09:17:06","slug":"etiquettes-blanches-une-ligne-26x12-mm","status":"publish","type":"product","link":"https:\/\/stularplus.com\/fr\/etiquettes-blanches-une-ligne-26x12-mm\/","title":{"rendered":"\u00c9TIQUETTES blanches une ligne 26&#215;12 mm"},"content":{"rendered":"<p>Ces <strong>\u00e9tiquettes<\/strong> de haute qualit\u00e9 sont fabriqu\u00e9es en Italie. <strong>\u00c9tiquettes<\/strong> pour <strong>pistolet \u00e0 prix une ligne CAS1\/8<\/strong>. Les \u00e9tiquettes sont couramment utilis\u00e9es pour l&rsquo;\u00e9tiquetage des prix, les d\u00e9marques, le r\u00e9\u00e9tiquetage, le codage des dates et le contr\u00f4le qualit\u00e9. <\/p>\n<p>Rouleau contenant : 1 000 \u00e9tiquettes<br \/>\nDimension : 26&#215;12 mm<br \/>\nCouleur : blanc<\/p>\n<p><strong>Profitez des avantages des remises sur quantit\u00e9 !<\/strong><\/p>\n","protected":false},"excerpt":{"rendered":"<p><b>\u00c9tiquettes blanches<\/b> 26&#215;12 mm, permanentes, pour pistolets \u00e0 prix une ligne. \u00c9tiquettes de haute qualit\u00e9 fabriqu\u00e9es en Italie. Les <b>\u00e9tiquettes<\/b> sont con\u00e7ues pour les pistolets \u00e0 prix une ligne. Prix pour un rouleau (1 000 \u00e9tiquettes).  <\/p>\n","protected":false},"featured_media":13778,"template":"","meta":[],"product_cat":[323],"product_tag":[],"_links":{"self":[{"href":"https:\/\/stularplus.com\/fr\/wp-json\/wp\/v2\/product\/13777"}],"collection":[{"href":"https:\/\/stularplus.com\/fr\/wp-json\/wp\/v2\/product"}],"about":[{"href":"https:\/\/stularplus.com\/fr\/wp-json\/wp\/v2\/types\/product"}],"wp:featuredmedia":[{"embeddable":true,"href":"https:\/\/stularplus.com\/fr\/wp-json\/wp\/v2\/media\/13778"}],"wp:attachment":[{"href":"https:\/\/stularplus.com\/fr\/wp-json\/wp\/v2\/media?parent=13777"}],"wp:term":[{"taxonomy":"product_cat","embeddable":true,"href":"https:\/\/stularplus.com\/fr\/wp-json\/wp\/v2\/product_cat?post=13777"},{"taxonomy":"product_tag","embeddable":true,"href":"https:\/\/stularplus.com\/fr\/wp-json\/wp\/v2\/product_tag?post=13777"}],"curies":[{"name":"wp","href":"https:\/\/api.w.org\/{rel}","templated":true}]}}