{"id":13801,"date":"2021-12-05T02:29:41","date_gmt":"2021-12-05T01:29:41","guid":{"rendered":"https:\/\/stularplus.com\/etiqueteuse-manuelle-double-ligne-108-chiffres-premium\/"},"modified":"2026-01-05T10:17:16","modified_gmt":"2026-01-05T09:17:16","slug":"etiqueteuse-manuelle-double-ligne-108-chiffres-premium","status":"publish","type":"product","link":"https:\/\/stularplus.com\/fr\/etiqueteuse-manuelle-double-ligne-108-chiffres-premium\/","title":{"rendered":"\u00c9TIQUETEUSE MANUELLE DOUBLE LIGNE &#8211; 10+8 chiffres Premium"},"content":{"rendered":"<p><strong>\u00c9tiqueteuse manuelle Avery Dennison HL2\/18<\/strong><\/p>\n<p>Le <strong>pistolet \u00e0 \u00e9tiqueter<\/strong> CAS2\/18 offre une conception ergonomique et l\u00e9g\u00e8re combin\u00e9e \u00e0 la durabilit\u00e9 des plastiques r\u00e9sistants aux chocs. Nos <strong>\u00e9tiqueteuses<\/strong> <strong>manuelles<\/strong> sont couramment utilis\u00e9es pour l&rsquo;<strong>\u00e9tiquetage des prix<\/strong>, les d\u00e9marques, le r\u00e9\u00e9tiquetage, le <strong>codage de la date<\/strong> et le contr\u00f4le qualit\u00e9. <\/p>\n<p>Ligne sup\u00e9rieure : chiffres<br \/>\nLigne inf\u00e9rieure : chiffres<\/p>\n<p>* Pistolet d&rsquo;\u00e9tiquetage \u00e0 2 lignes &#8211; Date &#8211; Codage<br \/>\n* 10 chiffres sur la ligne sup\u00e9rieure<br \/>\n* 8 chiffres sur la ligne inf\u00e9rieure<br \/>\n* Utilisations courantes&nbsp;: date, codage et prix sur des lignes s\u00e9par\u00e9es<br \/>\n* La ligne sup\u00e9rieure avec 10&nbsp;bandes signifie que ce pistolet affichera un prix de 1&nbsp;\u20ac \u00e0 999&nbsp;999,99&nbsp;\u20ac.<br \/>\n* La ligne inf\u00e9rieure avec 8&nbsp;bandes signifie que ce pistolet affichera un prix de 1&nbsp;\u20ac \u00e0 9&nbsp;999,99&nbsp;\u20ac<br \/>\n* Outre une s\u00e9rie de chiffres, l&rsquo;<strong>\u00e9tiqueteuse manuelle<\/strong> propose les symboles suivants&nbsp;: \u20ac, \u00a3, Kr, %, St, kg, g, Art.<br \/>\n* Utilise des \u00e9tiquettes de prix rectangulaires de 26&nbsp;mm x 16&nbsp;mm<br \/>\n* 1&nbsp;rouleau de 1&nbsp;000&nbsp;\u00e9tiquettes vierges inclus<\/p>\n<p><strong>Caract\u00e9ristiques&nbsp;:<\/strong><\/p>\n<p><strong>Simplicit\u00e9<\/strong><\/p>\n<p>L&rsquo;\u00e9tiqueteuse manuelle Avery Dennison CAS2\/18 est tr\u00e8s facile \u00e0 utiliser. Il suffit de charger vos \u00e9tiquettes, de composer le prix du produit et de commencer \u00e0 cliquer et \u00e0 coller. <\/p>\n<p><strong>Portabilit\u00e9<\/strong><\/p>\n<p>Le pistolet \u00e0 \u00e9tiqueter Avery Dennison CAS2\/18 est tr\u00e8s l\u00e9ger car il ne p\u00e8se que 0,36 kg lorsqu&rsquo;il est compl\u00e8tement charg\u00e9. Gr\u00e2ce \u00e0 sa conception compacte, il peut \u00eatre librement transf\u00e9r\u00e9 par votre magasin et facilement utilis\u00e9 dans tout votre magasin. <\/p>\n<p><strong>Polyvalence<\/strong><\/p>\n<p><span id=\"result_box\" lang=\"en\">L&rsquo;<span class=\"hps\">\u00e9tiqueteuse manuelle<\/span> <span class=\"hps\">Avery<\/span> <span class=\"hps\">Dennison<\/span> CAS2\/18 <span class=\"hps\">est plus qu&rsquo;un simple<\/span> <span class=\"hps\">marqueur<\/span> de <span class=\"hps\">prix<\/span>. <span class=\"hps\">Vous pouvez l&rsquo;utiliser<\/span> <span class=\"hps\">\u00e0 diff\u00e9rentes fins<\/span>, <span class=\"hps\">action<\/span> rapide <span class=\"hps\">sur<\/span> les <span class=\"hps\">rayons<\/span> de <span class=\"hps\">vente au d\u00e9tail<\/span> <span class=\"hps\">comme<\/span> des <span class=\"hps\">prix plus bas<\/span>, des prix de vente, par exemple.<\/span><\/p>\n<p><strong>Vari\u00e9t\u00e9<\/strong><\/p>\n<p>Vous pouvez <span id=\"result_box\" lang=\"en\"><span class=\"hps\">choisir parmi<\/span> <span class=\"hps\">notre<\/span> <span class=\"hps\">large s\u00e9lection d&rsquo;<\/span> <span class=\"hps\">\u00e9tiquettes.<\/span> <span class=\"hps\">Diff\u00e9rentes couleurs<\/span>, <span class=\"hps\">diff\u00e9rentes utilisations<\/span>, <span class=\"hps\">\u00e9tiquettes amovibles<\/span> ou non amovibles <span class=\"hps\">o\u00f9<\/span> la <span class=\"hps\">s\u00e9curit\u00e9 est importante<\/span>, par exemple.<\/span><\/p>\n<p><strong>Fiabilit\u00e9<\/strong><\/p>\n<p><span id=\"result_box\" lang=\"en\"><span class=\"hps\">Avery<\/span> <span class=\"hps\">Dennison<\/span> <span class=\"hps\">est une marque qui<\/span> <span class=\"hps\">est pr\u00e9sente<\/span> <span class=\"hps\">sur le march\u00e9<\/span> <span class=\"hps\">mondial depuis<\/span> <span class=\"hps\">1960.<\/span> <span class=\"hps\">Elle est synonyme de<\/span> <span class=\"hps\">qualit\u00e9 et<\/span> <span class=\"hps\">est indispensable<\/span> <span class=\"hps\">dans l&rsquo;industrie.<\/span><\/span><\/p>\n<p>Poids&nbsp;:<br \/>\n0,51 kg\/pi\u00e8ce<\/p>\n","protected":false},"excerpt":{"rendered":"<p><b>\u00c9tiqueteuse manuelle double ligne<\/b> Avery Dennison &#8211; 10+8 chiffres, les deux lignes \u00e9tant des chiffres. Ces <g id=\"gid_1\">\u00e9tiqueteuses manuelles<\/g> sont couramment utilis\u00e9es pour l&rsquo;\u00e9tiquetage des prix, les d\u00e9marques, le r\u00e9\u00e9tiquetage, le codage de la date et le contr\u00f4le qualit\u00e9. Qualit\u00e9 sup\u00e9rieure.  <\/p>\n","protected":false},"featured_media":13806,"template":"","meta":[],"product_cat":[401],"product_tag":[],"_links":{"self":[{"href":"https:\/\/stularplus.com\/fr\/wp-json\/wp\/v2\/product\/13801"}],"collection":[{"href":"https:\/\/stularplus.com\/fr\/wp-json\/wp\/v2\/product"}],"about":[{"href":"https:\/\/stularplus.com\/fr\/wp-json\/wp\/v2\/types\/product"}],"wp:featuredmedia":[{"embeddable":true,"href":"https:\/\/stularplus.com\/fr\/wp-json\/wp\/v2\/media\/13806"}],"wp:attachment":[{"href":"https:\/\/stularplus.com\/fr\/wp-json\/wp\/v2\/media?parent=13801"}],"wp:term":[{"taxonomy":"product_cat","embeddable":true,"href":"https:\/\/stularplus.com\/fr\/wp-json\/wp\/v2\/product_cat?post=13801"},{"taxonomy":"product_tag","embeddable":true,"href":"https:\/\/stularplus.com\/fr\/wp-json\/wp\/v2\/product_tag?post=13801"}],"curies":[{"name":"wp","href":"https:\/\/api.w.org\/{rel}","templated":true}]}}