{"id":13848,"date":"2021-12-05T02:29:51","date_gmt":"2021-12-05T01:29:51","guid":{"rendered":"https:\/\/stularplus.com\/attaches-biodegradables-ecotach-std-40-mm\/"},"modified":"2026-01-05T10:18:15","modified_gmt":"2026-01-05T09:18:15","slug":"attaches-biodegradables-ecotach-std-40-mm","status":"publish","type":"product","link":"https:\/\/stularplus.com\/fr\/attaches-biodegradables-ecotach-std-40-mm\/","title":{"rendered":"Attaches biod\u00e9gradables EcoTach STD 40 MM"},"content":{"rendered":"<p><strong>SOLUTION D&rsquo;\u00c9TIQUETAGE DURABLE POUR V\u00caTEMENTS<\/strong><\/p>\n<p><em>R\u00e9duire les petits d\u00e9chets plastiques est aussi important que r\u00e9duire les gros d\u00e9chets.<\/em><\/p>\n<p>Notre partenaire <strong>Avery Dennison<\/strong> pr\u00e9sente <strong>ECOTACH<\/strong>\u2122. Les <strong>attaches biod\u00e9gradables (bio-PP)<\/strong> r\u00e9pondent aux besoins des d\u00e9taillants, des propri\u00e9taires de marques, des fabricants et des consommateurs soucieux de l&rsquo;environnement qui souhaitent r\u00e9duire leur empreinte environnementale.<\/p>\n<p>Les attaches bio-PP <strong>Ecotach<\/strong>\u2122 sont une innovation unique au monde et contribueront \u00e0 r\u00e9duire la quantit\u00e9 de plastique \u00e0 usage unique qui se retrouve dans l&rsquo;environnement. La nouvelle attache bio-PP est fabriqu\u00e9e \u00e0 partir d&rsquo;un m\u00e9lange exclusif de polypropyl\u00e8ne sp\u00e9cialement con\u00e7u pour se biod\u00e9grader en moins d&rsquo;un an une fois dans le sol, sans laisser de substances nocives. <\/p>\n<p>La technologie utilis\u00e9e ne produit <strong>pas de microplastiques<\/strong>, de sorte que lorsqu&rsquo;une attache se d\u00e9grade, il ne reste que du dioxyde de carbone, de l&rsquo;eau et des microbes (biomasse).<\/p>\n<p><strong>\u00c0 MOTIFS ET CONCERT\u00c9<\/strong><\/p>\n<p>Les attaches <strong>Ecotach biod\u00e9gradables<\/strong> (bio-PP) sont certifi\u00e9es 100 % biod\u00e9gradables et conformes \u00e0 la norme ISO 14021:2016. <\/p>\n<p><em><strong>Nouvelle technologie permettant aux attaches de se d\u00e9composer apr\u00e8s 1 an d&rsquo;exposition au sol.<\/strong><\/em><\/p>\n<p><strong>ATTACHES BIO-PP ECOTACH\u2122<\/strong><\/p>\n<p>\u2022 D\u00e9compos\u00e9es par des bact\u00e9ries naturelles.<\/p>\n<p>\u2022 La nature est capable de se r\u00e9engager avec le produit dans l&rsquo;environnement via les quatre agents de d\u00e9composition de la nature : la lumi\u00e8re, l&rsquo;air, l&rsquo;humidit\u00e9 et les microbes.<\/p>\n<p>\u2022 La technologie utilis\u00e9e ne produit pas de microplastiques. Il ne reste que du dioxyde de carbone, de l&rsquo;eau et des microbes (biomasse). <\/p>\n<p>\u2022 Gr\u00e2ce \u00e0 cette technologie, nous pouvons d\u00e9montrer la biod\u00e9gradation compl\u00e8te des attaches en polypropyl\u00e8ne en un an dans des conditions de sol.<\/p>\n<p>Saviez-vous que 80&nbsp;milliards de v\u00eatements sont fabriqu\u00e9s chaque ann\u00e9e, dont 90&nbsp;% sont dot\u00e9s d&rsquo;une attache en plastique \u00e0 usage unique, ce qui repr\u00e9sente 72&nbsp;milliards d&rsquo;attaches en plastique fabriqu\u00e9es chaque ann\u00e9e pour l&rsquo;industrie du v\u00eatement.<\/p>\n<p><strong>IL EST TEMPS DE SOUTENIR CETTE INNOVATION DANS LE MONDE DE L&rsquo;\u00c9TIQUETAGE.<\/strong><\/p>\n<p>Choisissez la meilleure m\u00e9thode d&rsquo;\u00e9tiquetage durable en utilisant des fixations biod\u00e9gradables et des machines d&rsquo;\u00e9tiquetage Tagson \u00e0 faible consommation d&rsquo;\u00e9nergie&nbsp;!<\/p>\n","protected":false},"excerpt":{"rendered":"<p>Les <b>premi\u00e8res attaches textiles STANDARD 100 % biod\u00e9gradables<\/b> au monde. R\u00e9duisez l&rsquo;impact environnemental en choisissant des attaches biod\u00e9gradables. Le prix est par bo\u00eete de 5&nbsp;000&nbsp;pi\u00e8ces.  <\/p>\n","protected":false},"featured_media":13849,"template":"","meta":[],"product_cat":[291],"product_tag":[],"_links":{"self":[{"href":"https:\/\/stularplus.com\/fr\/wp-json\/wp\/v2\/product\/13848"}],"collection":[{"href":"https:\/\/stularplus.com\/fr\/wp-json\/wp\/v2\/product"}],"about":[{"href":"https:\/\/stularplus.com\/fr\/wp-json\/wp\/v2\/types\/product"}],"wp:featuredmedia":[{"embeddable":true,"href":"https:\/\/stularplus.com\/fr\/wp-json\/wp\/v2\/media\/13849"}],"wp:attachment":[{"href":"https:\/\/stularplus.com\/fr\/wp-json\/wp\/v2\/media?parent=13848"}],"wp:term":[{"taxonomy":"product_cat","embeddable":true,"href":"https:\/\/stularplus.com\/fr\/wp-json\/wp\/v2\/product_cat?post=13848"},{"taxonomy":"product_tag","embeddable":true,"href":"https:\/\/stularplus.com\/fr\/wp-json\/wp\/v2\/product_tag?post=13848"}],"curies":[{"name":"wp","href":"https:\/\/api.w.org\/{rel}","templated":true}]}}