{"id":13891,"date":"2021-12-05T02:29:51","date_gmt":"2021-12-05T01:29:51","guid":{"rendered":"https:\/\/stularplus.com\/applicateur-sato-promo\/"},"modified":"2026-01-05T10:18:35","modified_gmt":"2026-01-05T09:18:35","slug":"applicateur-sato-promo","status":"publish","type":"product","link":"https:\/\/stularplus.com\/fr\/applicateur-sato-promo\/","title":{"rendered":"Applicateur SATO Promo"},"content":{"rendered":"<p>L&rsquo;appareil portatif <strong>SATO SP 33<\/strong> est une excellente solution pour <strong>appliquer \/ \u00e9tiqueter des \u00e9tiquettes de r\u00e9duction<\/strong>, ce qui vous permet d&rsquo;\u00e9tiqueter facilement vos produits. Une excellente solution lorsqu&rsquo;il est n\u00e9cessaire de <strong>marquer rapidement<\/strong> un grand nombre de <strong>marchandises avec des r\u00e9ductions<\/strong>. <\/p>\n<p><strong>Lorsque l&rsquo;\u00e9tiquetage manuel prend trop de temps, il est temps d&rsquo;utiliser l&rsquo;applicateur Sato.<\/strong><\/p>\n<p>Dans de nombreux magasins, certains produits doivent \u00eatre \u00e9tiquet\u00e9s avec des r\u00e9ductions de p\u00e9remption avant la date de p\u00e9remption ou simplement pour promouvoir les ventes. Ainsi, des \u00e9tiquettes de r\u00e9duction sont appos\u00e9es sur les produits alimentaires et non alimentaires. Les remises sur les produits \u00e9tant diff\u00e9rentes, il est n\u00e9cessaire de changer rapidement les \u00e9tiquettes sur l&rsquo;applicateur.  <\/p>\n<p>Ceci est rendu possible gr\u00e2ce \u00e0 des \u00ab\u00a0cartouches d&rsquo;\u00e9tiquettes\u00a0\u00bb suppl\u00e9mentaires qui ont d\u00e9j\u00e0 des \u00e9tiquettes ins\u00e9r\u00e9es, et le changement de cartouches avec le syst\u00e8me \u00ab\u00a0Click &amp; Press\u00a0\u00bb est encore plus rapide.<\/p>\n<p><strong>\u00c9tiquetage rapide et facile des produits avec des r\u00e9ductions.<\/strong><\/p>\n<p><strong>OFFRE D&rsquo;\u00c9TIQUETTES :<\/strong><\/p>\n<p>Nous proposons des bobines avec une bobine de 650 autocollants et diverses r\u00e9ductions. En plus des r\u00e9ductions classiques, nous avons la possibilit\u00e9 d&rsquo;imprimer des \u00e9tiquettes de votre choix. <\/p>\n<p>-10%, -20%, -30%, -40%, -50%, -60%, -70%<\/p>\n<p><strong>Augmentez la productivit\u00e9<\/strong> dans votre entreprise, vos entrep\u00f4ts, votre logistique, etc. avec les applicateurs SATO.<\/p>\n","protected":false},"excerpt":{"rendered":"<p>Applicateur portatif <strong>pour l&rsquo;installation d&rsquo;\u00e9tiquettes de r\u00e9duction de produit<\/strong>. Convient \u00e0 tous les types d&rsquo;articles qui doivent \u00eatre marqu\u00e9s avec une r\u00e9duction quelconque. Une solution rapide et ergonomique augmente la productivit\u00e9 de votre magasin.  <\/p>\n","protected":false},"featured_media":13892,"template":"","meta":[],"product_cat":[342],"product_tag":[],"_links":{"self":[{"href":"https:\/\/stularplus.com\/fr\/wp-json\/wp\/v2\/product\/13891"}],"collection":[{"href":"https:\/\/stularplus.com\/fr\/wp-json\/wp\/v2\/product"}],"about":[{"href":"https:\/\/stularplus.com\/fr\/wp-json\/wp\/v2\/types\/product"}],"wp:featuredmedia":[{"embeddable":true,"href":"https:\/\/stularplus.com\/fr\/wp-json\/wp\/v2\/media\/13892"}],"wp:attachment":[{"href":"https:\/\/stularplus.com\/fr\/wp-json\/wp\/v2\/media?parent=13891"}],"wp:term":[{"taxonomy":"product_cat","embeddable":true,"href":"https:\/\/stularplus.com\/fr\/wp-json\/wp\/v2\/product_cat?post=13891"},{"taxonomy":"product_tag","embeddable":true,"href":"https:\/\/stularplus.com\/fr\/wp-json\/wp\/v2\/product_tag?post=13891"}],"curies":[{"name":"wp","href":"https:\/\/api.w.org\/{rel}","templated":true}]}}