{"id":10078,"date":"2025-10-06T23:25:15","date_gmt":"2025-10-06T21:25:15","guid":{"rendered":"https:\/\/stularplus.com\/consegna\/"},"modified":"2025-10-06T23:25:17","modified_gmt":"2025-10-06T21:25:17","slug":"consegna","status":"publish","type":"page","link":"https:\/\/stularplus.com\/it\/consegna\/","title":{"rendered":"Consegna"},"content":{"rendered":"\t\t<div data-elementor-type=\"wp-page\" data-elementor-id=\"10078\" class=\"elementor elementor-10078 elementor-3540\" data-elementor-post-type=\"page\">\n\t\t\t\t\t\t\t\t\t<section class=\"elementor-section elementor-top-section elementor-element elementor-element-9dd3ab6 elementor-section-boxed elementor-section-height-default elementor-section-height-default\" data-id=\"9dd3ab6\" data-element_type=\"section\">\n\t\t\t\t\t\t<div class=\"elementor-container elementor-column-gap-default\">\n\t\t\t\t\t<div class=\"elementor-column elementor-col-50 elementor-top-column elementor-element elementor-element-6cff4bd\" data-id=\"6cff4bd\" data-element_type=\"column\">\n\t\t\t<div class=\"elementor-widget-wrap elementor-element-populated\">\n\t\t\t\t\t\t\t\t<section class=\"elementor-section elementor-inner-section elementor-element elementor-element-4f29a05 elementor-section-content-middle elementor-section-boxed elementor-section-height-default elementor-section-height-default\" data-id=\"4f29a05\" data-element_type=\"section\" data-settings=\"{&quot;background_background&quot;:&quot;classic&quot;}\">\n\t\t\t\t\t\t<div class=\"elementor-container elementor-column-gap-no\">\n\t\t\t\t\t<div class=\"elementor-column elementor-col-50 elementor-inner-column elementor-element elementor-element-9957388\" data-id=\"9957388\" data-element_type=\"column\">\n\t\t\t<div class=\"elementor-widget-wrap elementor-element-populated\">\n\t\t\t\t\t\t\t\t<div class=\"elementor-element elementor-element-619e657 elementor-widget elementor-widget-image\" data-id=\"619e657\" data-element_type=\"widget\" data-widget_type=\"image.default\">\n\t\t\t\t<div class=\"elementor-widget-container\">\n\t\t\t<style>\/*! elementor - v3.18.0 - 20-12-2023 *\/\n.elementor-widget-image{text-align:center}.elementor-widget-image a{display:inline-block}.elementor-widget-image a img[src$=\".svg\"]{width:48px}.elementor-widget-image img{vertical-align:middle;display:inline-block}<\/style>\t\t\t\t\t\t\t\t\t\t\t\t<img decoding=\"async\" width=\"240\" height=\"150\" src=\"https:\/\/stularplus.com\/wp-content\/uploads\/2021\/12\/menu-avtomatizirano-oznacevanje.jpg\" class=\"attachment-large size-large wp-image-9946\" alt=\"\" srcset=\"https:\/\/stularplus.com\/wp-content\/uploads\/2021\/12\/menu-avtomatizirano-oznacevanje.jpg 240w, https:\/\/stularplus.com\/wp-content\/uploads\/2021\/12\/menu-avtomatizirano-oznacevanje-64x40.jpg 64w\" sizes=\"(max-width: 240px) 100vw, 240px\" title=\"\">\t\t\t\t\t\t\t\t\t\t\t\t\t\t\t<\/div>\n\t\t\t\t<\/div>\n\t\t\t\t\t<\/div>\n\t\t<\/div>\n\t\t\t\t<div class=\"elementor-column elementor-col-50 elementor-inner-column elementor-element elementor-element-93145d4\" data-id=\"93145d4\" data-element_type=\"column\">\n\t\t\t<div class=\"elementor-widget-wrap elementor-element-populated\">\n\t\t\t\t\t\t\t\t<div class=\"elementor-element elementor-element-6a0e84d elementor-align-left elementor-widget elementor-widget-button\" data-id=\"6a0e84d\" data-element_type=\"widget\" data-widget_type=\"button.default\">\n\t\t\t\t<div class=\"elementor-widget-container\">\n\t\t\t\t\t<div class=\"elementor-button-wrapper\">\n\t\t\t<a class=\"elementor-button elementor-button-link elementor-size-sm elementor-animation-skew-forward\" href=\"https:\/\/stular.pappiga.si\/kategorija\/industrijsko-oznacevanje\/\" target=\"_blank\" rel=\"noopener\">\n\t\t\t\t\t\t<span class=\"elementor-button-content-wrapper\">\n\t\t\t\t\t\t<span class=\"elementor-button-text\">Automatizzazione<\/span>\n\t\t<\/span>\n\t\t\t\t\t<\/a>\n\t\t<\/div>\n\t\t\t\t<\/div>\n\t\t\t\t<\/div>\n\t\t\t\t\t<\/div>\n\t\t<\/div>\n\t\t\t\t\t\t\t<\/div>\n\t\t<\/section>\n\t\t\t\t<section class=\"elementor-section elementor-inner-section elementor-element elementor-element-00e69a5 elementor-section-content-middle elementor-section-boxed elementor-section-height-default elementor-section-height-default\" data-id=\"00e69a5\" data-element_type=\"section\" data-settings=\"{&quot;background_background&quot;:&quot;classic&quot;}\">\n\t\t\t\t\t\t<div class=\"elementor-container elementor-column-gap-no\">\n\t\t\t\t\t<div class=\"elementor-column elementor-col-50 elementor-inner-column elementor-element elementor-element-8c8129a\" data-id=\"8c8129a\" data-element_type=\"column\">\n\t\t\t<div class=\"elementor-widget-wrap elementor-element-populated\">\n\t\t\t\t\t\t\t\t<div class=\"elementor-element elementor-element-b69e628 elementor-widget elementor-widget-image\" data-id=\"b69e628\" data-element_type=\"widget\" data-widget_type=\"image.default\">\n\t\t\t\t<div class=\"elementor-widget-container\">\n\t\t\t\t\t\t\t\t\t\t\t\t\t\t\t<img decoding=\"async\" width=\"240\" height=\"150\" src=\"https:\/\/stularplus.com\/wp-content\/uploads\/2021\/12\/menu-fischbein.jpg\" class=\"attachment-large size-large wp-image-9947\" alt=\"\" srcset=\"https:\/\/stularplus.com\/wp-content\/uploads\/2021\/12\/menu-fischbein.jpg 240w, https:\/\/stularplus.com\/wp-content\/uploads\/2021\/12\/menu-fischbein-64x40.jpg 64w\" sizes=\"(max-width: 240px) 100vw, 240px\" title=\"\">\t\t\t\t\t\t\t\t\t\t\t\t\t\t\t<\/div>\n\t\t\t\t<\/div>\n\t\t\t\t\t<\/div>\n\t\t<\/div>\n\t\t\t\t<div class=\"elementor-column elementor-col-50 elementor-inner-column elementor-element elementor-element-1965edc\" data-id=\"1965edc\" data-element_type=\"column\">\n\t\t\t<div class=\"elementor-widget-wrap elementor-element-populated\">\n\t\t\t\t\t\t\t\t<div class=\"elementor-element elementor-element-e4c5ca0 elementor-align-left elementor-widget elementor-widget-button\" data-id=\"e4c5ca0\" data-element_type=\"widget\" data-widget_type=\"button.default\">\n\t\t\t\t<div class=\"elementor-widget-container\">\n\t\t\t\t\t<div class=\"elementor-button-wrapper\">\n\t\t\t<a class=\"elementor-button elementor-button-link elementor-size-sm elementor-animation-skew-forward\" href=\"https:\/\/stular.pappiga.si\/kategorija\/fischbein-stroji-in-sukanci\/\" target=\"_blank\" rel=\"noopener\">\n\t\t\t\t\t\t<span class=\"elementor-button-content-wrapper\">\n\t\t\t\t\t\t<span class=\"elementor-button-text\">Fischbein<\/span>\n\t\t<\/span>\n\t\t\t\t\t<\/a>\n\t\t<\/div>\n\t\t\t\t<\/div>\n\t\t\t\t<\/div>\n\t\t\t\t\t<\/div>\n\t\t<\/div>\n\t\t\t\t\t\t\t<\/div>\n\t\t<\/section>\n\t\t\t\t<section class=\"elementor-section elementor-inner-section elementor-element elementor-element-d2a87bb elementor-section-content-middle elementor-section-boxed elementor-section-height-default elementor-section-height-default\" data-id=\"d2a87bb\" data-element_type=\"section\" data-settings=\"{&quot;background_background&quot;:&quot;classic&quot;}\">\n\t\t\t\t\t\t<div class=\"elementor-container elementor-column-gap-no\">\n\t\t\t\t\t<div class=\"elementor-column elementor-col-50 elementor-inner-column elementor-element elementor-element-e7e84fe\" data-id=\"e7e84fe\" data-element_type=\"column\">\n\t\t\t<div class=\"elementor-widget-wrap elementor-element-populated\">\n\t\t\t\t\t\t\t\t<div class=\"elementor-element elementor-element-7641549 elementor-widget elementor-widget-image\" data-id=\"7641549\" data-element_type=\"widget\" data-widget_type=\"image.default\">\n\t\t\t\t<div class=\"elementor-widget-container\">\n\t\t\t\t\t\t\t\t\t\t\t\t\t\t\t<img decoding=\"async\" width=\"240\" height=\"150\" src=\"https:\/\/stularplus.com\/wp-content\/uploads\/2021\/12\/menu-zeleni-program.jpg\" class=\"attachment-large size-large wp-image-9948\" alt=\"\" srcset=\"https:\/\/stularplus.com\/wp-content\/uploads\/2021\/12\/menu-zeleni-program.jpg 240w, https:\/\/stularplus.com\/wp-content\/uploads\/2021\/12\/menu-zeleni-program-64x40.jpg 64w\" sizes=\"(max-width: 240px) 100vw, 240px\" title=\"\">\t\t\t\t\t\t\t\t\t\t\t\t\t\t\t<\/div>\n\t\t\t\t<\/div>\n\t\t\t\t\t<\/div>\n\t\t<\/div>\n\t\t\t\t<div class=\"elementor-column elementor-col-50 elementor-inner-column elementor-element elementor-element-9ff83b0\" data-id=\"9ff83b0\" data-element_type=\"column\">\n\t\t\t<div class=\"elementor-widget-wrap elementor-element-populated\">\n\t\t\t\t\t\t\t\t<div class=\"elementor-element elementor-element-15ab416 elementor-align-left elementor-widget elementor-widget-button\" data-id=\"15ab416\" data-element_type=\"widget\" data-widget_type=\"button.default\">\n\t\t\t\t<div class=\"elementor-widget-container\">\n\t\t\t\t\t<div class=\"elementor-button-wrapper\">\n\t\t\t<a class=\"elementor-button elementor-button-link elementor-size-sm elementor-animation-skew-forward\" href=\"https:\/\/stular.pappiga.si\/oznaka\/zeleni-program\/\" target=\"_blank\" rel=\"noopener\">\n\t\t\t\t\t\t<span class=\"elementor-button-content-wrapper\">\n\t\t\t\t\t\t<span class=\"elementor-button-text\">Programma verde<\/span>\n\t\t<\/span>\n\t\t\t\t\t<\/a>\n\t\t<\/div>\n\t\t\t\t<\/div>\n\t\t\t\t<\/div>\n\t\t\t\t\t<\/div>\n\t\t<\/div>\n\t\t\t\t\t\t\t<\/div>\n\t\t<\/section>\n\t\t\t\t\t<\/div>\n\t\t<\/div>\n\t\t\t\t<div class=\"elementor-column elementor-col-50 elementor-top-column elementor-element elementor-element-f5c3d75\" data-id=\"f5c3d75\" data-element_type=\"column\">\n\t\t\t<div class=\"elementor-widget-wrap elementor-element-populated\">\n\t\t\t\t\t\t\t\t<div class=\"elementor-element elementor-element-787d369 elementor-widget elementor-widget-heading\" data-id=\"787d369\" data-element_type=\"widget\" data-widget_type=\"heading.default\">\n\t\t\t\t<div class=\"elementor-widget-container\">\n\t\t\t<style>\/*! elementor - v3.18.0 - 20-12-2023 *\/\n.elementor-heading-title{padding:0;margin:0;line-height:1}.elementor-widget-heading .elementor-heading-title[class*=elementor-size-]>a{color:inherit;font-size:inherit;line-height:inherit}.elementor-widget-heading .elementor-heading-title.elementor-size-small{font-size:15px}.elementor-widget-heading .elementor-heading-title.elementor-size-medium{font-size:19px}.elementor-widget-heading .elementor-heading-title.elementor-size-large{font-size:29px}.elementor-widget-heading .elementor-heading-title.elementor-size-xl{font-size:39px}.elementor-widget-heading .elementor-heading-title.elementor-size-xxl{font-size:59px}<\/style><h2 class=\"elementor-heading-title elementor-size-default\">Consegna<\/h2>\t\t<\/div>\n\t\t\t\t<\/div>\n\t\t\t\t<div class=\"elementor-element elementor-element-810969d elementor-widget elementor-widget-heading\" data-id=\"810969d\" data-element_type=\"widget\" data-widget_type=\"heading.default\">\n\t\t\t\t<div class=\"elementor-widget-container\">\n\t\t\t<h1 class=\"elementor-heading-title elementor-size-default\">CONSEGNA E PAGAMENTI<\/h1>\t\t<\/div>\n\t\t\t\t<\/div>\n\t\t\t\t<div class=\"elementor-element elementor-element-b1698e4 elementor-widget elementor-widget-text-editor\" data-id=\"b1698e4\" data-element_type=\"widget\" data-widget_type=\"text-editor.default\">\n\t\t\t\t<div class=\"elementor-widget-container\">\n\t\t\t<style>\/*! elementor - v3.18.0 - 20-12-2023 *\/\n.elementor-widget-text-editor.elementor-drop-cap-view-stacked .elementor-drop-cap{background-color:#69727d;color:#fff}.elementor-widget-text-editor.elementor-drop-cap-view-framed .elementor-drop-cap{color:#69727d;border:3px solid;background-color:transparent}.elementor-widget-text-editor:not(.elementor-drop-cap-view-default) .elementor-drop-cap{margin-top:8px}.elementor-widget-text-editor:not(.elementor-drop-cap-view-default) .elementor-drop-cap-letter{width:1em;height:1em}.elementor-widget-text-editor .elementor-drop-cap{float:left;text-align:center;line-height:1;font-size:50px}.elementor-widget-text-editor .elementor-drop-cap-letter{display:inline-block}<\/style>\t\t\t\t<div>I costi di consegna verranno aggiunti successivamente all&#8217;invio dell&#8217;ordine. Il nostro team ti invier\u00e0 una fattura proforma con i tempi di consegna e i costi di trasporto. <\/div><div> <\/div><div><strong>Quanto tempoRichiesta la consegna?<\/strong><\/div><div> <\/div><div><strong>Paesi UE<\/strong>: l&#8217;evasione degli ordini richiede in genere <strong>3 \u2013 6 giorni lavorativi<\/strong>, ma il tempo di consegna massimo \u00e8 di 10 giorni lavorativi. Se il tuo ordine non \u00e8 arrivato dopo questo periodo, chiama il nostro team di assistenza al numero 00386 59 049 860. <\/div><div> <\/div><div><strong>Altri paesi<\/strong>: potrebbero essere necessarie fino a 2 settimane.<\/div><div> <\/div><div>Spediamo con DPD, FedEX o GLS e, una volta spedito l&#8217;ordine, riceverai un&#8217;e-mail che ti consentir\u00e0 di tracciare online lo stato della tua spedizione.<\/div><div> <\/div><div> <\/div><div><strong>CLIENTI EXTRA UE: <\/strong><\/div><div>\u00c8 importante notare che potresti dover pagare dazi doganali e tasse sugli articoli acquistati e che queste commissioni locali non sono incluse nella fattura Stular plus.<\/div><div> <\/div><div> <\/div><div><strong>Cosa succede se voglio annullare il mio ordine?<\/strong><\/div><div> <\/div><div>Hai il diritto di annullare l&#8217;ordine e ricevere un rimborso completo. Per gli ordini con stato `In elaborazione`, potrebbe essere possibile annullare l&#8217;ordine prima che venga spedito. Contattaci all&#8217;indirizzo narocila@stular.com il prima possibile dopo aver effettuato l&#8217;ordine. Se il tuo ordine \u00e8 gi\u00e0 stato spedito, segui le istruzioni per `Cosa succede se voglio un rimborso?`   <\/div><div> <\/div><div><strong>PAGAMENTO<\/strong><\/div><div> <\/div><div>1. Il metodo di pagamento <strong>100% in anticipo<\/strong> si applica alle consegne al di fuori della Slovenia. Dopo l&#8217;ordine online come utente registrato gratuito, riceverai automaticamente una fattura proforma per il pagamento. <\/div><div> <\/div><div>2. Previo accordo personale, accettiamo anche un deposito del 50%. Il restante 50% \u00e8 dovuto al pi\u00f9 tardi prima che la merce lasci il nostro magazzino. In tali casi, il nostro team di assistenza invier\u00e0 una fattura proforma aggiuntiva.  <\/div><div> <\/div><div>3. Tieni presente che un deposito o un pagamento anticipato deve essere effettuato prima che ordiniamo articoli che non abbiamo in magazzino.<\/div><div>INFORMAZIONI SUI RESI<\/div><div> <\/div><div><strong>Cosa succede se voglio un rimborso?<\/strong><\/div><div> <\/div><div>Innanzitutto, devi chiamare il nostro team di assistenza clienti o inviare un&#8217;e-mail con informazioni sulla restituzione degli articoli. Hai diritto a un rimborso o a un cambio se restituisci l&#8217;articolo in perfette condizioni entro 8 giorni a tue spese. Se non sei soddisfatto del tuo acquisto, ti offriremo un rimborso o un cambio. Se gli articoli vengono restituiti entro 8 giorni in perfette condizioni, ti rimborseremo tramite il metodo di pagamento originale entro 10 giorni dalla ricezione della merce.   <\/div><div> <\/div><div>Si prega di inviare tramite raccomandata e conservare la prova di spedizione.<\/div><div> <\/div><div><strong>Dove posso restituire i miei articoli? <\/strong><\/div><div> <\/div><div>Stular plus d.o.o.<\/div><div>Cankarjeva ulica 10<\/div><div>SI-4000 Kranj<\/div><div>Slovenia<\/div><div> <\/div><div><strong>Cosa devo fare se ho ricevuto un articolo errato?<\/strong><\/div><div> <\/div><div>Innanzitutto, devi chiamare il nostro team di assistenza clienti o inviare un&#8217;e-mail con informazioni sulla restituzione degli articoli. Organizzeremo noi stessi la restituzione degli articoli errati. <\/div><div>Se gli articoli vengono restituiti in perfette condizioni, ti rimborseremo tramite il metodo di pagamento originale entro 10 giorni dalla ricezione della merce. Non ti rimborseremo se gli articoli non saranno in perfette condizioni. <\/div><div> <\/div><div><strong>PREMI SPECIALI<\/strong><\/div><div> <\/div><div>Avery Dennison Fasteners Division sta intraprendendo Stular plus il primo premio assegnato &#8220;Premier Business Parner&#8221; un&#8217;eccellente cooperazione commerciale, un&#8217;attivit\u00e0 commerciale di alta integrit\u00e0, responsabilit\u00e0 finanziaria e un supporto di servizio superiore tra B2C (Business to Customer).<\/div>\t\t\t\t\t\t<\/div>\n\t\t\t\t<\/div>\n\t\t\t\t\t<\/div>\n\t\t<\/div>\n\t\t\t\t\t\t\t<\/div>\n\t\t<\/section>\n\t\t\t\t\t\t\t<\/div>\n\t\t","protected":false},"excerpt":{"rendered":"<p>Automatizzazione Fischbein Programma verde CONSEGNA E PAGAMENTI I costi di consegna verranno aggiunti successivamente all&#8217;invio dell&#8217;ordine. Il nostro team ti invier\u00e0 una fattura proforma con i tempi di consegna e i costi di trasporto. Quanto tempoRichiesta la consegna? Paesi UE: l&#8217;evasione degli ordini richiede in genere 3 \u2013 6 giorni lavorativi, ma il tempo di [&hellip;]<\/p>\n","protected":false},"author":1,"featured_media":0,"parent":0,"menu_order":46,"comment_status":"closed","ping_status":"closed","template":"","meta":{"footnotes":""},"_links":{"self":[{"href":"https:\/\/stularplus.com\/it\/wp-json\/wp\/v2\/pages\/10078"}],"collection":[{"href":"https:\/\/stularplus.com\/it\/wp-json\/wp\/v2\/pages"}],"about":[{"href":"https:\/\/stularplus.com\/it\/wp-json\/wp\/v2\/types\/page"}],"author":[{"embeddable":true,"href":"https:\/\/stularplus.com\/it\/wp-json\/wp\/v2\/users\/1"}],"replies":[{"embeddable":true,"href":"https:\/\/stularplus.com\/it\/wp-json\/wp\/v2\/comments?post=10078"}],"version-history":[{"count":0,"href":"https:\/\/stularplus.com\/it\/wp-json\/wp\/v2\/pages\/10078\/revisions"}],"wp:attachment":[{"href":"https:\/\/stularplus.com\/it\/wp-json\/wp\/v2\/media?parent=10078"}],"curies":[{"name":"wp","href":"https:\/\/api.w.org\/{rel}","templated":true}]}}