{"id":11722,"date":"2025-12-20T10:36:43","date_gmt":"2025-12-20T09:36:43","guid":{"rendered":"https:\/\/stularplus.com\/faq\/"},"modified":"2025-12-20T10:36:56","modified_gmt":"2025-12-20T09:36:56","slug":"faq","status":"publish","type":"page","link":"https:\/\/stularplus.com\/it\/faq\/","title":{"rendered":"FAQ"},"content":{"rendered":"\t\t<div data-elementor-type=\"wp-page\" data-elementor-id=\"11722\" class=\"elementor elementor-11722 elementor-3544\" data-elementor-post-type=\"page\">\n\t\t\t\t\t\t\t\t\t<section class=\"elementor-section elementor-top-section elementor-element elementor-element-c34bf79 elementor-section-boxed elementor-section-height-default elementor-section-height-default\" data-id=\"c34bf79\" data-element_type=\"section\">\n\t\t\t\t\t\t<div class=\"elementor-container elementor-column-gap-default\">\n\t\t\t\t\t<div class=\"elementor-column elementor-col-50 elementor-top-column elementor-element elementor-element-52d0168\" data-id=\"52d0168\" data-element_type=\"column\">\n\t\t\t<div class=\"elementor-widget-wrap elementor-element-populated\">\n\t\t\t\t\t\t\t\t<section class=\"elementor-section elementor-inner-section elementor-element elementor-element-d25281d elementor-section-content-middle elementor-section-boxed elementor-section-height-default elementor-section-height-default\" data-id=\"d25281d\" data-element_type=\"section\" data-settings=\"{&quot;background_background&quot;:&quot;classic&quot;}\">\n\t\t\t\t\t\t<div class=\"elementor-container elementor-column-gap-no\">\n\t\t\t\t\t<div class=\"elementor-column elementor-col-50 elementor-inner-column elementor-element elementor-element-dcb8340\" data-id=\"dcb8340\" data-element_type=\"column\">\n\t\t\t<div class=\"elementor-widget-wrap elementor-element-populated\">\n\t\t\t\t\t\t\t\t<div class=\"elementor-element elementor-element-1c19d82 elementor-widget elementor-widget-image\" data-id=\"1c19d82\" data-element_type=\"widget\" data-widget_type=\"image.default\">\n\t\t\t\t<div class=\"elementor-widget-container\">\n\t\t\t<style>\/*! elementor - v3.18.0 - 20-12-2023 *\/\n.elementor-widget-image{text-align:center}.elementor-widget-image a{display:inline-block}.elementor-widget-image a img[src$=\".svg\"]{width:48px}.elementor-widget-image img{vertical-align:middle;display:inline-block}<\/style>\t\t\t\t\t\t\t\t\t\t\t\t<img decoding=\"async\" width=\"240\" height=\"150\" src=\"https:\/\/stularplus.com\/wp-content\/uploads\/2021\/12\/menu-avtomatizirano-oznacevanje.jpg\" class=\"attachment-large size-large wp-image-9946\" alt=\"\" srcset=\"https:\/\/stularplus.com\/wp-content\/uploads\/2021\/12\/menu-avtomatizirano-oznacevanje.jpg 240w, https:\/\/stularplus.com\/wp-content\/uploads\/2021\/12\/menu-avtomatizirano-oznacevanje-64x40.jpg 64w\" sizes=\"(max-width: 240px) 100vw, 240px\" title=\"\">\t\t\t\t\t\t\t\t\t\t\t\t\t\t\t<\/div>\n\t\t\t\t<\/div>\n\t\t\t\t\t<\/div>\n\t\t<\/div>\n\t\t\t\t<div class=\"elementor-column elementor-col-50 elementor-inner-column elementor-element elementor-element-365995b\" data-id=\"365995b\" data-element_type=\"column\">\n\t\t\t<div class=\"elementor-widget-wrap elementor-element-populated\">\n\t\t\t\t\t\t\t\t<div class=\"elementor-element elementor-element-0e6b1f1 elementor-align-left elementor-widget elementor-widget-button\" data-id=\"0e6b1f1\" data-element_type=\"widget\" data-widget_type=\"button.default\">\n\t\t\t\t<div class=\"elementor-widget-container\">\n\t\t\t\t\t<div class=\"elementor-button-wrapper\">\n\t\t\t<a class=\"elementor-button elementor-button-link elementor-size-sm elementor-animation-skew-forward\" href=\"https:\/\/stular.pappiga.si\/kategorija\/industrijsko-oznacevanje\/\" target=\"_blank\" rel=\"noopener\">\n\t\t\t\t\t\t<span class=\"elementor-button-content-wrapper\">\n\t\t\t\t\t\t<span class=\"elementor-button-text\">Automazione<\/span>\n\t\t<\/span>\n\t\t\t\t\t<\/a>\n\t\t<\/div>\n\t\t\t\t<\/div>\n\t\t\t\t<\/div>\n\t\t\t\t\t<\/div>\n\t\t<\/div>\n\t\t\t\t\t\t\t<\/div>\n\t\t<\/section>\n\t\t\t\t<section class=\"elementor-section elementor-inner-section elementor-element elementor-element-b4bc36f elementor-section-content-middle elementor-section-boxed elementor-section-height-default elementor-section-height-default\" data-id=\"b4bc36f\" data-element_type=\"section\" data-settings=\"{&quot;background_background&quot;:&quot;classic&quot;}\">\n\t\t\t\t\t\t<div class=\"elementor-container elementor-column-gap-no\">\n\t\t\t\t\t<div class=\"elementor-column elementor-col-50 elementor-inner-column elementor-element elementor-element-7349c7d\" data-id=\"7349c7d\" data-element_type=\"column\">\n\t\t\t<div class=\"elementor-widget-wrap elementor-element-populated\">\n\t\t\t\t\t\t\t\t<div class=\"elementor-element elementor-element-929f6aa elementor-widget elementor-widget-image\" data-id=\"929f6aa\" data-element_type=\"widget\" data-widget_type=\"image.default\">\n\t\t\t\t<div class=\"elementor-widget-container\">\n\t\t\t\t\t\t\t\t\t\t\t\t\t\t\t<img decoding=\"async\" width=\"240\" height=\"150\" src=\"https:\/\/stularplus.com\/wp-content\/uploads\/2021\/12\/menu-fischbein.jpg\" class=\"attachment-large size-large wp-image-9947\" alt=\"\" srcset=\"https:\/\/stularplus.com\/wp-content\/uploads\/2021\/12\/menu-fischbein.jpg 240w, https:\/\/stularplus.com\/wp-content\/uploads\/2021\/12\/menu-fischbein-64x40.jpg 64w\" sizes=\"(max-width: 240px) 100vw, 240px\" title=\"\">\t\t\t\t\t\t\t\t\t\t\t\t\t\t\t<\/div>\n\t\t\t\t<\/div>\n\t\t\t\t\t<\/div>\n\t\t<\/div>\n\t\t\t\t<div class=\"elementor-column elementor-col-50 elementor-inner-column elementor-element elementor-element-a1e189b\" data-id=\"a1e189b\" data-element_type=\"column\">\n\t\t\t<div class=\"elementor-widget-wrap elementor-element-populated\">\n\t\t\t\t\t\t\t\t<div class=\"elementor-element elementor-element-28ef275 elementor-align-left elementor-widget elementor-widget-button\" data-id=\"28ef275\" data-element_type=\"widget\" data-widget_type=\"button.default\">\n\t\t\t\t<div class=\"elementor-widget-container\">\n\t\t\t\t\t<div class=\"elementor-button-wrapper\">\n\t\t\t<a class=\"elementor-button elementor-button-link elementor-size-sm elementor-animation-skew-forward\" href=\"https:\/\/stular.pappiga.si\/kategorija\/fischbein-stroji-in-sukanci\/\" target=\"_blank\" rel=\"noopener\">\n\t\t\t\t\t\t<span class=\"elementor-button-content-wrapper\">\n\t\t\t\t\t\t<span class=\"elementor-button-text\">Fischbein<\/span>\n\t\t<\/span>\n\t\t\t\t\t<\/a>\n\t\t<\/div>\n\t\t\t\t<\/div>\n\t\t\t\t<\/div>\n\t\t\t\t\t<\/div>\n\t\t<\/div>\n\t\t\t\t\t\t\t<\/div>\n\t\t<\/section>\n\t\t\t\t<section class=\"elementor-section elementor-inner-section elementor-element elementor-element-27d285c elementor-section-content-middle elementor-section-boxed elementor-section-height-default elementor-section-height-default\" data-id=\"27d285c\" data-element_type=\"section\" data-settings=\"{&quot;background_background&quot;:&quot;classic&quot;}\">\n\t\t\t\t\t\t<div class=\"elementor-container elementor-column-gap-no\">\n\t\t\t\t\t<div class=\"elementor-column elementor-col-50 elementor-inner-column elementor-element elementor-element-3fb0f2c\" data-id=\"3fb0f2c\" data-element_type=\"column\">\n\t\t\t<div class=\"elementor-widget-wrap elementor-element-populated\">\n\t\t\t\t\t\t\t\t<div class=\"elementor-element elementor-element-154cd94 elementor-widget elementor-widget-image\" data-id=\"154cd94\" data-element_type=\"widget\" data-widget_type=\"image.default\">\n\t\t\t\t<div class=\"elementor-widget-container\">\n\t\t\t\t\t\t\t\t\t\t\t\t\t\t\t<img decoding=\"async\" width=\"240\" height=\"150\" src=\"https:\/\/stularplus.com\/wp-content\/uploads\/2021\/12\/menu-zeleni-program.jpg\" class=\"attachment-large size-large wp-image-9948\" alt=\"\" srcset=\"https:\/\/stularplus.com\/wp-content\/uploads\/2021\/12\/menu-zeleni-program.jpg 240w, https:\/\/stularplus.com\/wp-content\/uploads\/2021\/12\/menu-zeleni-program-64x40.jpg 64w\" sizes=\"(max-width: 240px) 100vw, 240px\" title=\"\">\t\t\t\t\t\t\t\t\t\t\t\t\t\t\t<\/div>\n\t\t\t\t<\/div>\n\t\t\t\t\t<\/div>\n\t\t<\/div>\n\t\t\t\t<div class=\"elementor-column elementor-col-50 elementor-inner-column elementor-element elementor-element-562ecf5\" data-id=\"562ecf5\" data-element_type=\"column\">\n\t\t\t<div class=\"elementor-widget-wrap elementor-element-populated\">\n\t\t\t\t\t\t\t\t<div class=\"elementor-element elementor-element-7403e61 elementor-align-left elementor-widget elementor-widget-button\" data-id=\"7403e61\" data-element_type=\"widget\" data-widget_type=\"button.default\">\n\t\t\t\t<div class=\"elementor-widget-container\">\n\t\t\t\t\t<div class=\"elementor-button-wrapper\">\n\t\t\t<a class=\"elementor-button elementor-button-link elementor-size-sm elementor-animation-skew-forward\" href=\"https:\/\/stular.pappiga.si\/oznaka\/zeleni-program\/\" target=\"_blank\" rel=\"noopener\">\n\t\t\t\t\t\t<span class=\"elementor-button-content-wrapper\">\n\t\t\t\t\t\t<span class=\"elementor-button-text\">Programma verde<\/span>\n\t\t<\/span>\n\t\t\t\t\t<\/a>\n\t\t<\/div>\n\t\t\t\t<\/div>\n\t\t\t\t<\/div>\n\t\t\t\t\t<\/div>\n\t\t<\/div>\n\t\t\t\t\t\t\t<\/div>\n\t\t<\/section>\n\t\t\t\t\t<\/div>\n\t\t<\/div>\n\t\t\t\t<div class=\"elementor-column elementor-col-50 elementor-top-column elementor-element elementor-element-b81cbbf\" data-id=\"b81cbbf\" data-element_type=\"column\">\n\t\t\t<div class=\"elementor-widget-wrap elementor-element-populated\">\n\t\t\t\t\t\t\t\t<div class=\"elementor-element elementor-element-7abffbb elementor-widget elementor-widget-heading\" data-id=\"7abffbb\" data-element_type=\"widget\" data-widget_type=\"heading.default\">\n\t\t\t\t<div class=\"elementor-widget-container\">\n\t\t\t<style>\/*! elementor - v3.18.0 - 20-12-2023 *\/\n.elementor-heading-title{padding:0;margin:0;line-height:1}.elementor-widget-heading .elementor-heading-title[class*=elementor-size-]>a{color:inherit;font-size:inherit;line-height:inherit}.elementor-widget-heading .elementor-heading-title.elementor-size-small{font-size:15px}.elementor-widget-heading .elementor-heading-title.elementor-size-medium{font-size:19px}.elementor-widget-heading .elementor-heading-title.elementor-size-large{font-size:29px}.elementor-widget-heading .elementor-heading-title.elementor-size-xl{font-size:39px}.elementor-widget-heading .elementor-heading-title.elementor-size-xxl{font-size:59px}<\/style><h5 class=\"elementor-heading-title elementor-size-default\">FAQ<\/h5>\t\t<\/div>\n\t\t\t\t<\/div>\n\t\t\t\t<div class=\"elementor-element elementor-element-292da8c elementor-widget elementor-widget-heading\" data-id=\"292da8c\" data-element_type=\"widget\" data-widget_type=\"heading.default\">\n\t\t\t\t<div class=\"elementor-widget-container\">\n\t\t\t<h2 class=\"elementor-heading-title elementor-size-default\">FAQ<\/h2>\t\t<\/div>\n\t\t\t\t<\/div>\n\t\t\t\t<div class=\"elementor-element elementor-element-2d3bbfb elementor-widget elementor-widget-text-editor\" data-id=\"2d3bbfb\" data-element_type=\"widget\" data-widget_type=\"text-editor.default\">\n\t\t\t\t<div class=\"elementor-widget-container\">\n\t\t\t<style>\/*! elementor - v3.18.0 - 20-12-2023 *\/\n.elementor-widget-text-editor.elementor-drop-cap-view-stacked .elementor-drop-cap{background-color:#69727d;color:#fff}.elementor-widget-text-editor.elementor-drop-cap-view-framed .elementor-drop-cap{color:#69727d;border:3px solid;background-color:transparent}.elementor-widget-text-editor:not(.elementor-drop-cap-view-default) .elementor-drop-cap{margin-top:8px}.elementor-widget-text-editor:not(.elementor-drop-cap-view-default) .elementor-drop-cap-letter{width:1em;height:1em}.elementor-widget-text-editor .elementor-drop-cap{float:left;text-align:center;line-height:1;font-size:50px}.elementor-widget-text-editor .elementor-drop-cap-letter{display:inline-block}<\/style>\t\t\t\t<p style=\"font-weight: 400;\"><strong>Devo avere un account per effettuare un ordine?<\/strong><br>No. Puoi effettuare un ordine senza registrazione. Raccomandiamo ai clienti che intendono effettuare un solo ordine di non registrarsi. Se pensi di diventare un nostro cliente abituale, ti suggeriamo di creare un account.   <br><br><strong>Ho dimenticato la password<\/strong><br>Vai alla pagina di login e clicca sul link &#8216;Password dimenticata&#8217;. Riceverai a breve un&#8217;email con il tuo promemoria password.<br><br><strong>Come posso pagare?<\/strong><br>Al momento accettiamo solo pagamenti anticipati. Dopo aver effettuato l&#8217;ordine, riceverai una fattura proforma entro 1 giorno lavorativo. <br><br><strong>Come faccio a sapere se avete ricevuto il mio ordine?<\/strong><br>Riceverai un&#8217;email di conferma dell&#8217;ordine entro pochi minuti dall&#8217;invio dell&#8217;ordine. Se non hai ricevuto questa email, controlla la cartella della posta indesiderata. Se ancora non riesci a trovare l&#8217;email di conferma, chiamaci allo 00 386 (0)59 049 860.  <br><br><strong>Posso modificare un ordine esistente?<\/strong><br>Riceverai un&#8217;email di conferma dove potrai controllare i prodotti e le quantit\u00e0 ordinati. Se ci sono errori, rispondi semplicemente all&#8217;email di conferma con le tue modifiche e correggeremo l&#8217;ordine. <br><br><strong>Posso annullare un ordine dopo che \u00e8 stato effettuato?<\/strong><br>Il tuo ordine pu\u00f2 essere annullato prima di aver pagato la fattura proforma. Contattaci all&#8217;indirizzo info@stular.com o al numero 00 386 (0)59 049 860. Se il tuo ordine \u00e8 gi\u00e0 stato spedito, puoi restituirlo entro 20 giorni dall&#8217;acquisto.  <br><br><strong>Quanto tempoRichiesta la consegna?<\/strong><br><em>Consegna nei paesi dell&#8217;UE:<\/em> il completamento degli ordini richiede solitamente 5-10 giorni lavorativi e la consegna sar\u00e0 effettuata dal servizio postale nazionale nel paese di destinazione<br><em>Consegna nel resto del mondo<\/em>: potrebbe richiedere fino a 14 giorni lavorativi e la consegna sar\u00e0 effettuata dal servizio postale nazionale nel paese di destinazione.<br><br><strong>Il mio ordine \u00e8 gi\u00e0 stato spedito?<\/strong><br>Quando spediamo il tuo ordine, puoi vedere lo stato dell&#8217;ordine nel tuo profilo alla voce &#8220;I miei ordini&#8221;<br><br><strong>Manca un articolo dal mio ordine<\/strong><br>A volte non spediamo tutto contemporaneamente. In tal caso, puoi verificarlo nel tuo profilo alla voce &#8220;I miei ordini&#8221;. <br><br><strong>Posso spedire a un indirizzo alternativo?<\/strong><br>L&#8217;ufficio pu\u00f2 spedire gli articoli a indirizzi diversi dall&#8217;indirizzo di fatturazione del titolare della carta. Se desideri usufruire di questo servizio, aggiungi i dettagli appropriati durante la procedura di checkout.<br>Una volta che l&#8217;ordine \u00e8 stato spedito, non siamo in grado di modificare l&#8217;indirizzo. <br><br><strong>C&#8217;\u00e8 qualcosa che non va nel mio ordine!<\/strong><br>Se il tuo ordine non \u00e8 come speravi, chiamaci allo 00 386 (0)59 049 860, dove uno dei nostri consulenti sar\u00e0 lieto di aiutarti.<\/p>\t\t\t\t\t\t<\/div>\n\t\t\t\t<\/div>\n\t\t\t\t\t<\/div>\n\t\t<\/div>\n\t\t\t\t\t\t\t<\/div>\n\t\t<\/section>\n\t\t\t\t\t\t\t<\/div>\n\t\t","protected":false},"excerpt":{"rendered":"<p>Automazione Fischbein Programma verde FAQ Devo avere un account per effettuare un ordine?No. Puoi effettuare un ordine senza registrazione. Raccomandiamo ai clienti che intendono effettuare un solo ordine di non registrarsi. Se pensi di diventare un nostro cliente abituale, ti suggeriamo di creare un account. Ho dimenticato la passwordVai alla pagina di login e clicca [&hellip;]<\/p>\n","protected":false},"author":1,"featured_media":0,"parent":0,"menu_order":60,"comment_status":"closed","ping_status":"closed","template":"","meta":{"footnotes":""},"_links":{"self":[{"href":"https:\/\/stularplus.com\/it\/wp-json\/wp\/v2\/pages\/11722"}],"collection":[{"href":"https:\/\/stularplus.com\/it\/wp-json\/wp\/v2\/pages"}],"about":[{"href":"https:\/\/stularplus.com\/it\/wp-json\/wp\/v2\/types\/page"}],"author":[{"embeddable":true,"href":"https:\/\/stularplus.com\/it\/wp-json\/wp\/v2\/users\/1"}],"replies":[{"embeddable":true,"href":"https:\/\/stularplus.com\/it\/wp-json\/wp\/v2\/comments?post=11722"}],"version-history":[{"count":0,"href":"https:\/\/stularplus.com\/it\/wp-json\/wp\/v2\/pages\/11722\/revisions"}],"wp:attachment":[{"href":"https:\/\/stularplus.com\/it\/wp-json\/wp\/v2\/media?parent=11722"}],"curies":[{"name":"wp","href":"https:\/\/api.w.org\/{rel}","templated":true}]}}