{"id":11783,"date":"2021-12-05T02:29:36","date_gmt":"2021-12-05T01:29:36","guid":{"rendered":"https:\/\/stularplus.com\/modulo-ad-ago-corto-industriale-per-tessuti-delicati\/"},"modified":"2025-12-20T10:37:43","modified_gmt":"2025-12-20T09:37:43","slug":"modulo-ad-ago-corto-industriale-per-tessuti-delicati","status":"publish","type":"product","link":"https:\/\/stularplus.com\/it\/modulo-ad-ago-corto-industriale-per-tessuti-delicati\/","title":{"rendered":"Modulo ad ago corto industriale per tessuti delicati"},"content":{"rendered":"<p class=\"blue bold\"><strong>Industriale per tessuti delicati con modulo ad ago CORTO<\/strong><\/p>\n<p>Il <strong>Moduli SPU<\/strong> sono di alta qualit\u00e0 per resistere a un uso industriale intenso. Ogni modulo \u00e8 progettato per adattarsi alle dimensioni di uno specifico gruppo di elementi di fissaggio e alla lunghezza dell&#8217;ago. <\/p>\n<p><em>Utensile pneumatico SPU industriale FINE corto E-Rod per ago corto. L&#8217;utilizzo dell&#8217;unit\u00e0 pneumatica Swiftach Power Unit al posto dell&#8217;utensile manuale durante l&#8217;etichettatura o l&#8217;imballaggio aumenta notevolmente la produttivit\u00e0. La qualit\u00e0 premium dagli Stati Uniti mantiene la tua produzione in esecuzione ad alta velocit\u00e0. Questo modulo pu\u00f2 essere installato su TAGSON PS-1 o su qualsiasi altra unit\u00e0 cradle.   <\/em><\/p>\n<p>L&#8217;utilizzo dell&#8217;unit\u00e0 pneumatica <strong>Swiftach Power Unit<\/strong> al posto dell&#8217;utensile manuale (pistola etichettatrice) durante l&#8217;<strong>etichettatura<\/strong> o l&#8217;<strong>imballaggio<\/strong> aumenta notevolmente la produttivit\u00e0. Con le configurazioni standard, l&#8217;operatore sar\u00e0 in grado di utilizzare entrambe le mani per maneggiare il prodotto e le <g id=\"gid_3\">etichette<\/g> e applicare l&#8217;<g id=\"gid_4\">elemento di fissaggio<\/g> premendo un pulsante o un interruttore a pedale. Per una maggiore produttivit\u00e0, le macchine possono aiutare a comprimere i materiali e possono anche essere incorporate in sistemi automatizzati.  <\/p>\n<h4><strong>Modulo ad ago CORTO industriale per tessuti delicati<\/strong><\/h4>\n<p>Questo modulo alimenter\u00e0 qualsiasi <strong>elemento di fissaggio per tessuti delicati<\/strong> con una lunghezza del filamento di 9 mm o pi\u00f9 e utilizzer\u00e0 solo l&#8217;ago 05018. Questo strumento viene utilizzato per materiali delicati. Alimenter\u00e0 <strong>elementi di fissaggio FINE<\/strong> con una lunghezza del filamento da 7 mm fino a 50 mm.  <\/p>\n","protected":false},"excerpt":{"rendered":"<p>Modulo di etichettatura automatica pneumatica con <strong>ago corto FINE<\/strong>. Imballa prodotti con spessore da <strong>7 mm fino a 15 mm<\/strong>. Ottimo per etichettare calze, guanti, asciugamani e altri indumenti. <\/p>\n","protected":false},"featured_media":11784,"template":"","meta":[],"product_cat":[274],"product_tag":[],"_links":{"self":[{"href":"https:\/\/stularplus.com\/it\/wp-json\/wp\/v2\/product\/11783"}],"collection":[{"href":"https:\/\/stularplus.com\/it\/wp-json\/wp\/v2\/product"}],"about":[{"href":"https:\/\/stularplus.com\/it\/wp-json\/wp\/v2\/types\/product"}],"wp:featuredmedia":[{"embeddable":true,"href":"https:\/\/stularplus.com\/it\/wp-json\/wp\/v2\/media\/11784"}],"wp:attachment":[{"href":"https:\/\/stularplus.com\/it\/wp-json\/wp\/v2\/media?parent=11783"}],"wp:term":[{"taxonomy":"product_cat","embeddable":true,"href":"https:\/\/stularplus.com\/it\/wp-json\/wp\/v2\/product_cat?post=11783"},{"taxonomy":"product_tag","embeddable":true,"href":"https:\/\/stularplus.com\/it\/wp-json\/wp\/v2\/product_tag?post=11783"}],"curies":[{"name":"wp","href":"https:\/\/api.w.org\/{rel}","templated":true}]}}