{"id":11792,"date":"2021-12-05T02:29:36","date_gmt":"2021-12-05T01:29:36","guid":{"rendered":"https:\/\/stularplus.com\/modulo-ad-ago-corto-industriale-standard\/"},"modified":"2025-12-20T10:37:59","modified_gmt":"2025-12-20T09:37:59","slug":"modulo-ad-ago-corto-industriale-standard","status":"publish","type":"product","link":"https:\/\/stularplus.com\/it\/modulo-ad-ago-corto-industriale-standard\/","title":{"rendered":"Modulo ad ago corto industriale standard"},"content":{"rendered":"<p class=\"blue bold\"><strong>Modulo ad ago CORTO industriale standard da 40 mm<\/strong><\/p>\n<p>Il <strong>moduli SPU <\/strong>sono di alta qualit\u00e0 per resistere a un uso industriale intenso. Ogni modulo \u00e8 progettato per corrispondere alle dimensioni di uno specifico gruppo di fissaggio e alla lunghezza dell&#8217;ago. <\/p>\n<p><em>Utensile pneumatico SPU Mark II E-Rod lungo standard industriale per ago lungo. L&#8217;utilizzo dell&#8217;unit\u00e0 di alimentazione pneumatica Swiftach al posto dell&#8217;utensile manuale durante l&#8217;etichettatura o l&#8217;imballaggio aumenta notevolmente la produttivit\u00e0. La qualit\u00e0 premium dagli Stati Uniti mantiene la tua produzione in esecuzione ad alta velocit\u00e0. Questo modulo pu\u00f2 essere installato su TAGSON PS-1 o qualsiasi altra unit\u00e0 cradle.   <\/em><\/p>\n<p>L&#8217;utilizzo dell&#8217;unit\u00e0 di alimentazione pneumatica <strong>Swiftach Power Unit<\/strong> al posto dell&#8217;utensile manuale (pistola etichettatrice) durante l&#8217;<strong>etichettatura<\/strong> o l&#8217;<strong>imballaggio<\/strong> aumenta notevolmente la produttivit\u00e0. Con le configurazioni standard, l&#8217;operatore sar\u00e0 in grado di utilizzare entrambe le mani per maneggiare il prodotto e le <g id=\"gid_3\">etichette<\/g> e applicare il <g id=\"gid_4\">fissaggio<\/g> premendo un pulsante o un interruttore a pedale. Per una maggiore produttivit\u00e0, le macchine possono aiutare a comprimere i materiali e possono anche essere incorporate in sistemi automatizzati.  <\/p>\n<h4><strong>Modulo ad ago corto industriale standard<\/strong><\/h4>\n<p>Questo modulo alimenter\u00e0 qualsiasi <strong>fissaggio in tessuto standard<\/strong> con una lunghezza del filamento di 9 mm o pi\u00f9 e l&#8217;uso di un ago lungo standard. Questo strumento viene utilizzato per materiali standard. Alimenter\u00e0 <strong>fissaggi STANDARD<\/strong> con una lunghezza del filamento da 7 mm fino a 65 mm  <\/p>\n<table class=\"specification-table\" width=\"572\">\n<tbody>\n<tr>\n<td>Applicazione di etichettatura:<\/td>\n<td>S\u00ec<\/td>\n<\/tr>\n<tr>\n<td>Modulo:<\/td>\n<td>Avery Dennison SPU1M01<\/td>\n<\/tr>\n<tr>\n<td>Pressione di esercizio:<\/td>\n<td>Alimentazione aria, 80 psi (6 bar)<\/td>\n<\/tr>\n<tr>\n<td>Lunghezza totale dell&#8217;ago:<\/td>\n<td>40 mm<\/td>\n<\/tr>\n<tr>\n<td>Lunghezza effettiva:<\/td>\n<td>28 mm<\/td>\n<\/tr>\n<tr>\n<td>Intervallo di spessore di etichettatura:<\/td>\n<td>7 mm \u2013 25 mm<\/td>\n<\/tr>\n<tr>\n<td>Tipo di aghi\/fissaggi:<\/td>\n<td>Fissaggi standard e per impieghi gravosi<\/td>\n<\/tr>\n<tr>\n<td>Velocit\u00e0 massima:<\/td>\n<td>2 secondi\/ciclo<\/td>\n<\/tr>\n<\/tbody>\n<\/table>\n","protected":false},"excerpt":{"rendered":"<p class=\"blue bold\">Modulo ad ago <strong>CORTO<\/strong> industriale standard. I <strong>moduli SPU<\/strong> sono di alta qualit\u00e0 per resistere a un uso industriale intenso. Ogni modulo \u00e8 progettato per corrispondere alle dimensioni di uno specifico gruppo di elementi di fissaggio e alla lunghezza dell&#8217;ago. <\/p>\n","protected":false},"featured_media":11794,"template":"","meta":[],"product_cat":[274],"product_tag":[],"_links":{"self":[{"href":"https:\/\/stularplus.com\/it\/wp-json\/wp\/v2\/product\/11792"}],"collection":[{"href":"https:\/\/stularplus.com\/it\/wp-json\/wp\/v2\/product"}],"about":[{"href":"https:\/\/stularplus.com\/it\/wp-json\/wp\/v2\/types\/product"}],"wp:featuredmedia":[{"embeddable":true,"href":"https:\/\/stularplus.com\/it\/wp-json\/wp\/v2\/media\/11794"}],"wp:attachment":[{"href":"https:\/\/stularplus.com\/it\/wp-json\/wp\/v2\/media?parent=11792"}],"wp:term":[{"taxonomy":"product_cat","embeddable":true,"href":"https:\/\/stularplus.com\/it\/wp-json\/wp\/v2\/product_cat?post=11792"},{"taxonomy":"product_tag","embeddable":true,"href":"https:\/\/stularplus.com\/it\/wp-json\/wp\/v2\/product_tag?post=11792"}],"curies":[{"name":"wp","href":"https:\/\/api.w.org\/{rel}","templated":true}]}}