{"id":11799,"date":"2021-12-05T02:29:36","date_gmt":"2021-12-05T01:29:36","guid":{"rendered":"https:\/\/stularplus.com\/tagson-s-a-m\/"},"modified":"2025-12-20T10:38:01","modified_gmt":"2025-12-20T09:38:01","slug":"tagson-s-a-m","status":"publish","type":"product","link":"https:\/\/stularplus.com\/it\/tagson-s-a-m\/","title":{"rendered":"TAGSON S.A.M."},"content":{"rendered":"<p>Soluzione perfetta per etichettare vestiti, calzini sottili o qualsiasi altro tessuto. Con il modulo Fine Fabric Avery Dennison integrato, questa applicazione non danneggia i tessuti. Il supporto del modulo e la posizione dell&#8217;ago possono essere regolati in base alle esigenze dell&#8217;operatore, per garantire le migliori condizioni di lavoro. PS-1\/SAM pu\u00f2 confezionare prodotti con uno spessore da 15 mm fino a 40 mm.   <\/p>\n<p><em>La PS-1\/SAM da tavolo, leggera e altamente portatile, fa met\u00e0 del lavoro per te. Fissando i tessuti sull&#8217;ago a mano, l&#8217;operatore preme contemporaneamente l&#8217;interruttore a dito, che espelle il fissaggio attraverso l&#8217;ago. <\/em><\/p>\n<p>Ogni macchina \u00e8 realizzata con la massima precisione e su misura per le esigenze del consumatore finale. Il cuore della macchina \u00e8 <strong>alimentato da un<\/strong> <strong>modulo Avery Dennison SPU<\/strong> che garantisce i pi\u00f9 alti standard di qualit\u00e0 e affidabilit\u00e0 del settore. Il modulo principale pu\u00f2 essere cambiato in qualsiasi altro modulo Avery Dennison per garantire la massima efficienza. La base della macchina \u00e8 progettata con cura con i migliori materiali per valvole, interruttori, asse fatto a mano, cremagliera in alluminio, supporto e supporti in PTFE.   <\/p>\n<table class=\"specification-table\" width=\"572\">\n<tbody>\n<tr>\n<td>Applicazione di etichettatura:<\/td>\n<td>S\u00ec<\/td>\n<\/tr>\n<tr>\n<td>Modulo:<\/td>\n<td>Avery Dennison Swiftach SPU2M02<\/td>\n<\/tr>\n<tr>\n<td>Pressione di esercizio:<\/td>\n<td>Alimentazione aria, 80 psi (6 bar)<\/td>\n<\/tr>\n<tr>\n<td>Lunghezza totale dell&#8217;ago:<\/td>\n<td>48,6 mm<\/td>\n<\/tr>\n<tr>\n<td>Lunghezza utile:<\/td>\n<td>38 mm<\/td>\n<\/tr>\n<tr>\n<td>Intervallo di spessore dell&#8217;etichettatura:<\/td>\n<td>7 mm \u2013 40 mm<\/td>\n<\/tr>\n<tr>\n<td>Tipo di perni\/elementi di fissaggio:<\/td>\n<td>Elementi di fissaggio in nylon per tessuti delicati<\/td>\n<\/tr>\n<tr>\n<td>Velocit\u00e0 massima:<\/td>\n<td>1,5 secondi\/ciclo<\/td>\n<\/tr>\n<tr>\n<td>Regolazioni dell&#8217;altezza:<\/td>\n<td>No<\/td>\n<\/tr>\n<tr>\n<td>Marcatore laser:<\/td>\n<td>Opzionale<\/td>\n<\/tr>\n<tr>\n<td>Due interruttori di sicurezza a dito:<\/td>\n<td>Opzionale<\/td>\n<\/tr>\n<tr>\n<td>Applicazione J HOOK:<\/td>\n<td>No<\/td>\n<\/tr>\n<tr>\n<td>Compressione della piastra dell&#8217;ago:<\/td>\n<td>No<\/td>\n<\/tr>\n<tr>\n<td>Dimensioni della macchina:<\/td>\n<td>400 x 160 x 320 mm<\/td>\n<\/tr>\n<tr>\n<td>Imballaggio complessivo del pacco:<\/td>\n<td>\/<\/td>\n<\/tr>\n<tr>\n<td>Peso:<\/td>\n<td>1 kg<\/td>\n<\/tr>\n<\/tbody>\n<\/table>\n<div class=\"wpb_text_column wpb_content_element vc_custom_1574181509010 blue\">\n<div class=\"wpb_wrapper\">\n<p><strong>Test gratuito<\/strong><\/p>\n<\/div>\n<\/div>\n<div class=\"wpb_text_column wpb_content_element vc_custom_1575308221273 white\">\n<div class=\"wpb_wrapper\">\n<p>Se desideri ricevere un campione gratuito del tuo prodotto confezionato con le nostre macchine, contattaci e prepareremo una presentazione gratuita. Lascia che i nostri ingegneri ti guidino attraverso il processo di test gratuito. <\/p>\n<\/div>\n<\/div>\n<p>Per maggiori informazioni, visita il nostro sito web ufficiale TAGSON: https:\/\/tagson.eu\/products\/ps-1-sam\/<\/p>\n","protected":false},"excerpt":{"rendered":"<p>L&#8217;etichettatrice da tavolo semiautomatica PS-1\/SAM, leggera e altamente portatile, fa met\u00e0 del lavoro per te. Confeziona prodotti con uno spessore da 15 mm fino a 40 mm. Ottima per etichettare indumenti, calze, guanti, asciugamani e altri tessuti.  <\/p>\n","protected":false},"featured_media":11801,"template":"","meta":[],"product_cat":[273],"product_tag":[],"_links":{"self":[{"href":"https:\/\/stularplus.com\/it\/wp-json\/wp\/v2\/product\/11799"}],"collection":[{"href":"https:\/\/stularplus.com\/it\/wp-json\/wp\/v2\/product"}],"about":[{"href":"https:\/\/stularplus.com\/it\/wp-json\/wp\/v2\/types\/product"}],"wp:featuredmedia":[{"embeddable":true,"href":"https:\/\/stularplus.com\/it\/wp-json\/wp\/v2\/media\/11801"}],"wp:attachment":[{"href":"https:\/\/stularplus.com\/it\/wp-json\/wp\/v2\/media?parent=11799"}],"wp:term":[{"taxonomy":"product_cat","embeddable":true,"href":"https:\/\/stularplus.com\/it\/wp-json\/wp\/v2\/product_cat?post=11799"},{"taxonomy":"product_tag","embeddable":true,"href":"https:\/\/stularplus.com\/it\/wp-json\/wp\/v2\/product_tag?post=11799"}],"curies":[{"name":"wp","href":"https:\/\/api.w.org\/{rel}","templated":true}]}}