{"id":11903,"date":"2021-12-05T02:29:51","date_gmt":"2021-12-05T01:29:51","guid":{"rendered":"https:\/\/stularplus.com\/tagson-ps-1-xlf-ago-extra-lungo\/"},"modified":"2025-12-20T10:38:27","modified_gmt":"2025-12-20T09:38:27","slug":"tagson-ps-1-xlf-ago-extra-lungo","status":"publish","type":"product","link":"https:\/\/stularplus.com\/it\/tagson-ps-1-xlf-ago-extra-lungo\/","title":{"rendered":"TAGSON PS-1\/XLF (Ago Extra Lungo)"},"content":{"rendered":"<p class=\"blue bold\"><strong>Etichettatrice con AGO SOTTILE EXTRA LUNGO<\/strong><\/p>\n<p>Affidabilit\u00e0, produttivit\u00e0 e velocit\u00e0, unite a grande ergonomia e precisione, sono le caratteristiche principali della nuova etichettatrice pneumatica automatizzata portatile. Grazie all&#8217;ago sottile extra lungo, PS-1\/XLF \u00e8 insostituibile per etichettare o confezionare i materiali pi\u00f9 pregiati come calze o guanti, tessuti in microfibra, asciugamani e tappeti. <\/p>\n<p><em>L&#8217;ago molto sottile non lascia fori nel materiale. La lunghezza dell&#8217;ago (48 mm) offre l&#8217;opportunit\u00e0 di confezionare prodotti con uno spessore da 7 mm fino a 40 mm. <\/em><\/p>\n<p>Grazie al suo design compatto e all&#8217;attivazione rapida, l&#8217;etichettatrice automatizzata portatile PS-1\/XLF pu\u00f2 essere facilmente integrata in tutti i tipi di linee di confezionamento. Adatta a tutti i produttori di calze, guanti e tappeti che desiderano semplificare il loro flusso di lavoro, aumentare la produttivit\u00e0 e ridurre i costi di confezionamento. <\/p>\n<p>Ogni macchina \u00e8 realizzata con la massima precisione e su misura per le esigenze del consumatore finale. Il cuore della macchina \u00e8 <strong>alimentato da un<\/strong> <strong>modulo Avery Dennison SPU<\/strong> che garantisce i pi\u00f9 alti standard di qualit\u00e0 e affidabilit\u00e0 del settore. Il modulo principale pu\u00f2 essere sostituito con qualsiasi altro modulo Avery Dennison, garantendo la massima efficienza. La base della macchina \u00e8 accuratamente progettata con le migliori valvole, interruttori, asse fatto a mano, cremagliera in alluminio, supporto e supporti in PTFE.   <\/p>\n<table class=\"specification-table\" width=\"572\">\n<tbody>\n<tr>\n<td>Applicazione di etichettatura:<\/td>\n<td>S\u00ec<\/td>\n<\/tr>\n<tr>\n<td>Modulo:<\/td>\n<td>Avery Dennison Swiftach SPU2M02<\/td>\n<\/tr>\n<tr>\n<td>Pressione di esercizio:<\/td>\n<td>Alimentazione aria, 80 psi (6 bar)<\/td>\n<\/tr>\n<tr>\n<td>Lunghezza totale dell&#8217;ago:<\/td>\n<td>48,6 mm<\/td>\n<\/tr>\n<tr>\n<td>Lunghezza utile:<\/td>\n<td>38 mm<\/td>\n<\/tr>\n<tr>\n<td>Intervallo di spessore dell&#8217;etichettatura:<\/td>\n<td>7 mm \u2013 40 mm<\/td>\n<\/tr>\n<tr>\n<td>Tipo di perni\/elementi di fissaggio:<\/td>\n<td>Elementi di fissaggio in nylon per tessuti delicati<\/td>\n<\/tr>\n<tr>\n<td>Velocit\u00e0 massima:<\/td>\n<td>2 secondi\/ciclo<\/td>\n<\/tr>\n<tr>\n<td>Regolazioni in altezza:<\/td>\n<td>S\u00ec<\/td>\n<\/tr>\n<tr>\n<td>Marcatore laser:<\/td>\n<td>Opzionale<\/td>\n<\/tr>\n<tr>\n<td>Pedale:<\/td>\n<td>Opzionale<\/td>\n<\/tr>\n<tr>\n<td>Applicazione J HOOK:<\/td>\n<td>Opzionale<\/td>\n<\/tr>\n<tr>\n<td>Compressione della piastra dell&#8217;ago:<\/td>\n<td>Opzionale<\/td>\n<\/tr>\n<tr>\n<td>Dimensioni della macchina:<\/td>\n<td>500 x 420 x 720 mm<\/td>\n<\/tr>\n<tr>\n<td>Dimensioni complessive del pacco:<\/td>\n<td>600 x 600 x 700 mm<\/td>\n<\/tr>\n<tr>\n<td>Peso:<\/td>\n<td>21 kg<\/td>\n<\/tr>\n<\/tbody>\n<\/table>\n<div class=\"row product_specification_container product-padding\">\n<p><strong>Test gratuito<\/strong><\/p>\n<\/div>\n<div class=\"row product_banners_container product-padding\">\n<div class=\"templatera_shortcode\">\n<section class=\"vc_section\">\n<div class=\"vc_row wpb_row vc_row-fluid two_column_banners vc_column-gap-35\">\n<div class=\"wpb_column vc_column_container vc_col-sm-6 vc_col-has-fill\">\n<div class=\"vc_column-inner vc_custom_1568291041704\">\n<div class=\"wpb_wrapper\">\n<div class=\"wpb_text_column wpb_content_element vc_custom_1575308221273 white\">\n<div class=\"wpb_wrapper\">\n<p>Se desideri ricevere un campione gratuito del tuo prodotto confezionato con le nostre macchine, contattaci e prepareremo una presentazione gratuita. Lascia che i nostri ingegneri ti guidino attraverso il processo di test gratuito. <\/p>\n<\/div>\n<\/div>\n<\/div>\n<\/div>\n<\/div>\n<\/div>\n<\/section>\n<\/div>\n<\/div>\n<p>Per maggiori informazioni tecniche, visitare il sito web ufficiale di TAGSON: https:\/\/tagson.eu\/products\/ps-1-xlf\/<\/p>\n","protected":false},"excerpt":{"rendered":"<p>Etichettatrice pneumatica automatizzata portatile alimentata da un modulo Avery Dennison SPU. Confeziona prodotti con uno spessore da 7 mm fino a 40 mm. Ottima per etichettare calze, guanti, asciugamani e altri tessuti.   <strong>Progettata e realizzata in UE.<\/strong><\/p>\n","protected":false},"featured_media":11905,"template":"","meta":[],"product_cat":[273],"product_tag":[],"_links":{"self":[{"href":"https:\/\/stularplus.com\/it\/wp-json\/wp\/v2\/product\/11903"}],"collection":[{"href":"https:\/\/stularplus.com\/it\/wp-json\/wp\/v2\/product"}],"about":[{"href":"https:\/\/stularplus.com\/it\/wp-json\/wp\/v2\/types\/product"}],"wp:featuredmedia":[{"embeddable":true,"href":"https:\/\/stularplus.com\/it\/wp-json\/wp\/v2\/media\/11905"}],"wp:attachment":[{"href":"https:\/\/stularplus.com\/it\/wp-json\/wp\/v2\/media?parent=11903"}],"wp:term":[{"taxonomy":"product_cat","embeddable":true,"href":"https:\/\/stularplus.com\/it\/wp-json\/wp\/v2\/product_cat?post=11903"},{"taxonomy":"product_tag","embeddable":true,"href":"https:\/\/stularplus.com\/it\/wp-json\/wp\/v2\/product_tag?post=11903"}],"curies":[{"name":"wp","href":"https:\/\/api.w.org\/{rel}","templated":true}]}}