{"id":11969,"date":"2025-10-09T11:08:46","date_gmt":"2025-10-09T09:08:46","guid":{"rendered":"https:\/\/stularplus.com\/tagson-astrid-etichettatrice-per-abbigliamento\/"},"modified":"2025-12-20T10:39:07","modified_gmt":"2025-12-20T09:39:07","slug":"tagson-astrid-etichettatrice-per-abbigliamento","status":"publish","type":"product","link":"https:\/\/stularplus.com\/it\/tagson-astrid-etichettatrice-per-abbigliamento\/","title":{"rendered":"TAGSON Astrid (etichettatrice per abbigliamento)"},"content":{"rendered":"<h4><strong>Applica l&#8217;etichetta sugli indumenti con un elemento di fissaggio in pochi secondi. Aumenta la produttivit\u00e0 dell&#8217;80% <\/strong><\/h4>\n<p>Piccola macchina adatta a ogni produzione di abbigliamento.<\/p>\n<p>Guarda il video di presentazione <a href=\"https:\/\/www.youtube.com\/watch?v=FqRdt9tcRrY\" target=\"_blank\" rel=\"noopener\">qui<\/a>.<\/p>\n<p>Affidabilit\u00e0, produttivit\u00e0, velocit\u00e0, ergonomia e precisione sono gli attributi principali della nuova etichettatrice pneumatica automatizzata portatile. ASTRID \u00e8 una soluzione di etichettatura leggera, portatile e plug-and-play adatta a qualsiasi linea di produzione di abbigliamento o ambiente di vendita al dettaglio. Progettata per l&#8217;efficienza, la facilit\u00e0 d&#8217;uso e la versatilit\u00e0, semplifica il processo di etichettatura dell&#8217;abbigliamento per una maggiore produttivit\u00e0 e qualit\u00e0.  <\/p>\n<p><strong>Per etichettare con precisione materiali finissimi fino a cappotti molto spessi, ecc. in pochi secondi.<\/strong><\/p>\n<p>Grazie al suo design compatto e alla rapida attivazione, l&#8217;etichettatrice automatizzata portatile ASTRID pu\u00f2 essere facilmente integrata in tutti i tipi di linee di abbigliamento (indumenti). <strong>Progettata per qualsiasi linea di produzione o ambiente di vendita al dettaglio che desideri semplificare il proprio flusso di lavoro, aumentare la produttivit\u00e0 e ridurre i costi di imballaggio.<\/strong><\/p>\n<p>Ogni macchina \u00e8 realizzata con la massima precisione e su misura per le esigenze del consumatore finale. Il cuore della macchina \u00e8 <strong>alimentato da un<\/strong> <strong>modulo Avery Dennison SPU<\/strong> che garantisce i pi\u00f9 alti standard di qualit\u00e0 e affidabilit\u00e0 del settore. Il modulo principale pu\u00f2 essere sostituito con qualsiasi altro modulo Avery Dennison, garantendo la massima efficienza. La base della macchina \u00e8 accuratamente progettata con le migliori valvole, interruttori, asse fatto a mano, cremagliera in alluminio, supporto e supporti in PTFE.   <\/p>\n<p><em>L&#8217;ago molto sottile non lascia fori nel materiale. La lunghezza dell&#8217;ago (40 mm) offre l&#8217;opportunit\u00e0 di confezionare prodotti con uno spessore da 1 mm fino a 30 mm. <\/em><\/p>\n<p>Grazie al suo design compatto e alla rapida attivazione, l&#8217;etichettatrice automatizzata portatile MINI STAR pu\u00f2 essere facilmente integrata in tutti i tipi di linee di confezionamento. Adatta a tutti i produttori di calze, guanti e tappeti che desiderano semplificare il proprio flusso di lavoro, aumentare la produttivit\u00e0 e ridurre i costi di imballaggio. <\/p>\n<table class=\"specification-table\" width=\"572\">\n<tbody>\n<tr>\n<td>Applicazione di etichettatura:<\/td>\n<td>S\u00ec<\/td>\n<\/tr>\n<tr>\n<td>Modulo:<\/td>\n<td>Avery Dennison Swiftach SPU2M02<\/td>\n<\/tr>\n<tr>\n<td>Pressione di esercizio:<\/td>\n<td>Alimentazione aria, 80 psi (6 bar)<\/td>\n<\/tr>\n<tr>\n<td>Lunghezza totale dell&#8217;ago:<\/td>\n<td>40 mm<\/td>\n<\/tr>\n<tr>\n<td>Lunghezza utile:<\/td>\n<td>30 mm<\/td>\n<\/tr>\n<tr>\n<td>Intervallo di spessore di etichettatura:<\/td>\n<td>1 mm \u2013 30 mm<\/td>\n<\/tr>\n<tr>\n<td>Tipo di perni\/elementi di fissaggio:<\/td>\n<td>Elementi di fissaggio in nylon per tessuti delicati<\/td>\n<\/tr>\n<tr>\n<td>Velocit\u00e0 massima:<\/td>\n<td>1,5 secondi\/ciclo<\/td>\n<\/tr>\n<tr>\n<td>Regolazioni dell&#8217;altezza:<\/td>\n<td>No<\/td>\n<\/tr>\n<tr>\n<td>Marcatore laser:<\/td>\n<td>S\u00ec<\/td>\n<\/tr>\n<tr>\n<td>Due interruttori di sicurezza a dito:<\/td>\n<td>Opzionale<\/td>\n<\/tr>\n<tr>\n<td>Applicazione J HOOK:<\/td>\n<td>No<\/td>\n<\/tr>\n<tr>\n<td>Compressione della piastra dell&#8217;ago:<\/td>\n<td>No<\/td>\n<\/tr>\n<tr>\n<td>Dimensioni della macchina:<\/td>\n<td>240 x 400 x 380 mm<\/td>\n<\/tr>\n<tr>\n<td>Imballaggio complessivo del pacco:<\/td>\n<td>\/<\/td>\n<\/tr>\n<tr>\n<td>Peso<\/td>\n<td>8,0 kg<\/td>\n<\/tr>\n<\/tbody>\n<\/table>\n<div class=\"wpb_text_column wpb_content_element vc_custom_1574181509010 blue\">\n<div class=\"wpb_wrapper\">\n<p><strong>Test gratuito<\/strong><\/p>\n<\/div>\n<\/div>\n<div class=\"wpb_text_column wpb_content_element vc_custom_1575308221273 white\">\n<div class=\"wpb_wrapper\">\n<p>Se desideri ricevere un campione gratuito del tuo prodotto confezionato con le nostre macchine, contattaci e prepareremo una presentazione gratuita. Lascia che i nostri ingegneri ti guidino attraverso il processo di test gratuito. <\/p>\n<\/div>\n<\/div>\n<p>Per ulteriori informazioni tecniche, visitare il sito Web ufficiale di TAGSON: https:\/\/tagson.eu\/products\/astrid\/<\/p>\n","protected":false},"excerpt":{"rendered":"<p>Etichettatrice pneumatica automatizzata portatile <strong>compatta e leggera<\/strong> per tutti i tipi di industrie dell&#8217;abbigliamento. <strong>Il modo pi\u00f9 veloce per etichettare i tessuti in modo efficiente e preciso.<\/strong> Piccola macchina adatta a ogni produzione di abbigliamento e sostituisce i lenti strumenti manuali di etichettatura &#8220;kimble&#8221;, aumenta la produttivit\u00e0, la sicurezza e si adatta a qualsiasi linea di produzione o ambiente di vendita al dettaglio.<\/p>\n","protected":false},"featured_media":11977,"template":"","meta":[],"product_cat":[273],"product_tag":[],"_links":{"self":[{"href":"https:\/\/stularplus.com\/it\/wp-json\/wp\/v2\/product\/11969"}],"collection":[{"href":"https:\/\/stularplus.com\/it\/wp-json\/wp\/v2\/product"}],"about":[{"href":"https:\/\/stularplus.com\/it\/wp-json\/wp\/v2\/types\/product"}],"wp:featuredmedia":[{"embeddable":true,"href":"https:\/\/stularplus.com\/it\/wp-json\/wp\/v2\/media\/11977"}],"wp:attachment":[{"href":"https:\/\/stularplus.com\/it\/wp-json\/wp\/v2\/media?parent=11969"}],"wp:term":[{"taxonomy":"product_cat","embeddable":true,"href":"https:\/\/stularplus.com\/it\/wp-json\/wp\/v2\/product_cat?post=11969"},{"taxonomy":"product_tag","embeddable":true,"href":"https:\/\/stularplus.com\/it\/wp-json\/wp\/v2\/product_tag?post=11969"}],"curies":[{"name":"wp","href":"https:\/\/api.w.org\/{rel}","templated":true}]}}