{"id":12011,"date":"2021-12-05T02:29:36","date_gmt":"2021-12-05T01:29:36","guid":{"rendered":"https:\/\/stularplus.com\/modulo-impugnatura-a-pistola-industriale-system-1000\/"},"modified":"2025-12-20T10:39:27","modified_gmt":"2025-12-20T09:39:27","slug":"modulo-impugnatura-a-pistola-industriale-system-1000","status":"publish","type":"product","link":"https:\/\/stularplus.com\/it\/modulo-impugnatura-a-pistola-industriale-system-1000\/","title":{"rendered":"Modulo impugnatura a pistola industriale System 1000"},"content":{"rendered":"<p class=\"blue bold\"><strong>Utensile pneumatico industriale System 1000<\/strong><\/p>\n<div>\n<p>Aggiungi facilmente informazioni, identificazione del marchio e valore al packaging con l&#8217;utensile pneumatico System 1000\u00ae. Realizzato in alluminio resistente e leggero, \u00e8 l&#8217;utensile di etichettatura pi\u00f9 leggero e avanzato disponibile. <\/p>\n<p><em>Utensile pneumatico SPU5P Modulo industriale System 1000 con impugnatura. L&#8217;utilizzo dell&#8217;unit\u00e0 di alimentazione pneumatica Swiftach invece dell&#8217;utensile manuale durante l&#8217;etichettatura o l&#8217;imballaggio aumenta notevolmente la produttivit\u00e0. <\/em><\/p>\n<\/div>\n<div>\n<p>Abbiamo progettato tutte le caratteristiche importanti di cui hai bisogno per aggiungere velocit\u00e0, efficienza e affidabilit\u00e0 alle tue operazioni di etichettatura ad alto volume. Questo modulo gestir\u00e0 bobine da 1000 elementi di fissaggio a paletta senza doversi fermare e ricaricare. Questo modulo \u00e8 ideale per indumenti o articoli con uno spessore di compressione fino a 1,5&#8243;. Un&#8217;<g id=\"gid_0\">unit\u00e0 di alimentazione Avery Dennison\u00ae Swiftach\u00ae (SPU)<\/g> pu\u00f2 rendere pi\u00f9 veloci e semplici le operazioni di fissaggio delle informazioni, identificazione del marchio e confezionamento. Le SPU Avery Dennison possono aumentare la produttivit\u00e0, soprattutto quando \u00e8 pi\u00f9 veloce portare gli articoli o gli indumenti all&#8217;utensile.    <\/p>\n<\/div>\n<div>\n<p>Con questo utensile \u00e8 possibile utilizzare tre tipi di aghi:<\/p>\n<\/div>\n<div>\n<p>10074<br \/>\n<strong>Ago interamente in acciaio per impieghi gravosi<br \/>\n<\/strong>lunghezza totale: 34 mm, lunghezza utile: 13 mm<\/p>\n<p>10641<br \/>\n<strong>Lungo per impieghi gravosi \u2013 Interamente in acciaio\/rastremato<br \/>\n<\/strong>lunghezza totale: 47 mm, lunghezza utile: 25 mm<\/p>\n<\/div>\n<div>\n<p>10642<br \/>\n<strong>Extra per impieghi gravosi \u2013 Interamente in acciaio\/rastremato<br \/>\n<\/strong>lunghezza totale: 59 mm, lunghezza utile: 25 mm<\/p>\n<table class=\"specification-table\" width=\"572\">\n<tbody>\n<tr>\n<td>Applicazione di etichettatura:<\/td>\n<td>S\u00ec<\/td>\n<\/tr>\n<tr>\n<td>Modulo:<\/td>\n<td>Avery Dennison Swiftach SPU5M<\/td>\n<\/tr>\n<tr>\n<td>Pressione di esercizio:<\/td>\n<td>Alimentazione aria, 80 psi (6 bar)<\/td>\n<\/tr>\n<tr>\n<td>Lunghezza totale dell&#8217;ago:<\/td>\n<td>34 mm \/ 47 mm \/ 59 mm<\/td>\n<\/tr>\n<tr>\n<td>Lunghezza utile:<\/td>\n<td>13 mm \/ 25 mm \/ 25 mm<\/td>\n<\/tr>\n<tr>\n<td>Intervallo di spessore di etichettatura:<\/td>\n<td>7 mm \u2013 25 mm<\/td>\n<\/tr>\n<tr>\n<td>Tipo di aghi\/fissaggi:<\/td>\n<td>Fissaggi System 1000<\/td>\n<\/tr>\n<tr>\n<td>Velocit\u00e0 massima:<\/td>\n<td>2 secondi\/ciclo<\/td>\n<\/tr>\n<\/tbody>\n<\/table>\n<\/div>\n","protected":false},"excerpt":{"rendered":"<p><strong>Il modulo System Industrial 1000<\/strong> aumenta notevolmente la produttivit\u00e0 poich\u00e9 ha 1000 elementi di fissaggio su una bobina, 10 volte di pi\u00f9 rispetto alla clip standard da 10.<\/p>\n","protected":false},"featured_media":12012,"template":"","meta":[],"product_cat":[274],"product_tag":[],"_links":{"self":[{"href":"https:\/\/stularplus.com\/it\/wp-json\/wp\/v2\/product\/12011"}],"collection":[{"href":"https:\/\/stularplus.com\/it\/wp-json\/wp\/v2\/product"}],"about":[{"href":"https:\/\/stularplus.com\/it\/wp-json\/wp\/v2\/types\/product"}],"wp:featuredmedia":[{"embeddable":true,"href":"https:\/\/stularplus.com\/it\/wp-json\/wp\/v2\/media\/12012"}],"wp:attachment":[{"href":"https:\/\/stularplus.com\/it\/wp-json\/wp\/v2\/media?parent=12011"}],"wp:term":[{"taxonomy":"product_cat","embeddable":true,"href":"https:\/\/stularplus.com\/it\/wp-json\/wp\/v2\/product_cat?post=12011"},{"taxonomy":"product_tag","embeddable":true,"href":"https:\/\/stularplus.com\/it\/wp-json\/wp\/v2\/product_tag?post=12011"}],"curies":[{"name":"wp","href":"https:\/\/api.w.org\/{rel}","templated":true}]}}