{"id":12180,"date":"2021-12-05T02:29:36","date_gmt":"2021-12-05T01:29:36","guid":{"rendered":"https:\/\/stularplus.com\/modulo-industriale-ad-ago-lungo-per-tessuti-delicati\/"},"modified":"2025-12-20T22:39:38","modified_gmt":"2025-12-20T21:39:38","slug":"modulo-industriale-ad-ago-lungo-per-tessuti-delicati","status":"publish","type":"product","link":"https:\/\/stularplus.com\/it\/modulo-industriale-ad-ago-lungo-per-tessuti-delicati\/","title":{"rendered":"Modulo industriale ad ago lungo per tessuti delicati"},"content":{"rendered":"<div class=\"elementor-element elementor-element-219ff3a elementor-widget elementor-widget-woocommerce-product-content\" data-id=\"219ff3a\" data-element_type=\"widget\" data-widget_type=\"woocommerce-product-content.default\">\n<div class=\"elementor-widget-container\">\n<p class=\"blue bold\"><strong>Modulo industriale ad ago LUNGO da 40 mm per tessuti delicati<\/strong><\/p>\n<p>Il <strong>Moduli SPU<\/strong> sono di alta qualit\u00e0 per resistere a un uso industriale intenso. Ogni modulo \u00e8 progettato per corrispondere alle dimensioni di uno specifico gruppo di fissaggio e <em>lunghezza dell&#8217;ago.<\/em> <\/p>\n<p><em>Utensile pneumatico SPU Industrial FINE Long E-Rod per ago lungo. L&#8217;utilizzo dell&#8217;unit\u00e0 pneumatica Swiftach Power Unit al posto dell&#8217;utensile manuale durante l&#8217;etichettatura o l&#8217;imballaggio aumenta notevolmente la produttivit\u00e0.  La qualit\u00e0 premium proveniente dagli Stati Uniti mantiene la tua produzione in funzione ad alta velocit\u00e0. Questo modulo pu\u00f2 essere installato su TAGSON PS-1 o su qualsiasi altra unit\u00e0 cradle. <\/em><\/p>\n<p>L&#8217;utilizzo dell&#8217;unit\u00e0 pneumatica <strong>Swiftach Power Unit<\/strong> al posto dell&#8217;utensile manuale (pistola etichettatrice) durante l&#8217;<strong>etichettatura<\/strong> o l&#8217;<strong>imballaggio<\/strong> aumenta notevolmente la produttivit\u00e0. Con le configurazioni standard, l&#8217;operatore sar\u00e0 in grado di utilizzare entrambe le mani per maneggiare il prodotto e le <g id=\"gid_3\">etichette<\/g> e applicare l&#8217;<g id=\"gid_4\">elemento di fissaggio<\/g> premendo un pulsante o un interruttore a pedale. Per una maggiore produttivit\u00e0, le macchine possono aiutare a comprimere i materiali e possono anche essere incorporate in sistemi automatizzati.  <\/p>\n<h4><strong>Modulo ad ago lungo industriale per tessuti delicati<\/strong><\/h4>\n<p>Questo modulo alimenter\u00e0 qualsiasi <strong>elemento di fissaggio per tessuti delicati<\/strong> con una lunghezza del filamento di 9 mm o pi\u00f9 e utilizzer\u00e0 solo l&#8217;ago 05018. Questo strumento viene utilizzato per materiali delicati. Alimenter\u00e0 <strong>elementi di fissaggio FINE<\/strong> con una lunghezza del filamento da 7 mm fino a 50 mm.  <\/p>\n<\/div>\n<\/div>\n<table class=\"specification-table\" width=\"572\">\n<tbody>\n<tr>\n<td>Applicazione di etichettatura:<\/td>\n<td>S\u00ec<\/td>\n<\/tr>\n<tr>\n<td>Modulo:<\/td>\n<td>Avery Dennison Swiftach SPU2M02<\/td>\n<\/tr>\n<tr>\n<td>Pressione di esercizio:<\/td>\n<td>Alimentazione aria, 80 psi (6 bar)<\/td>\n<\/tr>\n<tr>\n<td>Lunghezza totale dell&#8217;ago:<\/td>\n<td>48,8 mm<\/td>\n<\/tr>\n<tr>\n<td>Lunghezza utile:<\/td>\n<td>38 mm<\/td>\n<\/tr>\n<tr>\n<td>Intervallo di spessore dell&#8217;etichettatura:<\/td>\n<td>7 mm \u2013 40 mm<\/td>\n<\/tr>\n<tr>\n<td>Tipo di perni\/elementi di fissaggio:<\/td>\n<td>Elementi di fissaggio in nylon per tessuti delicati<\/td>\n<\/tr>\n<tr>\n<td>Velocit\u00e0 massima:<\/td>\n<td>2 secondi\/ciclo<\/td>\n<\/tr>\n<\/tbody>\n<\/table>\n<div class=\"wpb_text_column wpb_content_element vc_custom_1574181509010 blue\">\n<div class=\"wpb_wrapper\">\n<p><strong>Test gratuito<\/strong><\/p>\n<\/div>\n<\/div>\n<div class=\"wpb_text_column wpb_content_element vc_custom_1575308221273 white\">\n<div class=\"wpb_wrapper\">\n<p>Se desideri ricevere un campione gratuito del tuo prodotto confezionato con le nostre macchine, contattaci e prepareremo una presentazione gratuita. Lascia che i nostri ingegneri ti guidino attraverso il processo di test gratuito. <\/p>\n<\/div>\n<\/div>\n","protected":false},"excerpt":{"rendered":"<p class=\"blue bold\"><strong>Modulo industriale ad ago LUNGO da 40 mm per tessuti delicati.<\/strong> Modulo di etichettatura pneumatico automatizzato. Imballa prodotti con spessore da <strong>7 mm fino a 25 mm<\/strong>.  Ideale per etichettare calze, guanti, asciugamani e altri tessuti.<\/p>\n","protected":false},"featured_media":12181,"template":"","meta":[],"product_cat":[274],"product_tag":[],"_links":{"self":[{"href":"https:\/\/stularplus.com\/it\/wp-json\/wp\/v2\/product\/12180"}],"collection":[{"href":"https:\/\/stularplus.com\/it\/wp-json\/wp\/v2\/product"}],"about":[{"href":"https:\/\/stularplus.com\/it\/wp-json\/wp\/v2\/types\/product"}],"wp:featuredmedia":[{"embeddable":true,"href":"https:\/\/stularplus.com\/it\/wp-json\/wp\/v2\/media\/12181"}],"wp:attachment":[{"href":"https:\/\/stularplus.com\/it\/wp-json\/wp\/v2\/media?parent=12180"}],"wp:term":[{"taxonomy":"product_cat","embeddable":true,"href":"https:\/\/stularplus.com\/it\/wp-json\/wp\/v2\/product_cat?post=12180"},{"taxonomy":"product_tag","embeddable":true,"href":"https:\/\/stularplus.com\/it\/wp-json\/wp\/v2\/product_tag?post=12180"}],"curies":[{"name":"wp","href":"https:\/\/api.w.org\/{rel}","templated":true}]}}