{"id":12262,"date":"2021-12-05T02:29:24","date_gmt":"2021-12-05T01:29:24","guid":{"rendered":"https:\/\/stularplus.com\/fascette-swiftach-standard-pp-nere-da-40-mm\/"},"modified":"2025-12-20T22:41:59","modified_gmt":"2025-12-20T21:41:59","slug":"fascette-swiftach-standard-pp-nere-da-40-mm","status":"publish","type":"product","link":"https:\/\/stularplus.com\/it\/fascette-swiftach-standard-pp-nere-da-40-mm\/","title":{"rendered":"Fascette Swiftach Standard PP nere da 40 mm"},"content":{"rendered":"<p>Fascette NERE da 40 mm (PP) <strong>Standard Paddle Swifach<\/strong> Blue Box ORIGINALI <strong>sono realizzate<\/strong> al 100% in polipropilene.<\/p>\n<p><strong>Blue Box<\/strong> offre qualit\u00e0, uniformit\u00e0, elevata produttivit\u00e0 e resistenza. Inventato da Dennison nei primi anni &#8217;60, \u00e8 ancora la soluzione preferita del settore per l&#8217;applicazione di <g id=\"gid_1\">etichette<\/g>. Sono realizzati in modo molto preciso con una qualit\u00e0 costante, lotto dopo lotto.  <\/p>\n<p>Le fascette Swiftach sono realizzate con <strong>polipropilene (PP) di altissima qualit\u00e0.<\/strong> Ideali per l&#8217;<strong>etichettatura<\/strong> di tutti i materiali standard. Le <strong>fascette Swiftach<\/strong> Avery Dennison offrono la pi\u00f9 ampia gamma di dimensioni e colori per qualsiasi applicazione di <strong>etichettatura<\/strong> generale. <\/p>\n<p>La testa a paletta GRANDE offre un ulteriore vantaggio: impedisce la sostituzione dei cartellini. Una confezione contiene 5000 fascette.<br \/>\nLe <strong>fascette Tag Easy<\/strong> sono compatibili con tutte le <strong>pistole etichettatrici<\/strong> standard.<\/p>\n<p><strong>Approfitta degli sconti per quantit\u00e0!<\/strong><\/p>\n","protected":false},"excerpt":{"rendered":"<p><b>Fascette Premium SWIFTACH Blue Box NERE da 40 mm (PP)<\/b> per l&#8217;etichettatura di tutti i tipi di prodotti. Le fascette Blue Box Premium sono realizzate in polipropilene di altissima qualit\u00e0. Il prezzo si intende per confezione da 5.000 pezzi.  <\/p>\n","protected":false},"featured_media":12263,"template":"","meta":[],"product_cat":[314],"product_tag":[],"_links":{"self":[{"href":"https:\/\/stularplus.com\/it\/wp-json\/wp\/v2\/product\/12262"}],"collection":[{"href":"https:\/\/stularplus.com\/it\/wp-json\/wp\/v2\/product"}],"about":[{"href":"https:\/\/stularplus.com\/it\/wp-json\/wp\/v2\/types\/product"}],"wp:featuredmedia":[{"embeddable":true,"href":"https:\/\/stularplus.com\/it\/wp-json\/wp\/v2\/media\/12263"}],"wp:attachment":[{"href":"https:\/\/stularplus.com\/it\/wp-json\/wp\/v2\/media?parent=12262"}],"wp:term":[{"taxonomy":"product_cat","embeddable":true,"href":"https:\/\/stularplus.com\/it\/wp-json\/wp\/v2\/product_cat?post=12262"},{"taxonomy":"product_tag","embeddable":true,"href":"https:\/\/stularplus.com\/it\/wp-json\/wp\/v2\/product_tag?post=12262"}],"curies":[{"name":"wp","href":"https:\/\/api.w.org\/{rel}","templated":true}]}}