{"id":12587,"date":"2021-12-05T02:29:23","date_gmt":"2021-12-05T01:29:23","guid":{"rendered":"https:\/\/stularplus.com\/fissaggi-standard-ny-swiftach-da-25-mm\/"},"modified":"2025-12-20T22:47:43","modified_gmt":"2025-12-20T21:47:43","slug":"fissaggi-standard-ny-swiftach-da-25-mm","status":"publish","type":"product","link":"https:\/\/stularplus.com\/it\/fissaggi-standard-ny-swiftach-da-25-mm\/","title":{"rendered":"Fissaggi standard NY Swiftach da 25 mm"},"content":{"rendered":"<p>I fissaggi standard a paletta Swiftach da 25 mm (NY) <strong>Blue Box ORIGINAL pins<\/strong> sono realizzati in <strong>nylon al 100%.<\/strong><\/p>\n<p>I perni di etichettatura da 25 mm vengono utilizzati per attaccare o etichettare l&#8217;etichetta molto vicino al prodotto. I perni di etichettatura da 25 mm Swiftach Standard NY sono realizzati in nylon, che offre la massima resistenza e non vi \u00e8 alcun timore di rottura. <\/p>\n<p>Questi perni di etichettatura vengono utilizzati per prodotti resistenti come l&#8217;etichettatura di asciugamani, zerbini o tappetini da bagno. Normalmente puoi usarli anche per tutti i capi tessili standard in cui la qualit\u00e0 dell&#8217;etichettatura \u00e8 molto importante. <\/p>\n<p><strong>Nylon presente:<\/strong> massima resistenza, elevata resistenza chimica, massima resistenza all&#8217;abrasione. Blue Box offre qualit\u00e0, coerenza, elevata produttivit\u00e0 e resistenza. Inventato da Dennison nei primi anni &#8217;60, \u00e8 ancora la preferenza del settore per l&#8217;applicazione di <strong>etichette<\/strong>.  <\/p>\n<p>Sono realizzati in modo molto preciso con una qualit\u00e0 costante, lotto dopo lotto. I <strong>fissaggi Swiftach<\/strong> sono realizzati con il miglior nylon (NY) di alta qualit\u00e0. Ideale per <g id=\"gid_1\">etichettare<\/g> tutti i materiali standard. I <strong>perni di etichettatura<\/strong> Avery Dennison Swiftach offrono la pi\u00f9 ampia gamma di dimensioni e <strong>colori<\/strong> <strong>per qualsiasi applicazione di etichettatura generale<\/strong>.  <\/p>\n<p>La testa a paletta GRANDE offre un ulteriore vantaggio: impedisce la sostituzione dei cartellini. Una confezione contiene 5000 fascette.  I fissaggi Tag Easy sono compatibili con tutte le <strong>pistole etichettatrici standard<\/strong>.<\/p>\n<p><strong>Approfitta degli sconti per quantit\u00e0!<\/strong><\/p>\n","protected":false},"excerpt":{"rendered":"<p><b>Fissaggi premium Blue Box Swiftach da 25 mm (NY)<\/b> per etichettare tutti i tipi di prodotti in nylon. I <b>perni Swiftach Premium sono realizzati con alta qualit\u00e0<\/b>. Il prezzo si intende per confezione da 5.000 pezzi. <\/p>\n","protected":false},"featured_media":12588,"template":"","meta":[],"product_cat":[314],"product_tag":[],"_links":{"self":[{"href":"https:\/\/stularplus.com\/it\/wp-json\/wp\/v2\/product\/12587"}],"collection":[{"href":"https:\/\/stularplus.com\/it\/wp-json\/wp\/v2\/product"}],"about":[{"href":"https:\/\/stularplus.com\/it\/wp-json\/wp\/v2\/types\/product"}],"wp:featuredmedia":[{"embeddable":true,"href":"https:\/\/stularplus.com\/it\/wp-json\/wp\/v2\/media\/12588"}],"wp:attachment":[{"href":"https:\/\/stularplus.com\/it\/wp-json\/wp\/v2\/media?parent=12587"}],"wp:term":[{"taxonomy":"product_cat","embeddable":true,"href":"https:\/\/stularplus.com\/it\/wp-json\/wp\/v2\/product_cat?post=12587"},{"taxonomy":"product_tag","embeddable":true,"href":"https:\/\/stularplus.com\/it\/wp-json\/wp\/v2\/product_tag?post=12587"}],"curies":[{"name":"wp","href":"https:\/\/api.w.org\/{rel}","templated":true}]}}