{"id":12855,"date":"2021-12-05T02:29:51","date_gmt":"2021-12-05T01:29:51","guid":{"rendered":"https:\/\/stularplus.com\/etichettatrice-monoriga-8-cifre-premium\/"},"modified":"2025-12-20T22:52:59","modified_gmt":"2025-12-20T21:52:59","slug":"etichettatrice-monoriga-8-cifre-premium","status":"publish","type":"product","link":"https:\/\/stularplus.com\/it\/etichettatrice-monoriga-8-cifre-premium\/","title":{"rendered":"ETICHETTATRICE MONORIGA &#8211; 8 cifre Premium"},"content":{"rendered":"<p><strong>Etichettatrice manuale Avery Dennison CAS 1\/8<br \/>\n<\/strong><\/p>\n<p><strong>Etichettatrice manuale<\/strong> monoriga &#8211; 8 cifre, con numeri e simboli di valuta per \u20ac, \u00a3,&#8230;<\/p>\n<p><strong>La pistola etichettatrice Avery Dennison<\/strong> offre un design ergonomico e leggero combinato con la durata delle plastiche resistenti agli urti. Le nostre etichettatrici sono comunemente utilizzate per l&#8217;etichettatura dei prezzi, la riduzione dei prezzi, la rietichettatura, la codifica della data e il controllo qualit\u00e0. Le etichettatrici manuali Avery Dennison sono utilizzate dai rivenditori di tutto il mondo per le loro etichette dei prezzi.  <\/p>\n<p><strong>Specifiche generali:<\/strong><\/p>\n<p>Metodo di funzionamento: <strong>Premere<\/strong>, <strong>Rilasciare<\/strong> e <strong>Applicare<\/strong><\/p>\n<p>Direzione di stampa: <strong>Orizzontale<\/strong><\/p>\n<p>Visualizzazione stampa: <strong>1234567890<\/strong><\/p>\n<p>Visualizzazione di valute\/simboli: <strong>\u20ac, \u00a3, Fr, Kr,YTL, TL, KC, PY\u0411, K\u043f, \u0414NH, \u041bB, Lei, Z\u0141<\/strong><\/p>\n<p>Righe di stampa: <strong>1<\/strong><\/p>\n<p>Numero massimo di caratteri nella riga: <strong>8<\/strong> <\/p>\n<p><strong>Caratteristiche:<\/strong><\/p>\n<p><strong>Semplicit\u00e0<\/strong><\/p>\n<p>L&#8217;etichettatrice manuale Avery Dennison LC1\/8 \u00e8 molto facile da usare. Basta caricare le etichette, impostare il prezzo del prodotto e iniziare a cliccare e incollare. <\/p>\n<p><strong>Portabilit\u00e0<\/strong><\/p>\n<p>La pistola etichettatrice Avery Dennison LC1\/8 \u00e8 molto leggera perch\u00e9 pesa solo 0,36 kg quando \u00e8 completamente carica. Grazie al design compatto, pu\u00f2 essere facilmente trasportata nel tuo negozio e utilizzata facilmente in tutto il negozio. <\/p>\n<p><strong>Versatilit\u00e0<\/strong><\/p>\n<p><span id=\"result_box\" lang=\"en\"><span class=\"hps\">L&#8217;etichettatrice manuale<\/span> <span class=\"hps\">Avery<\/span> <span class=\"hps\">Dennison<\/span> LC1\/8 <span class=\"hps\">\u00e8 pi\u00f9 di un semplice<\/span> <span class=\"hps\">marcatore<\/span> di <span class=\"hps\">prezzi<\/span>. <span class=\"hps\">Puoi usarla<\/span> <span class=\"hps\">per diversi scopi<\/span>, <span class=\"hps\">azioni<\/span> rapide <span class=\"hps\">sugli<\/span> <span class=\"hps\">scaffali<\/span> <span class=\"hps\">dei negozi<\/span> <span class=\"hps\">come<\/span> <span class=\"hps\">prezzi pi\u00f9 bassi<\/span>, prezzi di vendita, ad esempio.<\/span><\/p>\n<p><strong>Variet\u00e0<\/strong><\/p>\n<p>Puoi <span id=\"result_box\" lang=\"en\"><span class=\"hps\">scegliere dalla<\/span> <span class=\"hps\">nostra<\/span> <span class=\"hps\">ampia selezione di<\/span> <span class=\"hps\">etichette.<\/span> <span class=\"hps\">Diversi colori<\/span>, <span class=\"hps\">diversi scopi<\/span>, etichette <span class=\"hps\">rimovibili<\/span> o non rimovibili <span class=\"hps\">dove<\/span> <span class=\"hps\">la sicurezza \u00e8 importante<\/span>, ad esempio.<\/span><\/p>\n<p><strong>Affidabilit\u00e0<\/strong><\/p>\n<p><span id=\"result_box\" lang=\"en\"><span class=\"hps\">Avery<\/span> <span class=\"hps\">Dennison<\/span> <span class=\"hps\">\u00e8 un marchio che<\/span> <span class=\"hps\">\u00e8 presente<\/span> <span class=\"hps\">sul mercato<\/span> <span class=\"hps\">mondiale dal<\/span> <span class=\"hps\">1960.<\/span> <span class=\"hps\">\u00c8 sinonimo di<\/span> <span class=\"hps\">qualit\u00e0 ed<\/span> <span class=\"hps\">\u00e8 indispensabile<\/span> <span class=\"hps\">nel settore.<\/span><\/span><\/p>\n<p>Peso:<br \/>\n0,36 kg\/pz<\/p>\n","protected":false},"excerpt":{"rendered":"<p>Pistola etichettatrice Avery Dennison. Monoriga a 8 cifre. Perfetta per marcare i prodotti con prezzo, data, codice, ecc. QUALIT\u00c0 PREMIUM.   <\/p>\n","protected":false},"featured_media":12860,"template":"","meta":[],"product_cat":[349],"product_tag":[],"_links":{"self":[{"href":"https:\/\/stularplus.com\/it\/wp-json\/wp\/v2\/product\/12855"}],"collection":[{"href":"https:\/\/stularplus.com\/it\/wp-json\/wp\/v2\/product"}],"about":[{"href":"https:\/\/stularplus.com\/it\/wp-json\/wp\/v2\/types\/product"}],"wp:featuredmedia":[{"embeddable":true,"href":"https:\/\/stularplus.com\/it\/wp-json\/wp\/v2\/media\/12860"}],"wp:attachment":[{"href":"https:\/\/stularplus.com\/it\/wp-json\/wp\/v2\/media?parent=12855"}],"wp:term":[{"taxonomy":"product_cat","embeddable":true,"href":"https:\/\/stularplus.com\/it\/wp-json\/wp\/v2\/product_cat?post=12855"},{"taxonomy":"product_tag","embeddable":true,"href":"https:\/\/stularplus.com\/it\/wp-json\/wp\/v2\/product_tag?post=12855"}],"curies":[{"name":"wp","href":"https:\/\/api.w.org\/{rel}","templated":true}]}}