{"id":12907,"date":"2021-12-05T02:29:50","date_gmt":"2021-12-05T01:29:50","guid":{"rendered":"https:\/\/stularplus.com\/banok-503xl-ago-sottile-extra-lungo\/"},"modified":"2025-12-20T22:53:56","modified_gmt":"2025-12-20T21:53:56","slug":"banok-503xl-ago-sottile-extra-lungo","status":"publish","type":"product","link":"https:\/\/stularplus.com\/it\/banok-503xl-ago-sottile-extra-lungo\/","title":{"rendered":"BANOK 503XL &#8211; Ago sottile extra lungo"},"content":{"rendered":"<p><strong>BANOK 503XL<\/strong> &#8211; la migliore <strong>pistola etichettatrice<\/strong> per <strong>l&#8217;imballaggio e l&#8217;etichettatura di calze<\/strong>.<\/p>\n<p><span id=\"result_box\" lang=\"en\"><span class=\"hps\">Banok,<\/span> <span class=\"hps\">il<\/span> <span class=\"hps\">prestigioso<\/span> <span class=\"hps\">marchio giapponese<\/span> <span class=\"hps\">che<\/span> <span class=\"hps\">con il suo<\/span> <span class=\"hps\">innovativo<\/span> <span class=\"hps\">design e<\/span> <span class=\"hps\">superiore<\/span> <span class=\"hps\">qualit\u00e0<\/span> <span class=\"hps\">dimostra che<\/span> <span class=\"hps\">lei<\/span> <span class=\"hps\">segmento<\/span> <span class=\"hps\">etichettatura<\/span> <span class=\"hps\">o<\/span> <span class=\"hps\">confezionamento<\/span> <span class=\"hps\">di pi\u00f9<\/span> <span class=\"hps\">paia di<\/span> <span class=\"hps\">calzini<\/span>, <span class=\"hps\">non<\/span> ha <span class=\"hps\">sostituti al momento.<\/span> <span class=\"hps\">Viene utilizzato principalmente<\/span> <span class=\"hps\">dove<\/span> l&#8217; <span class=\"hps\">alta produttivit\u00e0 e qualit\u00e0 sono lo standard pi\u00f9 importante.<\/span><\/span><\/p>\n<p><span lang=\"en\"><span class=\"hps\"><span id=\"result_box\" lang=\"en\"><strong>Banok tipo 503 XL<\/strong> utilizza un meccanismo di grilletto sofisticato e, nonostante i compiti difficili, non conosce guasti, inceppamenti, ecc. La forma e la maneggevolezza della <strong>pistola etichettatrice Banok 503 XL<\/strong>, l&#8217;etichettatura e l&#8217;imballaggio delle calze sono ergonomici e facili. <\/span><\/span><\/span><\/p>\n<p><strong><span lang=\"en\"><span class=\"hps\">L&#8217;AGO SOTTILE EXTRA LUNGO non lascia danni alle calze<\/span><\/span><\/strong><\/p>\n<p><span id=\"result_box\" lang=\"en\"><span class=\"hps\">Oltre alla<\/span> <span class=\"hps\">massima qualit\u00e0<\/span> <span class=\"hps\">del prodotto,<\/span> <strong>Banok 503 XL<\/strong> <span class=\"hps\">\u00e8 dotato di un<\/span> <span class=\"hps\">lungo<\/span>, <span class=\"hps\">sottile<\/span> <span class=\"hps\">e fine<\/span> <span class=\"hps\">ago<\/span>, <span class=\"hps\">che \u00e8 realizzato<\/span> <span class=\"hps\">con precisione<\/span> <span class=\"hps\">svizzera<\/span> <span class=\"hps\">e<\/span> <span class=\"hps\">perfezione<\/span>. Ecco perch\u00e9 questa pistola etichettatrice \u00e8 un must per ogni produttore. Fornisce tutta la tua etichettatura senza stress, senza danni al tessuto e, naturalmente, progettata per tessuti delicati multistrato.   Queste prestazioni <span class=\"hps\">danno<\/span> alla <span class=\"hps\">pistola etichettatrice<\/span> un grande <strong><span class=\"hps\">vantaggio<\/span> <\/strong><span class=\"hps\">.<\/span> <\/span><\/p>\n<p><span id=\"result_box\" lang=\"en\">Normalmente pu\u00f2 essere utilizzata in tutti i negozi al dettaglio, negozi di abbigliamento, produzione tessile, ma le migliori prestazioni si ottengono nelle <strong>produzioni di calze<\/strong> dove l&#8217;alta produttivit\u00e0 e la sua qualit\u00e0 sono un must. Senza sostituzioni. <span class=\"hps\">Nessun problema<\/span> <span class=\"hps\">pu\u00f2 essere<\/span> <span class=\"hps\">imballato ed<\/span> <span class=\"hps\">etichettato<\/span> <span class=\"hps\">diverse<\/span> <span class=\"hps\">paia di calze<\/span> <span class=\"hps atn\">(<\/span>XL). <\/span><\/p>\n","protected":false},"excerpt":{"rendered":"<p>La forma e la maneggevolezza della pistola etichettatrice <em>Banok 503 XL<\/em>, l&#8217;etichettatura e l&#8217;imballaggio delle calze sono ergonomici e facili. <strong>L&#8217;AGO SOTTILE EXTRA LUNGO<\/strong> non lascia danni alle calze.<\/p>\n","protected":false},"featured_media":12900,"template":"","meta":[],"product_cat":[352],"product_tag":[],"_links":{"self":[{"href":"https:\/\/stularplus.com\/it\/wp-json\/wp\/v2\/product\/12907"}],"collection":[{"href":"https:\/\/stularplus.com\/it\/wp-json\/wp\/v2\/product"}],"about":[{"href":"https:\/\/stularplus.com\/it\/wp-json\/wp\/v2\/types\/product"}],"wp:featuredmedia":[{"embeddable":true,"href":"https:\/\/stularplus.com\/it\/wp-json\/wp\/v2\/media\/12900"}],"wp:attachment":[{"href":"https:\/\/stularplus.com\/it\/wp-json\/wp\/v2\/media?parent=12907"}],"wp:term":[{"taxonomy":"product_cat","embeddable":true,"href":"https:\/\/stularplus.com\/it\/wp-json\/wp\/v2\/product_cat?post=12907"},{"taxonomy":"product_tag","embeddable":true,"href":"https:\/\/stularplus.com\/it\/wp-json\/wp\/v2\/product_tag?post=12907"}],"curies":[{"name":"wp","href":"https:\/\/api.w.org\/{rel}","templated":true}]}}