{"id":13068,"date":"2021-12-05T02:29:19","date_gmt":"2021-12-05T01:29:19","guid":{"rendered":"https:\/\/stularplus.com\/utensile-manuale-system-1000\/"},"modified":"2025-12-22T00:13:21","modified_gmt":"2025-12-21T23:13:21","slug":"utensile-manuale-system-1000","status":"publish","type":"product","link":"https:\/\/stularplus.com\/it\/utensile-manuale-system-1000\/","title":{"rendered":"UTENSILE MANUALE SYSTEM 1000"},"content":{"rendered":"<p>Usa la <strong>pistola etichettatrice kimble<\/strong> System 1000 Hand Tool di Avery Dennison per <strong>etichettare<\/strong> 1000 capi di abbigliamento <strong>senza ricaricare<\/strong>.<br \/>\nSono quasi venti volte in pi\u00f9 rispetto agli strumenti di fissaggio ordinari. Qualsiasi operazione che misuri la produttivit\u00e0 trarr\u00e0 vantaggio dai vantaggi del <strong>Swiftach System 1000<\/strong>. Gli <strong>elementi di fissaggio<\/strong> a paletta larga impediscono lo scambio di etichette e non hanno strisce di scarto da gettare via quando l&#8217;operatore ha finito. <\/p>\n<p><strong>L&#8217;utensile System 1000 kimble<\/strong> \u00e8 dotato di un <strong>meccanismo unico<\/strong> che aiuta a prevenire gli inceppamenti della pistola e fa avanzare agevolmente gli elementi di fissaggio `connected paddle` progettati appositamente per risparmiare fatica e massimizzare la produttivit\u00e0.<\/p>\n<p><strong>Aumenta la tua produttivit\u00e0<\/strong> con l&#8217;<strong>utensile manuale System 1000<\/strong> di Avery Dennison.<\/p>\n<p>Peso: 0,42 kg\/pz<\/p>\n","protected":false},"excerpt":{"rendered":"<p>Pistola etichettatrice System 1000 Hand Tool &#8211; Etichetta 1000 capi senza ricaricare.<\/p>\n","protected":false},"featured_media":13069,"template":"","meta":[],"product_cat":[358],"product_tag":[],"_links":{"self":[{"href":"https:\/\/stularplus.com\/it\/wp-json\/wp\/v2\/product\/13068"}],"collection":[{"href":"https:\/\/stularplus.com\/it\/wp-json\/wp\/v2\/product"}],"about":[{"href":"https:\/\/stularplus.com\/it\/wp-json\/wp\/v2\/types\/product"}],"wp:featuredmedia":[{"embeddable":true,"href":"https:\/\/stularplus.com\/it\/wp-json\/wp\/v2\/media\/13069"}],"wp:attachment":[{"href":"https:\/\/stularplus.com\/it\/wp-json\/wp\/v2\/media?parent=13068"}],"wp:term":[{"taxonomy":"product_cat","embeddable":true,"href":"https:\/\/stularplus.com\/it\/wp-json\/wp\/v2\/product_cat?post=13068"},{"taxonomy":"product_tag","embeddable":true,"href":"https:\/\/stularplus.com\/it\/wp-json\/wp\/v2\/product_tag?post=13068"}],"curies":[{"name":"wp","href":"https:\/\/api.w.org\/{rel}","templated":true}]}}