{"id":13259,"date":"2021-12-05T02:29:20","date_gmt":"2021-12-05T01:29:20","guid":{"rendered":"https:\/\/stularplus.com\/fascette-swiftach-standard-pp-da-40-mm\/"},"modified":"2025-12-22T00:14:05","modified_gmt":"2025-12-21T23:14:05","slug":"fascette-swiftach-standard-pp-da-40-mm","status":"publish","type":"product","link":"https:\/\/stularplus.com\/it\/fascette-swiftach-standard-pp-da-40-mm\/","title":{"rendered":"Fascette Swiftach Standard PP da 40 mm"},"content":{"rendered":"<div class=\"elementor-element elementor-element-219ff3a elementor-widget elementor-widget-woocommerce-product-content\" data-id=\"219ff3a\" data-element_type=\"widget\" data-widget_type=\"woocommerce-product-content.default\">\n<div class=\"elementor-widget-container\">\n<div class=\"elementor-element elementor-element-93a7a1e elementor-widget elementor-widget-woocommerce-product-content\" data-id=\"93a7a1e\" data-element_type=\"widget\" data-widget_type=\"woocommerce-product-content.default\">\n<div class=\"elementor-widget-container\">\n<p>I perni <strong>40MM (PP) Standard Paddle Swifach Blue Box ORIGINAL<\/strong> sono realizzati in <strong>polipropilene al 100%.<\/strong><br \/>\nBlue Box offre qualit\u00e0, uniformit\u00e0, alta produttivit\u00e0 e resistenza.<\/p>\n<p>Inventato da Dennison nei primi anni &#8217;60, \u00e8 tuttora il metodo preferito del settore per attaccare le etichette.<\/p>\n<p>Sono realizzati con grande precisione e con una qualit\u00e0 costante, lotto dopo lotto. I fissatrici Swiftach sono realizzati con il miglior polipropilene (PP) di alta qualit\u00e0. Ideale per <strong>l&#8217;etichettatura<\/strong> di tutti i materiali standard. I <strong>perni<\/strong> per etichettatura <strong>Avery Dennison Swiftach<\/strong> offrono la pi\u00f9 ampia gamma di dimensioni e colori per qualsiasi <strong>applicazione di etichettatura<\/strong> generale.  <\/p>\n<p>La TESTA <strong>a paletta grande<\/strong> offre un ulteriore vantaggio: impedisce la sostituzione dei cartellini.<br \/>\nIl prezzo si intende per 1 confezione e contiene 5000 fissatrici.<\/p>\n<p>I fissatrici Tag Easy sono compatibili con tutte le pistole etichettatrici standard.<br \/>\n<strong>Approfitta degli sconti per quantit\u00e0!<\/strong><\/p>\n<\/div>\n<\/div>\n<\/div>\n<\/div>\n<p>&nbsp;<\/p>\n","protected":false},"excerpt":{"rendered":"<p>Fascette <b>Swiftach Blue Box Premium da 40 mm (PP)<\/b> per l&#8217;etichettatura di ogni tipo di prodotto. I perni <b>Swiftach Premium sono realizzati con materiali di alta qualit\u00e0<\/b>. Il prezzo si intende per confezione da 5.000 pezzi. <\/p>\n","protected":false},"featured_media":12263,"template":"","meta":[],"product_cat":[314],"product_tag":[],"_links":{"self":[{"href":"https:\/\/stularplus.com\/it\/wp-json\/wp\/v2\/product\/13259"}],"collection":[{"href":"https:\/\/stularplus.com\/it\/wp-json\/wp\/v2\/product"}],"about":[{"href":"https:\/\/stularplus.com\/it\/wp-json\/wp\/v2\/types\/product"}],"wp:featuredmedia":[{"embeddable":true,"href":"https:\/\/stularplus.com\/it\/wp-json\/wp\/v2\/media\/12263"}],"wp:attachment":[{"href":"https:\/\/stularplus.com\/it\/wp-json\/wp\/v2\/media?parent=13259"}],"wp:term":[{"taxonomy":"product_cat","embeddable":true,"href":"https:\/\/stularplus.com\/it\/wp-json\/wp\/v2\/product_cat?post=13259"},{"taxonomy":"product_tag","embeddable":true,"href":"https:\/\/stularplus.com\/it\/wp-json\/wp\/v2\/product_tag?post=13259"}],"curies":[{"name":"wp","href":"https:\/\/api.w.org\/{rel}","templated":true}]}}