{"id":13400,"date":"2021-12-05T02:29:21","date_gmt":"2021-12-05T01:29:21","guid":{"rendered":"https:\/\/stularplus.com\/fissatrici-standard-in-pp-swiftach-da-50-mm\/"},"modified":"2026-01-05T10:08:46","modified_gmt":"2026-01-05T09:08:46","slug":"fissatrici-standard-in-pp-swiftach-da-50-mm","status":"publish","type":"product","link":"https:\/\/stularplus.com\/it\/fissatrici-standard-in-pp-swiftach-da-50-mm\/","title":{"rendered":"Fissatrici standard in PP Swiftach da 50 mm"},"content":{"rendered":"<div class=\"elementor-element elementor-element-93a7a1e elementor-widget elementor-widget-woocommerce-product-content\" data-id=\"93a7a1e\" data-element_type=\"widget\" data-widget_type=\"woocommerce-product-content.default\">\n<div class=\"elementor-widget-container\">\n<div class=\"elementor-element elementor-element-219ff3a elementor-widget elementor-widget-woocommerce-product-content\" data-id=\"219ff3a\" data-element_type=\"widget\" data-widget_type=\"woocommerce-product-content.default\">\n<div class=\"elementor-widget-container\">\n<div class=\"elementor-element elementor-element-93a7a1e elementor-widget elementor-widget-woocommerce-product-content\" data-id=\"93a7a1e\" data-element_type=\"widget\" data-widget_type=\"woocommerce-product-content.default\">\n<div class=\"elementor-widget-container\">\n<p>I <strong>perni ORIGINAL Swiftach a paletta standard da 50 mm (PP) Blue Box<\/strong> sono realizzati in <strong>polipropilene al 100%.<\/strong><br \/>\nBlue Box offre qualit\u00e0, uniformit\u00e0, elevata produttivit\u00e0 e resistenza.<\/p>\n<p>Inventato da Dennison nei primi anni &#8217;60, \u00e8 tuttora il metodo preferito del settore per attaccare le etichette.<\/p>\n<p>Sono realizzati con grande precisione e con una qualit\u00e0 costante, lotto dopo lotto. I fissatrici Swiftach sono realizzati con il miglior polipropilene (PP) di alta qualit\u00e0. Ideale per <strong>l&#8217;etichettatura<\/strong> di tutti i materiali standard. I <strong>perni<\/strong> per etichettatura <strong>Avery Dennison Swiftach<\/strong> offrono la pi\u00f9 ampia gamma di dimensioni e colori per qualsiasi <strong>applicazione di etichettatura<\/strong> generale.  <\/p>\n<p>La TESTA <strong>a paletta grande<\/strong> offre un ulteriore vantaggio: impedisce la sostituzione dei cartellini.<br \/>\nIl prezzo si intende per 1 confezione e contiene 5000 fissatrici.<\/p>\n<p>I fissatrici Tag Easy sono compatibili con tutte le pistole etichettatrici standard.<br \/>\n<strong>Approfitta degli sconti per quantit\u00e0!<\/strong><\/p>\n<\/div>\n<\/div>\n<\/div>\n<\/div>\n<\/div>\n<\/div>\n","protected":false},"excerpt":{"rendered":"<p><b>Fissatrici Premium Swiftach Blue Box da 50 mm (PP)<\/b> per l&#8217;etichettatura di tutti i tipi di prodotti. I <b>perni Swiftach Premium sono realizzati con materiali di alta qualit\u00e0<\/b>. Il prezzo si intende per scatola da 5.000 pezzi. <\/p>\n","protected":false},"featured_media":13401,"template":"","meta":[],"product_cat":[314],"product_tag":[],"_links":{"self":[{"href":"https:\/\/stularplus.com\/it\/wp-json\/wp\/v2\/product\/13400"}],"collection":[{"href":"https:\/\/stularplus.com\/it\/wp-json\/wp\/v2\/product"}],"about":[{"href":"https:\/\/stularplus.com\/it\/wp-json\/wp\/v2\/types\/product"}],"wp:featuredmedia":[{"embeddable":true,"href":"https:\/\/stularplus.com\/it\/wp-json\/wp\/v2\/media\/13401"}],"wp:attachment":[{"href":"https:\/\/stularplus.com\/it\/wp-json\/wp\/v2\/media?parent=13400"}],"wp:term":[{"taxonomy":"product_cat","embeddable":true,"href":"https:\/\/stularplus.com\/it\/wp-json\/wp\/v2\/product_cat?post=13400"},{"taxonomy":"product_tag","embeddable":true,"href":"https:\/\/stularplus.com\/it\/wp-json\/wp\/v2\/product_tag?post=13400"}],"curies":[{"name":"wp","href":"https:\/\/api.w.org\/{rel}","templated":true}]}}