{"id":13526,"date":"2021-12-05T02:29:25","date_gmt":"2021-12-05T01:29:25","guid":{"rendered":"https:\/\/stularplus.com\/splinte-da-20-mm-in-tessuto-fine-per-lavaggio-a-secco-ny\/"},"modified":"2026-01-05T10:10:18","modified_gmt":"2026-01-05T09:10:18","slug":"splinte-da-20-mm-in-tessuto-fine-per-lavaggio-a-secco-ny","status":"publish","type":"product","link":"https:\/\/stularplus.com\/it\/splinte-da-20-mm-in-tessuto-fine-per-lavaggio-a-secco-ny\/","title":{"rendered":"Splinte da 20 mm in tessuto fine per lavaggio a secco NY"},"content":{"rendered":"<p>Le <strong>splinte in nylon fine da 20 mm<\/strong> sono realizzate <strong>per l&#8217;etichettatura di prodotti nelle lavanderie a secco<\/strong>. Le splinte sono realizzate in <strong>100% nylon<\/strong>, che offre un&#8217;eccezionale resistenza e durata.<\/p>\n<p>Le speciali splinte in nylon sono realizzate per resistere anche all&#8217;umidit\u00e0 e alle sostanze chimiche aggressive presenti nel processo di lavaggio a secco. Le <strong>splinte fini prevengono i danni durante la rimozione<\/strong> e la formazione di fori sui tessuti.<\/p>\n<p><strong>Sostituisci le graffette metalliche con le splinte fini.<\/strong> Previeni i danni agli indumenti e l&#8217;insoddisfazione dei clienti causata dalle graffette metalliche. Utilizza le splinte in nylon Avery Dennison per lavaggio a secco! <\/p>\n<p>&#8211; Non lasciano tracce di ruggine sugli indumenti, come accadeva con le graffette metalliche.<\/p>\n<p>&#8211; L&#8217;uso di queste splinte offre la massima sicurezza di fissaggio delle etichette pendenti in lavanderie e tintorie<\/p>\n<p>&#8211; L&#8217;uso del sistema &#8220;Lavaggio a secco&#8221; previene i danni agli indumenti portati in lavanderia e i clienti saranno ancora pi\u00f9 soddisfatti del tuo servizio<\/p>\n<p>&#8211; L&#8217;utilizzo di una pistola etichettatrice fine, che ha un ago pi\u00f9 sottile (Fine), garantisce di conseguenza una puntura minima nel tessuto, il che \u00e8 ovviamente una necessit\u00e0<\/p>\n<p><strong>Le stecche sono confezionate in scatole da 10.000 pezzi.<\/strong><\/p>\n<p>Le stecche Avery Dennison Blue Box Standard sono <strong>compatibili con tutte le pistole etichettatrici FINE.<\/strong><\/p>\n<p>Utilizzo: <strong>lavanderie, lavanderie a secco<\/strong><\/p>\n<p>Per pistole etichettatrici di tipo: <strong>FINE<\/strong><\/p>\n<p>Avery Dennison, MKIII FINE FABRIC PG TOOL (10312)<\/p>\n<p>Colore stecca: neutro<\/p>\n<p>Materiale: nylon<\/p>\n<p>Lunghezza della splinta: 20 mm<\/p>\n<p>Massima potenza o durata della splinta: 1,27 kg<\/p>\n<p>Quantit\u00e0 di splinte per caricatore: <strong>100 pezzi<\/strong><\/p>\n<p>Confezione: min. 10.000 stecche\/scatola<\/p>\n<p>100.000 stecche\/cartone<\/p>\n<p>Peso:<br \/>\n0,04 kg\/mille<\/p>\n","protected":false},"excerpt":{"rendered":"<p><b>Splinte fini da 20 mm NY per lavanderie a secco.<\/b> Facile etichettatura e tracciabilit\u00e0 dei prodotti nelle lavanderie a secco. L&#8217;alternativa ideale alle graffette metalliche sono le speciali splinte che non danneggiano il tessuto. Il prezzo si intende per scatola (10.000 pezzi).  <\/p>\n","protected":false},"featured_media":13528,"template":"","meta":[],"product_cat":[392],"product_tag":[],"_links":{"self":[{"href":"https:\/\/stularplus.com\/it\/wp-json\/wp\/v2\/product\/13526"}],"collection":[{"href":"https:\/\/stularplus.com\/it\/wp-json\/wp\/v2\/product"}],"about":[{"href":"https:\/\/stularplus.com\/it\/wp-json\/wp\/v2\/types\/product"}],"wp:featuredmedia":[{"embeddable":true,"href":"https:\/\/stularplus.com\/it\/wp-json\/wp\/v2\/media\/13528"}],"wp:attachment":[{"href":"https:\/\/stularplus.com\/it\/wp-json\/wp\/v2\/media?parent=13526"}],"wp:term":[{"taxonomy":"product_cat","embeddable":true,"href":"https:\/\/stularplus.com\/it\/wp-json\/wp\/v2\/product_cat?post=13526"},{"taxonomy":"product_tag","embeddable":true,"href":"https:\/\/stularplus.com\/it\/wp-json\/wp\/v2\/product_tag?post=13526"}],"curies":[{"name":"wp","href":"https:\/\/api.w.org\/{rel}","templated":true}]}}