{"id":13536,"date":"2021-12-05T02:29:25","date_gmt":"2021-12-05T01:29:25","guid":{"rendered":"https:\/\/stularplus.com\/elementi-di-fissaggio-da-7-mm-t-end-plus-ny-per-tessuti-delicati\/"},"modified":"2026-01-05T10:10:21","modified_gmt":"2026-01-05T09:10:21","slug":"elementi-di-fissaggio-da-7-mm-t-end-plus-ny-per-tessuti-delicati","status":"publish","type":"product","link":"https:\/\/stularplus.com\/it\/elementi-di-fissaggio-da-7-mm-t-end-plus-ny-per-tessuti-delicati\/","title":{"rendered":"Elementi di fissaggio da 7 mm T-End PLUS NY per tessuti delicati"},"content":{"rendered":"<p><strong>Le clip T-END da 7 mm sono realizzate al 100% in nylon<\/strong>, il che garantisce un&#8217;eccezionale resistenza e durata. Le speciali clip in nylon T-END sono realizzate senza paletta e sono ideali <strong>per l&#8217;etichettatura<\/strong> o <strong>il confezionamento di calze<\/strong> e altri prodotti tessili. <\/p>\n<p>L&#8217;uso di una pistola etichettatrice fine, che ha un ago pi\u00f9 sottile (Fine), garantisce di conseguenza una puntura minima nella calza, il che \u00e8 ovviamente una necessit\u00e0. La splinta T-end consente l&#8217;etichettatura o l&#8217;imballaggio ideale di un paio di calze. <\/p>\n<p>Le stecche sono confezionate in scatole da 10.000 pezzi.<\/p>\n<p>Le splinte a T sono meno visibili delle normali splinte. Vengono utilizzate per l&#8217;etichettatura dei prodotti e l&#8217;imballaggio (ad es. calze). Realizzate in nylon resistente, che garantisce un fissaggio sicuro. <strong>Le splinte a T garantiscono un aspetto finale pi\u00f9 gradevole del prodotto<\/strong>, il che rappresenta un vantaggio rispetto alle altre splinte che hanno un&#8217;estremit\u00e0 a paletta.  <\/p>\n<p>Le stecche Avery Dennison Blue Box Standard sono <strong>compatibili con tutte le pistole etichettatrici FINE.<\/strong><\/p>\n<p>Uso: <strong>imballaggio di calze<\/strong> (pi\u00f9 sottili)<\/p>\n<p>Per pistole etichettatrici di tipo: <strong>FINE<\/strong><\/p>\n<p>Avery Dennison, UTENSILE PG PER TESSUTI FINE MKIII (10312)<\/p>\n<p>Colore stecca: neutro<\/p>\n<p>Materiale: nylon<\/p>\n<p>Lunghezza della clip: 7 mm<\/p>\n<p>Massima potenza o durata della splinta: 1,58 kg<\/p>\n<p>Quantit\u00e0 di splinte per caricatore: <strong>100 pezzi<\/strong><\/p>\n<p>Confezione: min. 10.000 stecche\/scatola<\/p>\n<p>100.000 stecche\/cartone<\/p>\n<p>Peso: 0,02 kg\/mille<\/p>\n","protected":false},"excerpt":{"rendered":"<p><b>Clip sottili NY T-End da 7 mm per l&#8217;etichettatura di calze.<\/b> La massima qualit\u00e0 del nylon garantisce resistenza e durata. Il prezzo si intende per una scatola (10.000 pezzi). <\/p>\n","protected":false},"featured_media":13538,"template":"","meta":[],"product_cat":[394],"product_tag":[],"_links":{"self":[{"href":"https:\/\/stularplus.com\/it\/wp-json\/wp\/v2\/product\/13536"}],"collection":[{"href":"https:\/\/stularplus.com\/it\/wp-json\/wp\/v2\/product"}],"about":[{"href":"https:\/\/stularplus.com\/it\/wp-json\/wp\/v2\/types\/product"}],"wp:featuredmedia":[{"embeddable":true,"href":"https:\/\/stularplus.com\/it\/wp-json\/wp\/v2\/media\/13538"}],"wp:attachment":[{"href":"https:\/\/stularplus.com\/it\/wp-json\/wp\/v2\/media?parent=13536"}],"wp:term":[{"taxonomy":"product_cat","embeddable":true,"href":"https:\/\/stularplus.com\/it\/wp-json\/wp\/v2\/product_cat?post=13536"},{"taxonomy":"product_tag","embeddable":true,"href":"https:\/\/stularplus.com\/it\/wp-json\/wp\/v2\/product_tag?post=13536"}],"curies":[{"name":"wp","href":"https:\/\/api.w.org\/{rel}","templated":true}]}}