{"id":13550,"date":"2021-12-05T02:29:25","date_gmt":"2021-12-05T01:29:25","guid":{"rendered":"https:\/\/stularplus.com\/elementi-di-fissaggio-ny-con-estremita-a-t-in-tessuto-fine-da-11-mm\/"},"modified":"2026-01-05T10:10:27","modified_gmt":"2026-01-05T09:10:27","slug":"elementi-di-fissaggio-ny-con-estremita-a-t-in-tessuto-fine-da-11-mm","status":"publish","type":"product","link":"https:\/\/stularplus.com\/it\/elementi-di-fissaggio-ny-con-estremita-a-t-in-tessuto-fine-da-11-mm\/","title":{"rendered":"Elementi di fissaggio NY con estremit\u00e0 a T in tessuto fine da 11 mm"},"content":{"rendered":"<p><strong>Le splinte T-END NY da 11 mm sono realizzate al 100% in nylon<\/strong>, il che consente un&#8217;eccezionale resistenza e durata. Le speciali splinte in nylon T-END sono realizzate senza alette e sono ideali <strong>per l&#8217;etichettatura<\/strong> ovvero <strong>l&#8217;imballaggio di calze<\/strong> e altri prodotti tessili. <\/p>\n<p>L&#8217;uso di una pistola etichettatrice fine, che ha un ago pi\u00f9 sottile (Fine), garantisce di conseguenza una puntura minima nella calza, il che \u00e8 ovviamente una necessit\u00e0. La splinta T-end consente l&#8217;etichettatura o l&#8217;imballaggio ideale di un paio di calze. <\/p>\n<p>Le stecche sono confezionate in scatole da 10.000 pezzi.<\/p>\n<p>Le splinte a T sono meno visibili delle normali splinte. Vengono utilizzate per l&#8217;etichettatura dei prodotti e l&#8217;imballaggio (ad es. calze). Realizzate in nylon resistente, che garantisce un fissaggio sicuro. <strong>Le splinte a T garantiscono un aspetto finale pi\u00f9 gradevole del prodotto<\/strong>, il che rappresenta un vantaggio rispetto alle altre splinte che hanno un&#8217;estremit\u00e0 a paletta.  <\/p>\n<p>Le stecche Avery Dennison Blue Box Standard sono <strong>compatibili con tutte le pistole etichettatrici FINE.<\/strong><\/p>\n<p>Uso: <strong>imballaggio di calze<\/strong> (pi\u00f9 sottili)<\/p>\n<p>Per pistole etichettatrici di tipo: <strong>FINE<\/strong><\/p>\n<p>Avery Dennison, UTENSILE PG PER TESSUTI FINE MKIII (10312)<\/p>\n<p>Colore stecca: neutro<\/p>\n<p>Materiale: nylon<\/p>\n<p>Lunghezza della splinta: 11 mm<\/p>\n<p>Massima potenza o durata della splinta: 1,58 kg<\/p>\n<p>Quantit\u00e0 di splinte per caricatore: <strong>50 pezzi<\/strong><\/p>\n<p>Confezione: min. 10.000 stecche\/scatola<\/p>\n<p>100.000 stecche\/cartone<\/p>\n<p>Peso: 0,02 kg\/mille<\/p>\n","protected":false},"excerpt":{"rendered":"<p><b>Splinte fine NY T-End da 11 mm per l&#8217;etichettatura di calze.<\/b> La massima qualit\u00e0 del nylon garantisce resistenza e durata.<\/p>\n<p>Il prezzo si intende per scatola (10.000 pezzi).<\/p>\n","protected":false},"featured_media":13552,"template":"","meta":[],"product_cat":[394],"product_tag":[],"_links":{"self":[{"href":"https:\/\/stularplus.com\/it\/wp-json\/wp\/v2\/product\/13550"}],"collection":[{"href":"https:\/\/stularplus.com\/it\/wp-json\/wp\/v2\/product"}],"about":[{"href":"https:\/\/stularplus.com\/it\/wp-json\/wp\/v2\/types\/product"}],"wp:featuredmedia":[{"embeddable":true,"href":"https:\/\/stularplus.com\/it\/wp-json\/wp\/v2\/media\/13552"}],"wp:attachment":[{"href":"https:\/\/stularplus.com\/it\/wp-json\/wp\/v2\/media?parent=13550"}],"wp:term":[{"taxonomy":"product_cat","embeddable":true,"href":"https:\/\/stularplus.com\/it\/wp-json\/wp\/v2\/product_cat?post=13550"},{"taxonomy":"product_tag","embeddable":true,"href":"https:\/\/stularplus.com\/it\/wp-json\/wp\/v2\/product_tag?post=13550"}],"curies":[{"name":"wp","href":"https:\/\/api.w.org\/{rel}","templated":true}]}}