{"id":13695,"date":"2021-12-05T02:29:36","date_gmt":"2021-12-05T01:29:36","guid":{"rendered":"https:\/\/stularplus.com\/etichettatrice-apn-100\/"},"modified":"2026-01-05T10:14:53","modified_gmt":"2026-01-05T09:14:53","slug":"etichettatrice-apn-100","status":"publish","type":"product","link":"https:\/\/stularplus.com\/it\/etichettatrice-apn-100\/","title":{"rendered":"ETICHETTATRICE APN-100"},"content":{"rendered":"<p>Le <strong>etichettatrici TOWA<\/strong> possono utilizzare etichette in rotolo, etichette con codici a barre stampati e rotoli riavvolti.<\/p>\n<p>Le etichettatrici <strong>APN TOWA<\/strong> aumentano la produttivit\u00e0 e ogni azienda che utilizza etichette pu\u00f2 trarne vantaggio. Possono essere utilizzate per applicare etichette di indirizzi nelle aziende di logistica per alleviare il lavoro quotidiano di etichettatura sulle scatole di cartone. <\/p>\n<p>Sono state adottate dalla pi\u00f9 grande societ\u00e0 di trasporti per applicare etichette di spedizione sui pacchi. Al giorno d&#8217;oggi \u00e8 in aumento la richiesta di informazioni sul prodotto come il produttore e il luogo di produzione come tracciabilit\u00e0. <\/p>\n<p>Deriva dalla necessit\u00e0 di conoscere il luogo di produzione e <strong>TOWA APN<\/strong> aiuta ampiamente per i lavori di etichettatura nel settore. \u00c8 adatto per applicare l&#8217;etichetta su frutta, verdura, fiori, cereali, pesce, frutti di mare e cos\u00ec via nel punto di spedizione da aziende agricole e porti di pesca. <\/p>\n<p>Le <strong>etichettatrici TOWA<\/strong> utilizzano uno speciale rilevatore di bordi chiamato &#8220;<strong>Mech-Sensor System<\/strong>&#8221; che rileva automaticamente il bordo dell&#8217;etichetta fornendo una grande precisione nell&#8217;applicazione. Pu\u00f2 rilevare un&#8217;altezza dell&#8217;etichetta da 18 mm fino a 60 mm senza regolazione. Per questo motivo non \u00e8 necessaria alcuna regolazione meccanica per diverse dimensioni di etichette.<br \/>\nNon sono necessari fori di alimentazione, fessure o segni oculari sul liner di rilascio.  <\/p>\n<p><strong>Lunghezza dell&#8217;etichetta<\/strong>: da 18 a 60 mm<br \/>\n<strong>Larghezza etichetta<\/strong>: da 50 a 100 mm<br \/>\n\u00c8 richiesto uno spazio di 2-3 mm tra ogni etichetta<br \/>\n\u00c8 possibile applicare etichette con una larghezza massima di 100 mm. Non esiste uno strumento simile in circolazione. <\/p>\n<p><strong>Per etichette di larghezza compresa tra 55 e 100 mm.<\/strong><\/p>\n","protected":false},"excerpt":{"rendered":"<p><b>Strumento per applicare etichette. <\/b>Per etichette di larghezza compresa tra 55 e 100 mm. Uno strumento epocale per erogare e applicare in modo semplice e saldo etichette di codici a barre, etichette generali e sigilli in rotolo e pu\u00f2 essere utilizzato come un&#8217;etichettatrice manuale. <\/p>\n","protected":false},"featured_media":13701,"template":"","meta":[],"product_cat":[340],"product_tag":[],"_links":{"self":[{"href":"https:\/\/stularplus.com\/it\/wp-json\/wp\/v2\/product\/13695"}],"collection":[{"href":"https:\/\/stularplus.com\/it\/wp-json\/wp\/v2\/product"}],"about":[{"href":"https:\/\/stularplus.com\/it\/wp-json\/wp\/v2\/types\/product"}],"wp:featuredmedia":[{"embeddable":true,"href":"https:\/\/stularplus.com\/it\/wp-json\/wp\/v2\/media\/13701"}],"wp:attachment":[{"href":"https:\/\/stularplus.com\/it\/wp-json\/wp\/v2\/media?parent=13695"}],"wp:term":[{"taxonomy":"product_cat","embeddable":true,"href":"https:\/\/stularplus.com\/it\/wp-json\/wp\/v2\/product_cat?post=13695"},{"taxonomy":"product_tag","embeddable":true,"href":"https:\/\/stularplus.com\/it\/wp-json\/wp\/v2\/product_tag?post=13695"}],"curies":[{"name":"wp","href":"https:\/\/api.w.org\/{rel}","templated":true}]}}