{"id":13791,"date":"2021-12-05T02:29:41","date_gmt":"2021-12-05T01:29:41","guid":{"rendered":"https:\/\/stularplus.com\/etichettatrice-manuale-a-doppia-linea-108-cifre-premium\/"},"modified":"2026-01-05T10:17:13","modified_gmt":"2026-01-05T09:17:13","slug":"etichettatrice-manuale-a-doppia-linea-108-cifre-premium","status":"publish","type":"product","link":"https:\/\/stularplus.com\/it\/etichettatrice-manuale-a-doppia-linea-108-cifre-premium\/","title":{"rendered":"ETICHETTATRICE MANUALE A DOPPIA LINEA &#8211; 10+8 Cifre Premium"},"content":{"rendered":"<p><strong>Etichettatrice manuale Avery Dennison HL2\/18<\/strong><\/p>\n<p>La <strong>pistola prezzatrice<\/strong> CAS2\/18 offre un design ergonomico e leggero combinato con la durata delle plastiche resistenti agli urti. Le nostre <strong>etichettatrici<\/strong> <strong>manuali<\/strong> sono comunemente utilizzate per l&#8217;<strong>etichettatura dei prezzi<\/strong>, gli sconti, la rietichettatura, la <strong>codifica della data<\/strong> e il controllo qualit\u00e0. <\/p>\n<p>Riga superiore: numeri<br \/>\nRiga inferiore: numeri<\/p>\n<p>* Pistola per prezzi\/data\/codifica a 2 linee<br \/>\n* Riga superiore a 10 cifre<br \/>\n* Riga inferiore a 8 cifre<br \/>\n* Usi comuni: data, codifica e prezzi su righe separate<br \/>\n* La riga superiore con 10 bande significa che questa pistola prezza da 1 fino a 999999,99 \u20ac.<br \/>\n* La riga inferiore con 8 bande significa che questa pistola prezza da 1 fino a 9999,99 \u20ac<br \/>\n* Oltre a una serie di numeri, l&#8217;<strong>etichettatrice manuale<\/strong> offre i seguenti simboli: \u20ac, \u00a3, Kr, %, St, kg, g, Art.<br \/>\n* Utilizza etichette rettangolari per prezzi da 26 mm x 16 mm<br \/>\n* 1 rotolo di 1.000 etichette semplici incluso<\/p>\n<p><strong>Caratteristiche:<\/strong><\/p>\n<p><strong>Semplicit\u00e0<\/strong><\/p>\n<p>L&#8217;etichettatrice manuale Avery Dennison CAS2\/18 \u00e8 molto facile da usare. Basta caricare le etichette, impostare il prezzo del prodotto e iniziare a cliccare e incollare. <\/p>\n<p><strong>Portabilit\u00e0<\/strong><\/p>\n<p>La pistola prezzatrice Avery Dennison CAS2\/18 \u00e8 molto leggera perch\u00e9 pesa solo 0,36 kg quando \u00e8 completamente carica. Grazie al design compatto, pu\u00f2 essere facilmente trasferita nel tuo negozio e utilizzata facilmente in tutto il negozio. <\/p>\n<p><strong>Versatilit\u00e0<\/strong><\/p>\n<p><span id=\"result_box\" lang=\"en\">L&#8217;<span class=\"hps\">etichettatrice manuale<\/span> <span class=\"hps\">Avery<\/span> <span class=\"hps\">Dennison<\/span> CAS2\/18 <span class=\"hps\">\u00e8 pi\u00f9 di un semplice<\/span> <span class=\"hps\">marcatore<\/span> di <span class=\"hps\">prezzi<\/span>. <span class=\"hps\">Puoi usarla<\/span> <span class=\"hps\">per diversi scopi<\/span>, <span class=\"hps\">azioni<\/span> rapide <span class=\"hps\">sugli<\/span> <span class=\"hps\">scaffali<\/span> <span class=\"hps\">dei negozi<\/span> <span class=\"hps\">come<\/span> <span class=\"hps\">prezzi pi\u00f9 bassi<\/span>, prezzi di vendita, ad esempio.<\/span><\/p>\n<p><strong>Variet\u00e0<\/strong><\/p>\n<p>Puoi <span id=\"result_box\" lang=\"en\"><span class=\"hps\">scegliere dalla<\/span> <span class=\"hps\">nostra<\/span> <span class=\"hps\">ampia selezione di<\/span> <span class=\"hps\">etichette.<\/span> <span class=\"hps\">Diversi colori<\/span>, <span class=\"hps\">diversi scopi<\/span>, etichette <span class=\"hps\">rimovibili<\/span> o non rimovibili <span class=\"hps\">dove<\/span> <span class=\"hps\">la sicurezza \u00e8 importante<\/span>, ad esempio.<\/span><\/p>\n<p><strong>Affidabilit\u00e0<\/strong><\/p>\n<p><span id=\"result_box\" lang=\"en\"><span class=\"hps\">Avery<\/span> <span class=\"hps\">Dennison<\/span> <span class=\"hps\">\u00e8 un marchio che<\/span> <span class=\"hps\">\u00e8 presente<\/span> <span class=\"hps\">sul mercato<\/span> <span class=\"hps\">mondiale dal<\/span> <span class=\"hps\">1960.<\/span> <span class=\"hps\">\u00c8 sinonimo di<\/span> <span class=\"hps\">qualit\u00e0 ed<\/span> <span class=\"hps\">\u00e8 indispensabile<\/span> <span class=\"hps\">nel settore.<\/span><\/span><\/p>\n<p>Peso:<br \/>\n0,51 kg\/pz<\/p>\n","protected":false},"excerpt":{"rendered":"<p>Avery Dennison <b>Etichettatrice manuale a doppia linea<\/b> &#8211; 10+8 cifre, entrambe le linee numeriche. Queste <g id=\"gid_1\">etichettatrici manuali<\/g> sono comunemente utilizzate per l&#8217;etichettatura dei prezzi, gli sconti, la rietichettatura, la codifica della data e il controllo qualit\u00e0. Qualit\u00e0 premium.  <\/p>\n","protected":false},"featured_media":13796,"template":"","meta":[],"product_cat":[400],"product_tag":[],"_links":{"self":[{"href":"https:\/\/stularplus.com\/it\/wp-json\/wp\/v2\/product\/13791"}],"collection":[{"href":"https:\/\/stularplus.com\/it\/wp-json\/wp\/v2\/product"}],"about":[{"href":"https:\/\/stularplus.com\/it\/wp-json\/wp\/v2\/types\/product"}],"wp:featuredmedia":[{"embeddable":true,"href":"https:\/\/stularplus.com\/it\/wp-json\/wp\/v2\/media\/13796"}],"wp:attachment":[{"href":"https:\/\/stularplus.com\/it\/wp-json\/wp\/v2\/media?parent=13791"}],"wp:term":[{"taxonomy":"product_cat","embeddable":true,"href":"https:\/\/stularplus.com\/it\/wp-json\/wp\/v2\/product_cat?post=13791"},{"taxonomy":"product_tag","embeddable":true,"href":"https:\/\/stularplus.com\/it\/wp-json\/wp\/v2\/product_tag?post=13791"}],"curies":[{"name":"wp","href":"https:\/\/api.w.org\/{rel}","templated":true}]}}