{"id":13837,"date":"2021-12-05T02:29:51","date_gmt":"2021-12-05T01:29:51","guid":{"rendered":"https:\/\/stularplus.com\/fissatrici-biodegradabili-ecotach-std-40mm\/"},"modified":"2026-01-05T10:17:51","modified_gmt":"2026-01-05T09:17:51","slug":"fissatrici-biodegradabili-ecotach-std-40mm","status":"publish","type":"product","link":"https:\/\/stularplus.com\/it\/fissatrici-biodegradabili-ecotach-std-40mm\/","title":{"rendered":"Fissatrici biodegradabili EcoTach STD 40MM"},"content":{"rendered":"<p><strong>SOLUZIONE SOSTENIBILE PER L&#8217;ETICHETTATURA DI ABBIGLIAMENTO<\/strong><\/p>\n<p><em>Ridurre i piccoli rifiuti di plastica \u00e8 importante tanto quanto ridurre i grandi rifiuti.<\/em><\/p>\n<p>Il nostro partner <strong>Avery Dennison<\/strong> presenta <strong>ECOTACH<\/strong>\u2122. I <strong>fermagli biodegradabili (bio-PP)<\/strong> soddisfano le esigenze di rivenditori, proprietari di marchi, produttori e consumatori attenti all&#8217;ambiente che desiderano ridurre il proprio impatto ambientale.<\/p>\n<p>I fermagli bio-PP <strong>Ecotach<\/strong>\u2122 sono una novit\u00e0 assoluta a livello mondiale e contribuiranno a ridurre la quantit\u00e0 di plastica monouso che finisce nell&#8217;ambiente. Il nuovo fermaglio bio-PP \u00e8 realizzato con una miscela proprietaria di materiale in polipropilene specificamente progettata per biodegradarsi in meno di un anno una volta a contatto con il suolo, senza lasciare sostanze nocive. <\/p>\n<p>La tecnologia utilizzata non produce <strong>microplastiche<\/strong>, quindi quando un fermaglio si degrada, ci\u00f2 che rimane sono anidride carbonica, acqua e microbi (biomassa).<\/p>\n<p><strong>MOTIVATO E CONCERTATO<\/strong><\/p>\n<p>I fermagli <strong>Ecotach biodegradabili<\/strong> (bio-PP) sono dotati di un certificato di approvazione di biodegradabilit\u00e0 al 100% e sono conformi alla norma ISO 14021:2016. <\/p>\n<p><em><strong>Nuova tecnologia che consente ai fermagli di decomporsi dopo 1 anno di esposizione al suolo.<\/strong><\/em><\/p>\n<p><strong>FERMAGLI BIO-PP ECOTACH\u2122<\/strong><\/p>\n<p>\u2022 Decomposti da batteri presenti in natura.<\/p>\n<p>\u2022 La natura \u00e8 in grado di interagire nuovamente con il prodotto all&#8217;interno dell&#8217;ambiente tramite i quattro agenti di decomposizione della natura: luce, aria, umidit\u00e0 e microbi.<\/p>\n<p>\u2022 La tecnologia utilizzata non produce microplastiche. Ci\u00f2 che rimane sono anidride carbonica, acqua e microbi (biomassa). <\/p>\n<p>\u2022 Grazie a questa tecnologia, possiamo dimostrare la completa biodegradazione dei fermagli in polipropilene entro un anno in condizioni di contatto con il suolo<\/p>\n<p>Sapevi che ogni anno vengono prodotti 80 miliardi di capi di abbigliamento e che il 90% di essi ha una fascetta di plastica monouso, il che si traduce in 72 miliardi di fascette di plastica prodotte ogni anno per l&#8217;industria dell&#8217;abbigliamento?<\/p>\n<p><strong>\u00c8 ORA DI SOSTENERE QUESTO CAMBIAMENTO EPOCALE NEL MONDO DELL&#8217;ETICHETTATURA.<\/strong><\/p>\n<p>Scegli il miglior metodo di etichettatura sostenibile utilizzando fermagli biodegradabili e macchine etichettatrici Tagson a risparmio energetico!<\/p>\n","protected":false},"excerpt":{"rendered":"<p>I <b>primi fermagli STANDARD per tessuti biodegradabili al 100%<\/b> al mondo. Impatto ambientale inferiore scegliendo fermagli biodegradabili. Il prezzo si intende per confezione da 5.000 pz.  <\/p>\n","protected":false},"featured_media":13840,"template":"","meta":[],"product_cat":[289],"product_tag":[],"_links":{"self":[{"href":"https:\/\/stularplus.com\/it\/wp-json\/wp\/v2\/product\/13837"}],"collection":[{"href":"https:\/\/stularplus.com\/it\/wp-json\/wp\/v2\/product"}],"about":[{"href":"https:\/\/stularplus.com\/it\/wp-json\/wp\/v2\/types\/product"}],"wp:featuredmedia":[{"embeddable":true,"href":"https:\/\/stularplus.com\/it\/wp-json\/wp\/v2\/media\/13840"}],"wp:attachment":[{"href":"https:\/\/stularplus.com\/it\/wp-json\/wp\/v2\/media?parent=13837"}],"wp:term":[{"taxonomy":"product_cat","embeddable":true,"href":"https:\/\/stularplus.com\/it\/wp-json\/wp\/v2\/product_cat?post=13837"},{"taxonomy":"product_tag","embeddable":true,"href":"https:\/\/stularplus.com\/it\/wp-json\/wp\/v2\/product_tag?post=13837"}],"curies":[{"name":"wp","href":"https:\/\/api.w.org\/{rel}","templated":true}]}}