{"id":13859,"date":"2021-12-05T02:29:51","date_gmt":"2021-12-05T01:29:51","guid":{"rendered":"https:\/\/stularplus.com\/cassetta-per-applicatore-sato\/"},"modified":"2026-01-05T10:18:22","modified_gmt":"2026-01-05T09:18:22","slug":"cassetta-per-applicatore-sato","status":"publish","type":"product","link":"https:\/\/stularplus.com\/it\/cassetta-per-applicatore-sato\/","title":{"rendered":"Cassetta per applicatore SATO"},"content":{"rendered":"<p>Quando acquisti un applicatore SATO, ti consigliamo di acquistare cassette per ogni sconto separatamente. In questo modo, la sostituzione delle etichette sconto sar\u00e0 effettuata in pochi secondi, il che aumenter\u00e0 la produttivit\u00e0. Per cambiare rapidamente l&#8217;etichetta sconto, acquista cartucce aggiuntive per l&#8217;<strong>applicatore SATO promo Touch 33<\/strong>.  <\/p>\n","protected":false},"excerpt":{"rendered":"<p>Cassetta etichette aggiuntiva. Per cambiare rapidamente l&#8217;etichetta sconto, acquista cartucce aggiuntive per l&#8217;<strong>applicatore SATO promo Touch 33<\/strong>. <\/p>\n","protected":false},"featured_media":13864,"template":"","meta":[],"product_cat":[340],"product_tag":[],"_links":{"self":[{"href":"https:\/\/stularplus.com\/it\/wp-json\/wp\/v2\/product\/13859"}],"collection":[{"href":"https:\/\/stularplus.com\/it\/wp-json\/wp\/v2\/product"}],"about":[{"href":"https:\/\/stularplus.com\/it\/wp-json\/wp\/v2\/types\/product"}],"wp:featuredmedia":[{"embeddable":true,"href":"https:\/\/stularplus.com\/it\/wp-json\/wp\/v2\/media\/13864"}],"wp:attachment":[{"href":"https:\/\/stularplus.com\/it\/wp-json\/wp\/v2\/media?parent=13859"}],"wp:term":[{"taxonomy":"product_cat","embeddable":true,"href":"https:\/\/stularplus.com\/it\/wp-json\/wp\/v2\/product_cat?post=13859"},{"taxonomy":"product_tag","embeddable":true,"href":"https:\/\/stularplus.com\/it\/wp-json\/wp\/v2\/product_tag?post=13859"}],"curies":[{"name":"wp","href":"https:\/\/api.w.org\/{rel}","templated":true}]}}