{"id":13884,"date":"2021-12-05T02:29:51","date_gmt":"2021-12-05T01:29:51","guid":{"rendered":"https:\/\/stularplus.com\/applicatore-promozionale-sato\/"},"modified":"2026-01-05T10:18:33","modified_gmt":"2026-01-05T09:18:33","slug":"applicatore-promozionale-sato","status":"publish","type":"product","link":"https:\/\/stularplus.com\/it\/applicatore-promozionale-sato\/","title":{"rendered":"Applicatore promozionale SATO"},"content":{"rendered":"<p>Il dispositivo portatile <strong>SATO SP 33<\/strong> \u00e8 un&#8217;ottima soluzione per <strong>applicare\/etichettare etichette scontate<\/strong>, consentendoti di etichettare facilmente i tuoi prodotti. Una soluzione eccellente quando \u00e8 necessario <strong>contrassegnare rapidamente<\/strong> un gran numero di <strong>prodotti con sconti<\/strong>. <\/p>\n<p><strong>Quando l&#8217;etichettatura manuale richiede troppo tempo, \u00e8 il momento dell&#8217;applicatore Sato.<\/strong><\/p>\n<p>In molti negozi, alcuni prodotti devono essere etichettati con sconti di scadenza prima della data di scadenza o semplicemente per promuovere le vendite. Pertanto, le etichette di sconto sono apposte sia sui prodotti alimentari che non alimentari. Poich\u00e9 gli sconti sui prodotti sono diversi, \u00e8 necessario cambiare rapidamente le etichette sull&#8217;applicatore.  <\/p>\n<p>Ci\u00f2 \u00e8 reso possibile da &#8220;cartucce di etichette&#8221; aggiuntive che hanno gi\u00e0 le etichette inserite e la sostituzione delle cartucce con il sistema &#8220;Click &amp; Press&#8221; \u00e8 ancora pi\u00f9 veloce.<\/p>\n<p><strong>Etichettatura facile e veloce dei prodotti con sconti.<\/strong><\/p>\n<p><strong>OFFERTA ETICHETTE:<\/strong><\/p>\n<p>Offriamo bobine con una bobina di 650 adesivi e vari sconti. Oltre agli sconti classici, abbiamo la possibilit\u00e0 di stampare etichette a tua scelta. <\/p>\n<p>-10%, -20%, -30%, -40%, -50%, -60%, -70%<\/p>\n<p><strong>Aumenta la produttivit\u00e0<\/strong> nella tua azienda, magazzini, logistica, ecc. con gli applicatori SATO.<\/p>\n","protected":false},"excerpt":{"rendered":"<p>Applicatore portatile <strong>per l&#8217;installazione di etichette di sconto sui prodotti<\/strong>. Adatto a tutti i tipi di articoli che devono essere contrassegnati con qualsiasi sconto. Una soluzione rapida ed ergonomica aumenta la produttivit\u00e0 nel tuo negozio.  <\/p>\n","protected":false},"featured_media":13885,"template":"","meta":[],"product_cat":[340],"product_tag":[],"_links":{"self":[{"href":"https:\/\/stularplus.com\/it\/wp-json\/wp\/v2\/product\/13884"}],"collection":[{"href":"https:\/\/stularplus.com\/it\/wp-json\/wp\/v2\/product"}],"about":[{"href":"https:\/\/stularplus.com\/it\/wp-json\/wp\/v2\/types\/product"}],"wp:featuredmedia":[{"embeddable":true,"href":"https:\/\/stularplus.com\/it\/wp-json\/wp\/v2\/media\/13885"}],"wp:attachment":[{"href":"https:\/\/stularplus.com\/it\/wp-json\/wp\/v2\/media?parent=13884"}],"wp:term":[{"taxonomy":"product_cat","embeddable":true,"href":"https:\/\/stularplus.com\/it\/wp-json\/wp\/v2\/product_cat?post=13884"},{"taxonomy":"product_tag","embeddable":true,"href":"https:\/\/stularplus.com\/it\/wp-json\/wp\/v2\/product_tag?post=13884"}],"curies":[{"name":"wp","href":"https:\/\/api.w.org\/{rel}","templated":true}]}}