{"id":11263,"date":"2025-12-20T10:27:04","date_gmt":"2025-12-20T09:27:04","guid":{"rendered":"https:\/\/stularplus.com\/o-nas\/"},"modified":"2025-12-20T10:27:06","modified_gmt":"2025-12-20T09:27:06","slug":"o-nas","status":"publish","type":"page","link":"https:\/\/stularplus.com\/pl\/o-nas\/","title":{"rendered":"O nas"},"content":{"rendered":"\t\t<div data-elementor-type=\"wp-page\" data-elementor-id=\"11263\" class=\"elementor elementor-11263 elementor-3538\" data-elementor-post-type=\"page\">\n\t\t\t\t\t\t\t\t\t<section class=\"elementor-section elementor-top-section elementor-element elementor-element-af90e4d elementor-section-boxed elementor-section-height-default elementor-section-height-default\" data-id=\"af90e4d\" data-element_type=\"section\">\n\t\t\t\t\t\t<div class=\"elementor-container elementor-column-gap-default\">\n\t\t\t\t\t<div class=\"elementor-column elementor-col-50 elementor-top-column elementor-element elementor-element-35a956f\" data-id=\"35a956f\" data-element_type=\"column\">\n\t\t\t<div class=\"elementor-widget-wrap elementor-element-populated\">\n\t\t\t\t\t\t\t\t<section class=\"elementor-section elementor-inner-section elementor-element elementor-element-93ba415 elementor-section-content-middle elementor-section-boxed elementor-section-height-default elementor-section-height-default\" data-id=\"93ba415\" data-element_type=\"section\" data-settings=\"{&quot;background_background&quot;:&quot;classic&quot;}\">\n\t\t\t\t\t\t<div class=\"elementor-container elementor-column-gap-no\">\n\t\t\t\t\t<div class=\"elementor-column elementor-col-50 elementor-inner-column elementor-element elementor-element-8c86f31\" data-id=\"8c86f31\" data-element_type=\"column\">\n\t\t\t<div class=\"elementor-widget-wrap elementor-element-populated\">\n\t\t\t\t\t\t\t\t<div class=\"elementor-element elementor-element-c832ca9 elementor-widget elementor-widget-image\" data-id=\"c832ca9\" data-element_type=\"widget\" data-widget_type=\"image.default\">\n\t\t\t\t<div class=\"elementor-widget-container\">\n\t\t\t<style>\/*! elementor - v3.18.0 - 20-12-2023 *\/\n.elementor-widget-image{text-align:center}.elementor-widget-image a{display:inline-block}.elementor-widget-image a img[src$=\".svg\"]{width:48px}.elementor-widget-image img{vertical-align:middle;display:inline-block}<\/style>\t\t\t\t\t\t\t\t\t\t\t\t<img decoding=\"async\" width=\"240\" height=\"150\" src=\"https:\/\/stularplus.com\/wp-content\/uploads\/2021\/12\/menu-avtomatizirano-oznacevanje.jpg\" class=\"attachment-large size-large wp-image-11264\" alt=\"\" srcset=\"https:\/\/stularplus.com\/wp-content\/uploads\/2021\/12\/menu-avtomatizirano-oznacevanje.jpg 240w, https:\/\/stularplus.com\/wp-content\/uploads\/2021\/12\/menu-avtomatizirano-oznacevanje-64x40.jpg 64w\" sizes=\"(max-width: 240px) 100vw, 240px\" title=\"\">\t\t\t\t\t\t\t\t\t\t\t\t\t\t\t<\/div>\n\t\t\t\t<\/div>\n\t\t\t\t\t<\/div>\n\t\t<\/div>\n\t\t\t\t<div class=\"elementor-column elementor-col-50 elementor-inner-column elementor-element elementor-element-aaa4014\" data-id=\"aaa4014\" data-element_type=\"column\">\n\t\t\t<div class=\"elementor-widget-wrap elementor-element-populated\">\n\t\t\t\t\t\t\t\t<div class=\"elementor-element elementor-element-6b9a5ec elementor-align-left elementor-widget elementor-widget-button\" data-id=\"6b9a5ec\" data-element_type=\"widget\" data-widget_type=\"button.default\">\n\t\t\t\t<div class=\"elementor-widget-container\">\n\t\t\t\t\t<div class=\"elementor-button-wrapper\">\n\t\t\t<a class=\"elementor-button elementor-button-link elementor-size-sm elementor-animation-skew-forward\" href=\"\/?product_cat=industrijsko-oznacevanje\">\n\t\t\t\t\t\t<span class=\"elementor-button-content-wrapper\">\n\t\t\t\t\t\t<span class=\"elementor-button-text\">Automatyzacja<\/span>\n\t\t<\/span>\n\t\t\t\t\t<\/a>\n\t\t<\/div>\n\t\t\t\t<\/div>\n\t\t\t\t<\/div>\n\t\t\t\t\t<\/div>\n\t\t<\/div>\n\t\t\t\t\t\t\t<\/div>\n\t\t<\/section>\n\t\t\t\t<section class=\"elementor-section elementor-inner-section elementor-element elementor-element-b68f1ec elementor-section-content-middle elementor-section-boxed elementor-section-height-default elementor-section-height-default\" data-id=\"b68f1ec\" data-element_type=\"section\" data-settings=\"{&quot;background_background&quot;:&quot;classic&quot;}\">\n\t\t\t\t\t\t<div class=\"elementor-container elementor-column-gap-no\">\n\t\t\t\t\t<div class=\"elementor-column elementor-col-50 elementor-inner-column elementor-element elementor-element-9f000ec\" data-id=\"9f000ec\" data-element_type=\"column\">\n\t\t\t<div class=\"elementor-widget-wrap elementor-element-populated\">\n\t\t\t\t\t\t\t\t<div class=\"elementor-element elementor-element-1b2a480 elementor-widget elementor-widget-image\" data-id=\"1b2a480\" data-element_type=\"widget\" data-widget_type=\"image.default\">\n\t\t\t\t<div class=\"elementor-widget-container\">\n\t\t\t\t\t\t\t\t\t\t\t\t\t\t\t<img decoding=\"async\" width=\"240\" height=\"150\" src=\"https:\/\/stularplus.com\/wp-content\/uploads\/2021\/12\/menu-fischbein.jpg\" class=\"attachment-large size-large wp-image-11265\" alt=\"\" srcset=\"https:\/\/stularplus.com\/wp-content\/uploads\/2021\/12\/menu-fischbein.jpg 240w, https:\/\/stularplus.com\/wp-content\/uploads\/2021\/12\/menu-fischbein-64x40.jpg 64w\" sizes=\"(max-width: 240px) 100vw, 240px\" title=\"\">\t\t\t\t\t\t\t\t\t\t\t\t\t\t\t<\/div>\n\t\t\t\t<\/div>\n\t\t\t\t\t<\/div>\n\t\t<\/div>\n\t\t\t\t<div class=\"elementor-column elementor-col-50 elementor-inner-column elementor-element elementor-element-b2057fb\" data-id=\"b2057fb\" data-element_type=\"column\">\n\t\t\t<div class=\"elementor-widget-wrap elementor-element-populated\">\n\t\t\t\t\t\t\t\t<div class=\"elementor-element elementor-element-93f8715 elementor-align-left elementor-widget elementor-widget-button\" data-id=\"93f8715\" data-element_type=\"widget\" data-widget_type=\"button.default\">\n\t\t\t\t<div class=\"elementor-widget-container\">\n\t\t\t\t\t<div class=\"elementor-button-wrapper\">\n\t\t\t<a class=\"elementor-button elementor-button-link elementor-size-sm elementor-animation-skew-forward\" href=\"https:\/\/stularplus.com\/en\/kategorija\/fischbein-machines-and-consumables-en\/\">\n\t\t\t\t\t\t<span class=\"elementor-button-content-wrapper\">\n\t\t\t\t\t\t<span class=\"elementor-button-text\">Fischbein<\/span>\n\t\t<\/span>\n\t\t\t\t\t<\/a>\n\t\t<\/div>\n\t\t\t\t<\/div>\n\t\t\t\t<\/div>\n\t\t\t\t\t<\/div>\n\t\t<\/div>\n\t\t\t\t\t\t\t<\/div>\n\t\t<\/section>\n\t\t\t\t<section class=\"elementor-section elementor-inner-section elementor-element elementor-element-863ecee elementor-section-content-middle elementor-section-boxed elementor-section-height-default elementor-section-height-default\" data-id=\"863ecee\" data-element_type=\"section\" data-settings=\"{&quot;background_background&quot;:&quot;classic&quot;}\">\n\t\t\t\t\t\t<div class=\"elementor-container elementor-column-gap-no\">\n\t\t\t\t\t<div class=\"elementor-column elementor-col-50 elementor-inner-column elementor-element elementor-element-a9aa932\" data-id=\"a9aa932\" data-element_type=\"column\">\n\t\t\t<div class=\"elementor-widget-wrap elementor-element-populated\">\n\t\t\t\t\t\t\t\t<div class=\"elementor-element elementor-element-0a18483 elementor-widget elementor-widget-image\" data-id=\"0a18483\" data-element_type=\"widget\" data-widget_type=\"image.default\">\n\t\t\t\t<div class=\"elementor-widget-container\">\n\t\t\t\t\t\t\t\t\t\t\t\t\t\t\t<img decoding=\"async\" width=\"240\" height=\"150\" src=\"https:\/\/stularplus.com\/wp-content\/uploads\/2021\/12\/menu-zeleni-program.jpg\" class=\"attachment-large size-large wp-image-11266\" alt=\"\" srcset=\"https:\/\/stularplus.com\/wp-content\/uploads\/2021\/12\/menu-zeleni-program.jpg 240w, https:\/\/stularplus.com\/wp-content\/uploads\/2021\/12\/menu-zeleni-program-64x40.jpg 64w\" sizes=\"(max-width: 240px) 100vw, 240px\" title=\"\">\t\t\t\t\t\t\t\t\t\t\t\t\t\t\t<\/div>\n\t\t\t\t<\/div>\n\t\t\t\t\t<\/div>\n\t\t<\/div>\n\t\t\t\t<div class=\"elementor-column elementor-col-50 elementor-inner-column elementor-element elementor-element-a765058\" data-id=\"a765058\" data-element_type=\"column\">\n\t\t\t<div class=\"elementor-widget-wrap elementor-element-populated\">\n\t\t\t\t\t\t\t\t<div class=\"elementor-element elementor-element-8a9c31e elementor-align-left elementor-widget elementor-widget-button\" data-id=\"8a9c31e\" data-element_type=\"widget\" data-widget_type=\"button.default\">\n\t\t\t\t<div class=\"elementor-widget-container\">\n\t\t\t\t\t<div class=\"elementor-button-wrapper\">\n\t\t\t<a class=\"elementor-button elementor-button-link elementor-size-sm elementor-animation-skew-forward\" href=\"\/?product_tag=zeleni-program\">\n\t\t\t\t\t\t<span class=\"elementor-button-content-wrapper\">\n\t\t\t\t\t\t<span class=\"elementor-button-text\">Program ekologiczny<\/span>\n\t\t<\/span>\n\t\t\t\t\t<\/a>\n\t\t<\/div>\n\t\t\t\t<\/div>\n\t\t\t\t<\/div>\n\t\t\t\t\t<\/div>\n\t\t<\/div>\n\t\t\t\t\t\t\t<\/div>\n\t\t<\/section>\n\t\t\t\t\t<\/div>\n\t\t<\/div>\n\t\t\t\t<div class=\"elementor-column elementor-col-50 elementor-top-column elementor-element elementor-element-9d143cb\" data-id=\"9d143cb\" data-element_type=\"column\">\n\t\t\t<div class=\"elementor-widget-wrap elementor-element-populated\">\n\t\t\t\t\t\t\t\t<div class=\"elementor-element elementor-element-ecc9a14 elementor-widget elementor-widget-heading\" data-id=\"ecc9a14\" data-element_type=\"widget\" data-widget_type=\"heading.default\">\n\t\t\t\t<div class=\"elementor-widget-container\">\n\t\t\t<style>\/*! elementor - v3.18.0 - 20-12-2023 *\/\n.elementor-heading-title{padding:0;margin:0;line-height:1}.elementor-widget-heading .elementor-heading-title[class*=elementor-size-]>a{color:inherit;font-size:inherit;line-height:inherit}.elementor-widget-heading .elementor-heading-title.elementor-size-small{font-size:15px}.elementor-widget-heading .elementor-heading-title.elementor-size-medium{font-size:19px}.elementor-widget-heading .elementor-heading-title.elementor-size-large{font-size:29px}.elementor-widget-heading .elementor-heading-title.elementor-size-xl{font-size:39px}.elementor-widget-heading .elementor-heading-title.elementor-size-xxl{font-size:59px}<\/style><h5 class=\"elementor-heading-title elementor-size-default\">O nas<\/h5>\t\t<\/div>\n\t\t\t\t<\/div>\n\t\t\t\t<div class=\"elementor-element elementor-element-8870773 elementor-widget elementor-widget-heading\" data-id=\"8870773\" data-element_type=\"widget\" data-widget_type=\"heading.default\">\n\t\t\t\t<div class=\"elementor-widget-container\">\n\t\t\t<h2 class=\"elementor-heading-title elementor-size-default\">PREZENTACJA<\/h2>\t\t<\/div>\n\t\t\t\t<\/div>\n\t\t\t\t<div class=\"elementor-element elementor-element-f181c8b elementor-widget elementor-widget-text-editor\" data-id=\"f181c8b\" data-element_type=\"widget\" data-widget_type=\"text-editor.default\">\n\t\t\t\t<div class=\"elementor-widget-container\">\n\t\t\t<style>\/*! elementor - v3.18.0 - 20-12-2023 *\/\n.elementor-widget-text-editor.elementor-drop-cap-view-stacked .elementor-drop-cap{background-color:#69727d;color:#fff}.elementor-widget-text-editor.elementor-drop-cap-view-framed .elementor-drop-cap{color:#69727d;border:3px solid;background-color:transparent}.elementor-widget-text-editor:not(.elementor-drop-cap-view-default) .elementor-drop-cap{margin-top:8px}.elementor-widget-text-editor:not(.elementor-drop-cap-view-default) .elementor-drop-cap-letter{width:1em;height:1em}.elementor-widget-text-editor .elementor-drop-cap{float:left;text-align:center;line-height:1;font-size:50px}.elementor-widget-text-editor .elementor-drop-cap-letter{display:inline-block}<\/style>\t\t\t\t<p>Firma rodzinna Stular plus d.o.o. jest jedn\u0105 z wiod\u0105cych europejskich firm w zakresie produkt\u00f3w do oznaczania i etykietowania oraz zr\u00f3wnowa\u017conych maszyn do pakowania i oznaczania. Po wielu latach do\u015bwiadczenia we wsp\u00f3\u0142pracy z wiod\u0105cymi globalnymi korporacjami Avery Dennison oferujemy kompleksowe rozwi\u0105zania w zakresie ekologicznego pakowania, etykietowania i oznaczania produkt\u00f3w konsumenckich. Technologia i innowacje zawsze id\u0105 w parze z globalnymi trendami. Jeste\u015bmy niezawodnym partnerem biznesowym o wysokiej uczciwo\u015bci. Obecnie obs\u0142ugujemy ponad 250 klient\u00f3w na ca\u0142ym \u015bwiecie.     <\/p>\n<p>Bior\u0105c pod uwag\u0119 dotychczasowe i wcze\u015bniejsze doskona\u0142e wyniki w zakresie etykietowania, tagowania i pakowania, rodzinna firma \u0160tular plus otrzyma\u0142a wysokie wyr\u00f3\u017cnienie \u201ePremier Business Partner\u201d od Avery Dennison Group.<\/p>\n\t\t\t\t\t\t<\/div>\n\t\t\t\t<\/div>\n\t\t\t\t<div class=\"elementor-element elementor-element-0e38baf elementor-widget elementor-widget-heading\" data-id=\"0e38baf\" data-element_type=\"widget\" data-widget_type=\"heading.default\">\n\t\t\t\t<div class=\"elementor-widget-container\">\n\t\t\t<h2 class=\"elementor-heading-title elementor-size-default\">MISJA<\/h2>\t\t<\/div>\n\t\t\t\t<\/div>\n\t\t\t\t<div class=\"elementor-element elementor-element-4ff55bd elementor-widget elementor-widget-text-editor\" data-id=\"4ff55bd\" data-element_type=\"widget\" data-widget_type=\"text-editor.default\">\n\t\t\t\t<div class=\"elementor-widget-container\">\n\t\t\t\t\t\t\t<p>Dobra cena, najwy\u017csza jako\u015b\u0107 i szybka dostawa. Nasz\u0105 misj\u0105 jest zapewnienie wysokiej ekspertyzy naszych pracownik\u00f3w oraz jako\u015bci naszych produkt\u00f3w i us\u0142ug klientom dzi\u0119ki innowacyjnym i kompleksowym rozwi\u0105zaniom w zakresie etykietowania, oznaczania i pakowania. <\/p><p>Nasza misja to:<\/p><p><strong>Komunikacja!<\/strong><br>Komunikacja z klientami ma kluczowe znaczenie, poniewa\u017c chcemy pozna\u0107 i zrozumie\u0107 ich pragnienia, potrzeby i mo\u017cliwo\u015bci.<\/p><p><strong>Innowacje!<\/strong><br>Dzi\u0119ki nowym rozwi\u0105zaniom technologicznym i organizacyjnym oraz \u015bcis\u0142ej wsp\u00f3\u0142pracy z producentami w celu poprawy produktywno\u015bci, konkurencyjno\u015bci, kreatywno\u015bci i satysfakcji pracownik\u00f3w.<\/p><p><strong>Organizacja!<\/strong><br>Monitorujemy rozw\u00f3j sektora w kraju i za granic\u0105, dzi\u0119ki czemu jeste\u015bmy w stanie dostosowa\u0107 si\u0119 do potrzeb naszych klient\u00f3w z dynamiczn\u0105 szybko\u015bci\u0105, wysok\u0105 jako\u015bci\u0105 i w przyst\u0119pnej cenie.<\/p><p><strong>Odpowiedzialno\u015b\u0107 finansowa!<\/strong><br>Od za\u0142o\u017cenia firmy, pomimo sytuacji kryzysowej, utrzymujemy si\u0119 na rynku z wysok\u0105 ocen\u0105 kredytow\u0105 firm (8\/10), kt\u00f3ra plasuje nas w\u015br\u00f3d firm najwy\u017cszej jako\u015bci.<\/p><p><strong>Na magazynie!<\/strong> <br>Ze wzgl\u0119du na trudno\u015bci, z kt\u00f3rymi wszyscy mierzymy si\u0119 na ca\u0142ym \u015bwiecie, utrzymujemy du\u017ce zapasy produkt\u00f3w, aby zapewni\u0107 zadowolenie naszych klient\u00f3w i ci\u0105g\u0142o\u015b\u0107 produkcji. Je\u015bli potrzebuj\u0105 Pa\u0144stwo niezawodnego dostawcy, s\u0105 Pa\u0144stwo we w\u0142a\u015bciwym miejscu.  <\/p><p> <\/p>\t\t\t\t\t\t<\/div>\n\t\t\t\t<\/div>\n\t\t\t\t<div class=\"elementor-element elementor-element-26278fd elementor-widget elementor-widget-heading\" data-id=\"26278fd\" data-element_type=\"widget\" data-widget_type=\"heading.default\">\n\t\t\t\t<div class=\"elementor-widget-container\">\n\t\t\t<h2 class=\"elementor-heading-title elementor-size-default\">WIZJA<\/h2>\t\t<\/div>\n\t\t\t\t<\/div>\n\t\t\t\t<div class=\"elementor-element elementor-element-8e6dee9 elementor-widget elementor-widget-text-editor\" data-id=\"8e6dee9\" data-element_type=\"widget\" data-widget_type=\"text-editor.default\">\n\t\t\t\t<div class=\"elementor-widget-container\">\n\t\t\t\t\t\t\t<p>Ze wzgl\u0119du na niezwykle korzystne po\u0142o\u017cenie siedziby i magazynu firmy, europejsk\u0105 polityk\u0119 monetarn\u0105 oraz S\u0142oweni\u0119 jako cz\u0142onka wsp\u00f3lnoty europejskiej chcemy sta\u0107 si\u0119 wiod\u0105cym dostawc\u0105 rozwi\u0105za\u0144 do oznaczania i pakowania. Dzi\u0119ki naszej nowej marce TAGSON weszli\u015bmy na rynek z nowymi maszynami do oznaczania i ekologicznego pakowania Made in Europe, indywidualnym podej\u015bciem i laboratorium testowym. Zostanie to osi\u0105gni\u0119te poprzez skupienie si\u0119 na firmach klienckich we wszystkich obszarach pracy i utrzymanie ich lojalno\u015bci oraz poprzez ustanowienie standard\u00f3w jako\u015bci i innowacji dla rozwi\u0105za\u0144 aplikacyjnych.   <\/p>\n\t\t\t\t\t\t<\/div>\n\t\t\t\t<\/div>\n\t\t\t\t\t<\/div>\n\t\t<\/div>\n\t\t\t\t\t\t\t<\/div>\n\t\t<\/section>\n\t\t\t\t\t\t\t<\/div>\n\t\t","protected":false},"excerpt":{"rendered":"<p>Automatyzacja Fischbein Program ekologiczny PREZENTACJA Firma rodzinna Stular plus d.o.o. jest jedn\u0105 z wiod\u0105cych europejskich firm w zakresie produkt\u00f3w do oznaczania i etykietowania oraz zr\u00f3wnowa\u017conych maszyn do pakowania i oznaczania. Po wielu latach do\u015bwiadczenia we wsp\u00f3\u0142pracy z wiod\u0105cymi globalnymi korporacjami Avery Dennison oferujemy kompleksowe rozwi\u0105zania w zakresie ekologicznego pakowania, etykietowania i oznaczania produkt\u00f3w konsumenckich. Technologia [&hellip;]<\/p>\n","protected":false},"author":1,"featured_media":0,"parent":0,"menu_order":36,"comment_status":"closed","ping_status":"closed","template":"","meta":{"footnotes":""},"_links":{"self":[{"href":"https:\/\/stularplus.com\/pl\/wp-json\/wp\/v2\/pages\/11263"}],"collection":[{"href":"https:\/\/stularplus.com\/pl\/wp-json\/wp\/v2\/pages"}],"about":[{"href":"https:\/\/stularplus.com\/pl\/wp-json\/wp\/v2\/types\/page"}],"author":[{"embeddable":true,"href":"https:\/\/stularplus.com\/pl\/wp-json\/wp\/v2\/users\/1"}],"replies":[{"embeddable":true,"href":"https:\/\/stularplus.com\/pl\/wp-json\/wp\/v2\/comments?post=11263"}],"version-history":[{"count":0,"href":"https:\/\/stularplus.com\/pl\/wp-json\/wp\/v2\/pages\/11263\/revisions"}],"wp:attachment":[{"href":"https:\/\/stularplus.com\/pl\/wp-json\/wp\/v2\/media?parent=11263"}],"curies":[{"name":"wp","href":"https:\/\/api.w.org\/{rel}","templated":true}]}}