{"id":11728,"date":"2025-12-20T10:36:45","date_gmt":"2025-12-20T09:36:45","guid":{"rendered":"https:\/\/stularplus.com\/polityka-prywatnosci\/"},"modified":"2025-12-20T10:36:56","modified_gmt":"2025-12-20T09:36:56","slug":"polityka-prywatnosci","status":"publish","type":"page","link":"https:\/\/stularplus.com\/pl\/polityka-prywatnosci\/","title":{"rendered":"Polityka Prywatno\u015bci"},"content":{"rendered":"\t\t<div data-elementor-type=\"wp-page\" data-elementor-id=\"11728\" class=\"elementor elementor-11728 elementor-3542\" data-elementor-post-type=\"page\">\n\t\t\t\t\t\t\t\t\t<section class=\"elementor-section elementor-top-section elementor-element elementor-element-f26e676 elementor-section-boxed elementor-section-height-default elementor-section-height-default\" data-id=\"f26e676\" data-element_type=\"section\">\n\t\t\t\t\t\t<div class=\"elementor-container elementor-column-gap-default\">\n\t\t\t\t\t<div class=\"elementor-column elementor-col-50 elementor-top-column elementor-element elementor-element-23b898e\" data-id=\"23b898e\" data-element_type=\"column\">\n\t\t\t<div class=\"elementor-widget-wrap elementor-element-populated\">\n\t\t\t\t\t\t\t\t<section class=\"elementor-section elementor-inner-section elementor-element elementor-element-ed791f8 elementor-section-content-middle elementor-section-boxed elementor-section-height-default elementor-section-height-default\" data-id=\"ed791f8\" data-element_type=\"section\" data-settings=\"{&quot;background_background&quot;:&quot;classic&quot;}\">\n\t\t\t\t\t\t<div class=\"elementor-container elementor-column-gap-no\">\n\t\t\t\t\t<div class=\"elementor-column elementor-col-50 elementor-inner-column elementor-element elementor-element-d6ce97f\" data-id=\"d6ce97f\" data-element_type=\"column\">\n\t\t\t<div class=\"elementor-widget-wrap elementor-element-populated\">\n\t\t\t\t\t\t\t\t<div class=\"elementor-element elementor-element-b1eee45 elementor-widget elementor-widget-image\" data-id=\"b1eee45\" data-element_type=\"widget\" data-widget_type=\"image.default\">\n\t\t\t\t<div class=\"elementor-widget-container\">\n\t\t\t<style>\/*! elementor - v3.18.0 - 20-12-2023 *\/\n.elementor-widget-image{text-align:center}.elementor-widget-image a{display:inline-block}.elementor-widget-image a img[src$=\".svg\"]{width:48px}.elementor-widget-image img{vertical-align:middle;display:inline-block}<\/style>\t\t\t\t\t\t\t\t\t\t\t\t<img decoding=\"async\" width=\"240\" height=\"150\" src=\"https:\/\/stularplus.com\/wp-content\/uploads\/2021\/12\/menu-avtomatizirano-oznacevanje.jpg\" class=\"attachment-large size-large wp-image-11264\" alt=\"\" srcset=\"https:\/\/stularplus.com\/wp-content\/uploads\/2021\/12\/menu-avtomatizirano-oznacevanje.jpg 240w, https:\/\/stularplus.com\/wp-content\/uploads\/2021\/12\/menu-avtomatizirano-oznacevanje-64x40.jpg 64w\" sizes=\"(max-width: 240px) 100vw, 240px\" title=\"\">\t\t\t\t\t\t\t\t\t\t\t\t\t\t\t<\/div>\n\t\t\t\t<\/div>\n\t\t\t\t\t<\/div>\n\t\t<\/div>\n\t\t\t\t<div class=\"elementor-column elementor-col-50 elementor-inner-column elementor-element elementor-element-f79fde2\" data-id=\"f79fde2\" data-element_type=\"column\">\n\t\t\t<div class=\"elementor-widget-wrap elementor-element-populated\">\n\t\t\t\t\t\t\t\t<div class=\"elementor-element elementor-element-1f0d74c elementor-align-left elementor-widget elementor-widget-button\" data-id=\"1f0d74c\" data-element_type=\"widget\" data-widget_type=\"button.default\">\n\t\t\t\t<div class=\"elementor-widget-container\">\n\t\t\t\t\t<div class=\"elementor-button-wrapper\">\n\t\t\t<a class=\"elementor-button elementor-button-link elementor-size-sm elementor-animation-skew-forward\" href=\"\/?product_cat=industrijsko-oznacevanje\">\n\t\t\t\t\t\t<span class=\"elementor-button-content-wrapper\">\n\t\t\t\t\t\t<span class=\"elementor-button-text\">Automatyzacja<\/span>\n\t\t<\/span>\n\t\t\t\t\t<\/a>\n\t\t<\/div>\n\t\t\t\t<\/div>\n\t\t\t\t<\/div>\n\t\t\t\t\t<\/div>\n\t\t<\/div>\n\t\t\t\t\t\t\t<\/div>\n\t\t<\/section>\n\t\t\t\t<section class=\"elementor-section elementor-inner-section elementor-element elementor-element-2575c5a elementor-section-content-middle elementor-section-boxed elementor-section-height-default elementor-section-height-default\" data-id=\"2575c5a\" data-element_type=\"section\" data-settings=\"{&quot;background_background&quot;:&quot;classic&quot;}\">\n\t\t\t\t\t\t<div class=\"elementor-container elementor-column-gap-no\">\n\t\t\t\t\t<div class=\"elementor-column elementor-col-50 elementor-inner-column elementor-element elementor-element-6ae102e\" data-id=\"6ae102e\" data-element_type=\"column\">\n\t\t\t<div class=\"elementor-widget-wrap elementor-element-populated\">\n\t\t\t\t\t\t\t\t<div class=\"elementor-element elementor-element-1a1bb84 elementor-widget elementor-widget-image\" data-id=\"1a1bb84\" data-element_type=\"widget\" data-widget_type=\"image.default\">\n\t\t\t\t<div class=\"elementor-widget-container\">\n\t\t\t\t\t\t\t\t\t\t\t\t\t\t\t<img decoding=\"async\" width=\"240\" height=\"150\" src=\"https:\/\/stularplus.com\/wp-content\/uploads\/2021\/12\/menu-fischbein.jpg\" class=\"attachment-large size-large wp-image-11265\" alt=\"\" srcset=\"https:\/\/stularplus.com\/wp-content\/uploads\/2021\/12\/menu-fischbein.jpg 240w, https:\/\/stularplus.com\/wp-content\/uploads\/2021\/12\/menu-fischbein-64x40.jpg 64w\" sizes=\"(max-width: 240px) 100vw, 240px\" title=\"\">\t\t\t\t\t\t\t\t\t\t\t\t\t\t\t<\/div>\n\t\t\t\t<\/div>\n\t\t\t\t\t<\/div>\n\t\t<\/div>\n\t\t\t\t<div class=\"elementor-column elementor-col-50 elementor-inner-column elementor-element elementor-element-308a229\" data-id=\"308a229\" data-element_type=\"column\">\n\t\t\t<div class=\"elementor-widget-wrap elementor-element-populated\">\n\t\t\t\t\t\t\t\t<div class=\"elementor-element elementor-element-e3891b4 elementor-align-left elementor-widget elementor-widget-button\" data-id=\"e3891b4\" data-element_type=\"widget\" data-widget_type=\"button.default\">\n\t\t\t\t<div class=\"elementor-widget-container\">\n\t\t\t\t\t<div class=\"elementor-button-wrapper\">\n\t\t\t<a class=\"elementor-button elementor-button-link elementor-size-sm elementor-animation-skew-forward\" href=\"https:\/\/stularplus.com\/en\/kategorija\/fischbein-machines-and-consumables-en\/\">\n\t\t\t\t\t\t<span class=\"elementor-button-content-wrapper\">\n\t\t\t\t\t\t<span class=\"elementor-button-text\">Maszyny i urz\u0105dzenia Fischbein<\/span>\n\t\t<\/span>\n\t\t\t\t\t<\/a>\n\t\t<\/div>\n\t\t\t\t<\/div>\n\t\t\t\t<\/div>\n\t\t\t\t\t<\/div>\n\t\t<\/div>\n\t\t\t\t\t\t\t<\/div>\n\t\t<\/section>\n\t\t\t\t<section class=\"elementor-section elementor-inner-section elementor-element elementor-element-b4e4862 elementor-section-content-middle elementor-section-boxed elementor-section-height-default elementor-section-height-default\" data-id=\"b4e4862\" data-element_type=\"section\" data-settings=\"{&quot;background_background&quot;:&quot;classic&quot;}\">\n\t\t\t\t\t\t<div class=\"elementor-container elementor-column-gap-no\">\n\t\t\t\t\t<div class=\"elementor-column elementor-col-50 elementor-inner-column elementor-element elementor-element-75e5942\" data-id=\"75e5942\" data-element_type=\"column\">\n\t\t\t<div class=\"elementor-widget-wrap elementor-element-populated\">\n\t\t\t\t\t\t\t\t<div class=\"elementor-element elementor-element-a3c503a elementor-widget elementor-widget-image\" data-id=\"a3c503a\" data-element_type=\"widget\" data-widget_type=\"image.default\">\n\t\t\t\t<div class=\"elementor-widget-container\">\n\t\t\t\t\t\t\t\t\t\t\t\t\t\t\t<img decoding=\"async\" width=\"240\" height=\"150\" src=\"https:\/\/stularplus.com\/wp-content\/uploads\/2021\/12\/menu-zeleni-program.jpg\" class=\"attachment-large size-large wp-image-11266\" alt=\"\" srcset=\"https:\/\/stularplus.com\/wp-content\/uploads\/2021\/12\/menu-zeleni-program.jpg 240w, https:\/\/stularplus.com\/wp-content\/uploads\/2021\/12\/menu-zeleni-program-64x40.jpg 64w\" sizes=\"(max-width: 240px) 100vw, 240px\" title=\"\">\t\t\t\t\t\t\t\t\t\t\t\t\t\t\t<\/div>\n\t\t\t\t<\/div>\n\t\t\t\t\t<\/div>\n\t\t<\/div>\n\t\t\t\t<div class=\"elementor-column elementor-col-50 elementor-inner-column elementor-element elementor-element-41726a0\" data-id=\"41726a0\" data-element_type=\"column\">\n\t\t\t<div class=\"elementor-widget-wrap elementor-element-populated\">\n\t\t\t\t\t\t\t\t<div class=\"elementor-element elementor-element-f086864 elementor-align-left elementor-widget elementor-widget-button\" data-id=\"f086864\" data-element_type=\"widget\" data-widget_type=\"button.default\">\n\t\t\t\t<div class=\"elementor-widget-container\">\n\t\t\t\t\t<div class=\"elementor-button-wrapper\">\n\t\t\t<a class=\"elementor-button elementor-button-link elementor-size-sm elementor-animation-skew-forward\" href=\"\/?product_tag=zeleni-program\">\n\t\t\t\t\t\t<span class=\"elementor-button-content-wrapper\">\n\t\t\t\t\t\t<span class=\"elementor-button-text\">Program ekologiczny<\/span>\n\t\t<\/span>\n\t\t\t\t\t<\/a>\n\t\t<\/div>\n\t\t\t\t<\/div>\n\t\t\t\t<\/div>\n\t\t\t\t\t<\/div>\n\t\t<\/div>\n\t\t\t\t\t\t\t<\/div>\n\t\t<\/section>\n\t\t\t\t\t<\/div>\n\t\t<\/div>\n\t\t\t\t<div class=\"elementor-column elementor-col-50 elementor-top-column elementor-element elementor-element-86c44c7\" data-id=\"86c44c7\" data-element_type=\"column\">\n\t\t\t<div class=\"elementor-widget-wrap elementor-element-populated\">\n\t\t\t\t\t\t\t\t<div class=\"elementor-element elementor-element-e6a6e85 elementor-widget elementor-widget-heading\" data-id=\"e6a6e85\" data-element_type=\"widget\" data-widget_type=\"heading.default\">\n\t\t\t\t<div class=\"elementor-widget-container\">\n\t\t\t<style>\/*! elementor - v3.18.0 - 20-12-2023 *\/\n.elementor-heading-title{padding:0;margin:0;line-height:1}.elementor-widget-heading .elementor-heading-title[class*=elementor-size-]>a{color:inherit;font-size:inherit;line-height:inherit}.elementor-widget-heading .elementor-heading-title.elementor-size-small{font-size:15px}.elementor-widget-heading .elementor-heading-title.elementor-size-medium{font-size:19px}.elementor-widget-heading .elementor-heading-title.elementor-size-large{font-size:29px}.elementor-widget-heading .elementor-heading-title.elementor-size-xl{font-size:39px}.elementor-widget-heading .elementor-heading-title.elementor-size-xxl{font-size:59px}<\/style><h5 class=\"elementor-heading-title elementor-size-default\">Polityka Prywatno\u015bci<\/h5>\t\t<\/div>\n\t\t\t\t<\/div>\n\t\t\t\t<div class=\"elementor-element elementor-element-005c81c elementor-widget elementor-widget-heading\" data-id=\"005c81c\" data-element_type=\"widget\" data-widget_type=\"heading.default\">\n\t\t\t\t<div class=\"elementor-widget-container\">\n\t\t\t<h1 class=\"elementor-heading-title elementor-size-default\">Polityka prywatno\u015bci<\/h1>\t\t<\/div>\n\t\t\t\t<\/div>\n\t\t\t\t<div class=\"elementor-element elementor-element-ed53831 elementor-widget elementor-widget-text-editor\" data-id=\"ed53831\" data-element_type=\"widget\" data-widget_type=\"text-editor.default\">\n\t\t\t\t<div class=\"elementor-widget-container\">\n\t\t\t<style>\/*! elementor - v3.18.0 - 20-12-2023 *\/\n.elementor-widget-text-editor.elementor-drop-cap-view-stacked .elementor-drop-cap{background-color:#69727d;color:#fff}.elementor-widget-text-editor.elementor-drop-cap-view-framed .elementor-drop-cap{color:#69727d;border:3px solid;background-color:transparent}.elementor-widget-text-editor:not(.elementor-drop-cap-view-default) .elementor-drop-cap{margin-top:8px}.elementor-widget-text-editor:not(.elementor-drop-cap-view-default) .elementor-drop-cap-letter{width:1em;height:1em}.elementor-widget-text-editor .elementor-drop-cap{float:left;text-align:center;line-height:1;font-size:50px}.elementor-widget-text-editor .elementor-drop-cap-letter{display:inline-block}<\/style>\t\t\t\t<p><strong>Nasze Zobowi\u0105zanie do Prywatno\u015bci<\/strong><br>Pa\u0144stwa prywatno\u015b\u0107 jest dla nas wa\u017cna. Aby lepiej chroni\u0107 Pa\u0144stwa prywatno\u015b\u0107, udost\u0119pniamy niniejsze o\u015bwiadczenie wyja\u015bniaj\u0105ce nasze praktyki dotycz\u0105ce informacji online oraz wybory, jakie mog\u0105 Pa\u0144stwo dokona\u0107 w zakresie sposobu gromadzenia i wykorzystywania Pa\u0144stwa informacji. Aby to o\u015bwiadczenie by\u0142o \u0142atwe do znalezienia, udost\u0119pniamy je na naszej stronie g\u0142\u00f3wnej oraz w ka\u017cdym miejscu, gdzie mog\u0105 by\u0107 wymagane dane osobowe.  <\/p><p><strong>Informacje, kt\u00f3re gromadzimy:<\/strong><br>Niniejsze o\u015bwiadczenie dotyczy wszystkich informacji gromadzonych lub przesy\u0142anych na stronie internetowej Stular plus d.o.o. Na niekt\u00f3rych stronach mo\u017cna zamawia\u0107 produkty, sk\u0142ada\u0107 zapytania oraz rejestrowa\u0107 si\u0119 w celu otrzymywania materia\u0142\u00f3w. Rodzaje danych osobowych gromadzonych na tych stronach to:<br>Imi\u0119 i nazwisko<br>Adres<br>Adres e-mail<br>Numer telefonu  <\/p><p><strong>Spos\u00f3b wykorzystywania informacji:<\/strong><br>Informacje, kt\u00f3re Pa\u0144stwo podaj\u0105 o sobie podczas sk\u0142adania zam\u00f3wienia, wykorzystujemy wy\u0142\u0105cznie w celu realizacji tego zam\u00f3wienia. Nie udost\u0119pniamy tych informacji stronom zewn\u0119trznym, z wyj\u0105tkiem przypadk\u00f3w niezb\u0119dnych do realizacji zam\u00f3wienia. Informacje, kt\u00f3re Pa\u0144stwo podaj\u0105 o innej osobie podczas sk\u0142adania zam\u00f3wienia, wykorzystujemy wy\u0142\u0105cznie w celu wysy\u0142ki produktu i potwierdzenia dostawy.   Nie udost\u0119pniamy tych informacji stronom zewn\u0119trznym, z wyj\u0105tkiem przypadk\u00f3w niezb\u0119dnych do realizacji zam\u00f3wienia.<\/p><p>Adresy e-mail zwrotnych wykorzystujemy do odpowiadania na otrzymywane wiadomo\u015bci e-mail. Takie adresy nie s\u0105 wykorzystywane w \u017cadnym innym celu i nie s\u0105 udost\u0119pniane stronom zewn\u0119trznym. <\/p><p>Mog\u0105 si\u0119 Pa\u0144stwo zarejestrowa\u0107 na naszej stronie internetowej, je\u015bli chcieliby Pa\u0144stwo otrzymywa\u0107 nasz katalog oraz aktualizacje dotycz\u0105ce naszych nowych produkt\u00f3w i us\u0142ug. Informacje przesy\u0142ane na naszej stronie internetowej nie b\u0119d\u0105 wykorzystywane w tym celu. <\/p><p>Wreszcie, nigdy nie wykorzystujemy ani nie udost\u0119pniamy danych osobowych przekazanych nam online w spos\u00f3b niezwi\u0105zany z opisanymi powy\u017cej celami, bez zapewnienia Pa\u0144stwu mo\u017cliwo\u015bci rezygnacji lub innego zakazu takich niezwi\u0105zanych zastosowa\u0144.<\/p><p><strong>Nasze Zobowi\u0105zanie do Bezpiecze\u0144stwa Danych<\/strong><br>Aby zapobiec nieautoryzowanemu dost\u0119powi, zachowa\u0107 dok\u0142adno\u015b\u0107 danych i zapewni\u0107 prawid\u0142owe wykorzystywanie informacji, wdro\u017cyli\u015bmy odpowiednie procedury fizyczne, elektroniczne i zarz\u0105dcze w celu ochrony i zabezpieczenia informacji gromadzonych online.<\/p>\t\t\t\t\t\t<\/div>\n\t\t\t\t<\/div>\n\t\t\t\t<div class=\"elementor-element elementor-element-8208fdd elementor-widget elementor-widget-heading\" data-id=\"8208fdd\" data-element_type=\"widget\" data-widget_type=\"heading.default\">\n\t\t\t\t<div class=\"elementor-widget-container\">\n\t\t\t<h2 class=\"elementor-heading-title elementor-size-default\">CENY NETTO<\/h2>\t\t<\/div>\n\t\t\t\t<\/div>\n\t\t\t\t<div class=\"elementor-element elementor-element-0ba0ac5 elementor-widget elementor-widget-text-editor\" data-id=\"0ba0ac5\" data-element_type=\"widget\" data-widget_type=\"text-editor.default\">\n\t\t\t\t<div class=\"elementor-widget-container\">\n\t\t\t\t\t\t\t<p>Wszystkie produkty w naszym e-sklepie maj\u0105 ceny netto. Klientom z kraj\u00f3w UE, kt\u00f3rzy zostali upowa\u017cnieni do przeprowadzania transakcji mi\u0119dzy krajami UE (posiadaj\u0105 wa\u017cny numer VAT UE), wystawiamy faktury z 0% VAT. Je\u015bli Pa\u0144stwa firma nie jest p\u0142atnikiem podatku, nale\u017cy zap\u0142aci\u0107 22% s\u0142owe\u0144skiego VAT. Przed wys\u0142aniem zam\u00f3wienia prosimy o podanie w formularzu rejestracyjnym numeru VAT firmy, a system sprawdzi i w przypadku, gdy s\u0105 Pa\u0144stwo p\u0142atnikiem podatku, r\u00f3wnie\u017c usunie 22% VAT z koszyka.   <\/p>\t\t\t\t\t\t<\/div>\n\t\t\t\t<\/div>\n\t\t\t\t\t<\/div>\n\t\t<\/div>\n\t\t\t\t\t\t\t<\/div>\n\t\t<\/section>\n\t\t\t\t\t\t\t<\/div>\n\t\t","protected":false},"excerpt":{"rendered":"<p>Automatyzacja Maszyny i urz\u0105dzenia Fischbein Program ekologiczny Polityka prywatno\u015bci Nasze Zobowi\u0105zanie do Prywatno\u015bciPa\u0144stwa prywatno\u015b\u0107 jest dla nas wa\u017cna. Aby lepiej chroni\u0107 Pa\u0144stwa prywatno\u015b\u0107, udost\u0119pniamy niniejsze o\u015bwiadczenie wyja\u015bniaj\u0105ce nasze praktyki dotycz\u0105ce informacji online oraz wybory, jakie mog\u0105 Pa\u0144stwo dokona\u0107 w zakresie sposobu gromadzenia i wykorzystywania Pa\u0144stwa informacji. Aby to o\u015bwiadczenie by\u0142o \u0142atwe do znalezienia, udost\u0119pniamy je [&hellip;]<\/p>\n","protected":false},"author":1,"featured_media":0,"parent":0,"menu_order":55,"comment_status":"closed","ping_status":"closed","template":"","meta":{"footnotes":""},"_links":{"self":[{"href":"https:\/\/stularplus.com\/pl\/wp-json\/wp\/v2\/pages\/11728"}],"collection":[{"href":"https:\/\/stularplus.com\/pl\/wp-json\/wp\/v2\/pages"}],"about":[{"href":"https:\/\/stularplus.com\/pl\/wp-json\/wp\/v2\/types\/page"}],"author":[{"embeddable":true,"href":"https:\/\/stularplus.com\/pl\/wp-json\/wp\/v2\/users\/1"}],"replies":[{"embeddable":true,"href":"https:\/\/stularplus.com\/pl\/wp-json\/wp\/v2\/comments?post=11728"}],"version-history":[{"count":0,"href":"https:\/\/stularplus.com\/pl\/wp-json\/wp\/v2\/pages\/11728\/revisions"}],"wp:attachment":[{"href":"https:\/\/stularplus.com\/pl\/wp-json\/wp\/v2\/media?parent=11728"}],"curies":[{"name":"wp","href":"https:\/\/api.w.org\/{rel}","templated":true}]}}