{"id":11732,"date":"2025-12-20T10:36:47","date_gmt":"2025-12-20T09:36:47","guid":{"rendered":"https:\/\/stularplus.com\/faq\/"},"modified":"2025-12-20T10:36:51","modified_gmt":"2025-12-20T09:36:51","slug":"faq","status":"publish","type":"page","link":"https:\/\/stularplus.com\/pl\/faq\/","title":{"rendered":"FAQ"},"content":{"rendered":"\t\t<div data-elementor-type=\"wp-page\" data-elementor-id=\"11732\" class=\"elementor elementor-11732 elementor-3544\" data-elementor-post-type=\"page\">\n\t\t\t\t\t\t\t\t\t<section class=\"elementor-section elementor-top-section elementor-element elementor-element-c34bf79 elementor-section-boxed elementor-section-height-default elementor-section-height-default\" data-id=\"c34bf79\" data-element_type=\"section\">\n\t\t\t\t\t\t<div class=\"elementor-container elementor-column-gap-default\">\n\t\t\t\t\t<div class=\"elementor-column elementor-col-50 elementor-top-column elementor-element elementor-element-52d0168\" data-id=\"52d0168\" data-element_type=\"column\">\n\t\t\t<div class=\"elementor-widget-wrap elementor-element-populated\">\n\t\t\t\t\t\t\t\t<section class=\"elementor-section elementor-inner-section elementor-element elementor-element-d25281d elementor-section-content-middle elementor-section-boxed elementor-section-height-default elementor-section-height-default\" data-id=\"d25281d\" data-element_type=\"section\" data-settings=\"{&quot;background_background&quot;:&quot;classic&quot;}\">\n\t\t\t\t\t\t<div class=\"elementor-container elementor-column-gap-no\">\n\t\t\t\t\t<div class=\"elementor-column elementor-col-50 elementor-inner-column elementor-element elementor-element-dcb8340\" data-id=\"dcb8340\" data-element_type=\"column\">\n\t\t\t<div class=\"elementor-widget-wrap elementor-element-populated\">\n\t\t\t\t\t\t\t\t<div class=\"elementor-element elementor-element-1c19d82 elementor-widget elementor-widget-image\" data-id=\"1c19d82\" data-element_type=\"widget\" data-widget_type=\"image.default\">\n\t\t\t\t<div class=\"elementor-widget-container\">\n\t\t\t<style>\/*! elementor - v3.18.0 - 20-12-2023 *\/\n.elementor-widget-image{text-align:center}.elementor-widget-image a{display:inline-block}.elementor-widget-image a img[src$=\".svg\"]{width:48px}.elementor-widget-image img{vertical-align:middle;display:inline-block}<\/style>\t\t\t\t\t\t\t\t\t\t\t\t<img decoding=\"async\" width=\"240\" height=\"150\" src=\"https:\/\/stularplus.com\/wp-content\/uploads\/2021\/12\/menu-avtomatizirano-oznacevanje.jpg\" class=\"attachment-large size-large wp-image-11264\" alt=\"\" srcset=\"https:\/\/stularplus.com\/wp-content\/uploads\/2021\/12\/menu-avtomatizirano-oznacevanje.jpg 240w, https:\/\/stularplus.com\/wp-content\/uploads\/2021\/12\/menu-avtomatizirano-oznacevanje-64x40.jpg 64w\" sizes=\"(max-width: 240px) 100vw, 240px\" title=\"\">\t\t\t\t\t\t\t\t\t\t\t\t\t\t\t<\/div>\n\t\t\t\t<\/div>\n\t\t\t\t\t<\/div>\n\t\t<\/div>\n\t\t\t\t<div class=\"elementor-column elementor-col-50 elementor-inner-column elementor-element elementor-element-365995b\" data-id=\"365995b\" data-element_type=\"column\">\n\t\t\t<div class=\"elementor-widget-wrap elementor-element-populated\">\n\t\t\t\t\t\t\t\t<div class=\"elementor-element elementor-element-0e6b1f1 elementor-align-left elementor-widget elementor-widget-button\" data-id=\"0e6b1f1\" data-element_type=\"widget\" data-widget_type=\"button.default\">\n\t\t\t\t<div class=\"elementor-widget-container\">\n\t\t\t\t\t<div class=\"elementor-button-wrapper\">\n\t\t\t<a class=\"elementor-button elementor-button-link elementor-size-sm elementor-animation-skew-forward\" href=\"https:\/\/stular.pappiga.si\/kategorija\/industrijsko-oznacevanje\/\" target=\"_blank\" rel=\"noopener\">\n\t\t\t\t\t\t<span class=\"elementor-button-content-wrapper\">\n\t\t\t\t\t\t<span class=\"elementor-button-text\">Automatyzacja<\/span>\n\t\t<\/span>\n\t\t\t\t\t<\/a>\n\t\t<\/div>\n\t\t\t\t<\/div>\n\t\t\t\t<\/div>\n\t\t\t\t\t<\/div>\n\t\t<\/div>\n\t\t\t\t\t\t\t<\/div>\n\t\t<\/section>\n\t\t\t\t<section class=\"elementor-section elementor-inner-section elementor-element elementor-element-b4bc36f elementor-section-content-middle elementor-section-boxed elementor-section-height-default elementor-section-height-default\" data-id=\"b4bc36f\" data-element_type=\"section\" data-settings=\"{&quot;background_background&quot;:&quot;classic&quot;}\">\n\t\t\t\t\t\t<div class=\"elementor-container elementor-column-gap-no\">\n\t\t\t\t\t<div class=\"elementor-column elementor-col-50 elementor-inner-column elementor-element elementor-element-7349c7d\" data-id=\"7349c7d\" data-element_type=\"column\">\n\t\t\t<div class=\"elementor-widget-wrap elementor-element-populated\">\n\t\t\t\t\t\t\t\t<div class=\"elementor-element elementor-element-929f6aa elementor-widget elementor-widget-image\" data-id=\"929f6aa\" data-element_type=\"widget\" data-widget_type=\"image.default\">\n\t\t\t\t<div class=\"elementor-widget-container\">\n\t\t\t\t\t\t\t\t\t\t\t\t\t\t\t<img decoding=\"async\" width=\"240\" height=\"150\" src=\"https:\/\/stularplus.com\/wp-content\/uploads\/2021\/12\/menu-fischbein.jpg\" class=\"attachment-large size-large wp-image-11265\" alt=\"\" srcset=\"https:\/\/stularplus.com\/wp-content\/uploads\/2021\/12\/menu-fischbein.jpg 240w, https:\/\/stularplus.com\/wp-content\/uploads\/2021\/12\/menu-fischbein-64x40.jpg 64w\" sizes=\"(max-width: 240px) 100vw, 240px\" title=\"\">\t\t\t\t\t\t\t\t\t\t\t\t\t\t\t<\/div>\n\t\t\t\t<\/div>\n\t\t\t\t\t<\/div>\n\t\t<\/div>\n\t\t\t\t<div class=\"elementor-column elementor-col-50 elementor-inner-column elementor-element elementor-element-a1e189b\" data-id=\"a1e189b\" data-element_type=\"column\">\n\t\t\t<div class=\"elementor-widget-wrap elementor-element-populated\">\n\t\t\t\t\t\t\t\t<div class=\"elementor-element elementor-element-28ef275 elementor-align-left elementor-widget elementor-widget-button\" data-id=\"28ef275\" data-element_type=\"widget\" data-widget_type=\"button.default\">\n\t\t\t\t<div class=\"elementor-widget-container\">\n\t\t\t\t\t<div class=\"elementor-button-wrapper\">\n\t\t\t<a class=\"elementor-button elementor-button-link elementor-size-sm elementor-animation-skew-forward\" href=\"https:\/\/stular.pappiga.si\/kategorija\/fischbein-stroji-in-sukanci\/\" target=\"_blank\" rel=\"noopener\">\n\t\t\t\t\t\t<span class=\"elementor-button-content-wrapper\">\n\t\t\t\t\t\t<span class=\"elementor-button-text\">Fischbein<\/span>\n\t\t<\/span>\n\t\t\t\t\t<\/a>\n\t\t<\/div>\n\t\t\t\t<\/div>\n\t\t\t\t<\/div>\n\t\t\t\t\t<\/div>\n\t\t<\/div>\n\t\t\t\t\t\t\t<\/div>\n\t\t<\/section>\n\t\t\t\t<section class=\"elementor-section elementor-inner-section elementor-element elementor-element-27d285c elementor-section-content-middle elementor-section-boxed elementor-section-height-default elementor-section-height-default\" data-id=\"27d285c\" data-element_type=\"section\" data-settings=\"{&quot;background_background&quot;:&quot;classic&quot;}\">\n\t\t\t\t\t\t<div class=\"elementor-container elementor-column-gap-no\">\n\t\t\t\t\t<div class=\"elementor-column elementor-col-50 elementor-inner-column elementor-element elementor-element-3fb0f2c\" data-id=\"3fb0f2c\" data-element_type=\"column\">\n\t\t\t<div class=\"elementor-widget-wrap elementor-element-populated\">\n\t\t\t\t\t\t\t\t<div class=\"elementor-element elementor-element-154cd94 elementor-widget elementor-widget-image\" data-id=\"154cd94\" data-element_type=\"widget\" data-widget_type=\"image.default\">\n\t\t\t\t<div class=\"elementor-widget-container\">\n\t\t\t\t\t\t\t\t\t\t\t\t\t\t\t<img decoding=\"async\" width=\"240\" height=\"150\" src=\"https:\/\/stularplus.com\/wp-content\/uploads\/2021\/12\/menu-zeleni-program.jpg\" class=\"attachment-large size-large wp-image-11266\" alt=\"\" srcset=\"https:\/\/stularplus.com\/wp-content\/uploads\/2021\/12\/menu-zeleni-program.jpg 240w, https:\/\/stularplus.com\/wp-content\/uploads\/2021\/12\/menu-zeleni-program-64x40.jpg 64w\" sizes=\"(max-width: 240px) 100vw, 240px\" title=\"\">\t\t\t\t\t\t\t\t\t\t\t\t\t\t\t<\/div>\n\t\t\t\t<\/div>\n\t\t\t\t\t<\/div>\n\t\t<\/div>\n\t\t\t\t<div class=\"elementor-column elementor-col-50 elementor-inner-column elementor-element elementor-element-562ecf5\" data-id=\"562ecf5\" data-element_type=\"column\">\n\t\t\t<div class=\"elementor-widget-wrap elementor-element-populated\">\n\t\t\t\t\t\t\t\t<div class=\"elementor-element elementor-element-7403e61 elementor-align-left elementor-widget elementor-widget-button\" data-id=\"7403e61\" data-element_type=\"widget\" data-widget_type=\"button.default\">\n\t\t\t\t<div class=\"elementor-widget-container\">\n\t\t\t\t\t<div class=\"elementor-button-wrapper\">\n\t\t\t<a class=\"elementor-button elementor-button-link elementor-size-sm elementor-animation-skew-forward\" href=\"https:\/\/stular.pappiga.si\/oznaka\/zeleni-program\/\" target=\"_blank\" rel=\"noopener\">\n\t\t\t\t\t\t<span class=\"elementor-button-content-wrapper\">\n\t\t\t\t\t\t<span class=\"elementor-button-text\">Program ekologiczny<\/span>\n\t\t<\/span>\n\t\t\t\t\t<\/a>\n\t\t<\/div>\n\t\t\t\t<\/div>\n\t\t\t\t<\/div>\n\t\t\t\t\t<\/div>\n\t\t<\/div>\n\t\t\t\t\t\t\t<\/div>\n\t\t<\/section>\n\t\t\t\t\t<\/div>\n\t\t<\/div>\n\t\t\t\t<div class=\"elementor-column elementor-col-50 elementor-top-column elementor-element elementor-element-b81cbbf\" data-id=\"b81cbbf\" data-element_type=\"column\">\n\t\t\t<div class=\"elementor-widget-wrap elementor-element-populated\">\n\t\t\t\t\t\t\t\t<div class=\"elementor-element elementor-element-7abffbb elementor-widget elementor-widget-heading\" data-id=\"7abffbb\" data-element_type=\"widget\" data-widget_type=\"heading.default\">\n\t\t\t\t<div class=\"elementor-widget-container\">\n\t\t\t<style>\/*! elementor - v3.18.0 - 20-12-2023 *\/\n.elementor-heading-title{padding:0;margin:0;line-height:1}.elementor-widget-heading .elementor-heading-title[class*=elementor-size-]>a{color:inherit;font-size:inherit;line-height:inherit}.elementor-widget-heading .elementor-heading-title.elementor-size-small{font-size:15px}.elementor-widget-heading .elementor-heading-title.elementor-size-medium{font-size:19px}.elementor-widget-heading .elementor-heading-title.elementor-size-large{font-size:29px}.elementor-widget-heading .elementor-heading-title.elementor-size-xl{font-size:39px}.elementor-widget-heading .elementor-heading-title.elementor-size-xxl{font-size:59px}<\/style><h5 class=\"elementor-heading-title elementor-size-default\">FAQ<\/h5>\t\t<\/div>\n\t\t\t\t<\/div>\n\t\t\t\t<div class=\"elementor-element elementor-element-292da8c elementor-widget elementor-widget-heading\" data-id=\"292da8c\" data-element_type=\"widget\" data-widget_type=\"heading.default\">\n\t\t\t\t<div class=\"elementor-widget-container\">\n\t\t\t<h2 class=\"elementor-heading-title elementor-size-default\">FAQ<\/h2>\t\t<\/div>\n\t\t\t\t<\/div>\n\t\t\t\t<div class=\"elementor-element elementor-element-2d3bbfb elementor-widget elementor-widget-text-editor\" data-id=\"2d3bbfb\" data-element_type=\"widget\" data-widget_type=\"text-editor.default\">\n\t\t\t\t<div class=\"elementor-widget-container\">\n\t\t\t<style>\/*! elementor - v3.18.0 - 20-12-2023 *\/\n.elementor-widget-text-editor.elementor-drop-cap-view-stacked .elementor-drop-cap{background-color:#69727d;color:#fff}.elementor-widget-text-editor.elementor-drop-cap-view-framed .elementor-drop-cap{color:#69727d;border:3px solid;background-color:transparent}.elementor-widget-text-editor:not(.elementor-drop-cap-view-default) .elementor-drop-cap{margin-top:8px}.elementor-widget-text-editor:not(.elementor-drop-cap-view-default) .elementor-drop-cap-letter{width:1em;height:1em}.elementor-widget-text-editor .elementor-drop-cap{float:left;text-align:center;line-height:1;font-size:50px}.elementor-widget-text-editor .elementor-drop-cap-letter{display:inline-block}<\/style>\t\t\t\t<p style=\"font-weight: 400;\"><strong>Czy musz\u0119 mie\u0107 konto, aby z\u0142o\u017cy\u0107 zam\u00f3wienie?<\/strong><br>Nie. Mo\u017cna z\u0142o\u017cy\u0107 zam\u00f3wienie bez rejestracji. Zalecamy to klientom, kt\u00f3rzy planuj\u0105 z\u0142o\u017cy\u0107 tylko jedno zam\u00f3wienie. Je\u015bli uwa\u017casz, \u017ce mo\u017cesz by\u0107 naszym sta\u0142ym klientem, sugerujemy za\u0142o\u017cenie konta.   <br><br><strong>Zapomnia\u0142em\/am has\u0142a<\/strong><br>Wystarczy przej\u015b\u0107 do strony logowania i klikn\u0105\u0107 link 'Zapomnia\u0142e\u015b has\u0142a&#8217;, a wkr\u00f3tce otrzymasz e-mail z przypomnieniem has\u0142a.<br><br><strong>Jakie s\u0105 dost\u0119pne metody p\u0142atno\u015bci?<\/strong><br>Obecnie akceptujemy tylko p\u0142atno\u015b\u0107 z g\u00f3ry. Po z\u0142o\u017ceniu zam\u00f3wienia otrzymasz faktur\u0119 proforma w ci\u0105gu 1 dnia roboczego. <br><br><strong>Sk\u0105d b\u0119d\u0119 wiedzie\u0107, \u017ce otrzymali\u015bcie moje zam\u00f3wienie?<\/strong><br>Otrzymasz e-mail z potwierdzeniem zam\u00f3wienia w ci\u0105gu kilku minut od jego z\u0142o\u017cenia. Je\u015bli nie otrzyma\u0142e\u015b tego e-maila, sprawd\u017a folder ze spamem. Je\u015bli nadal nie mo\u017cesz znale\u017a\u0107 potwierdzenia, zadzwo\u0144 do nas pod numer 00 386 (0)59 049 860.  <br><br><strong>Czy mog\u0119 zmieni\u0107 istniej\u0105ce zam\u00f3wienie?<\/strong><br>Otrzymasz e-mail z potwierdzeniem, w kt\u00f3rym mo\u017cesz sprawdzi\u0107 zam\u00f3wione produkty i ilo\u015bci. Je\u015bli s\u0105 jakie\u015b b\u0142\u0119dy, wystarczy odpowiedzie\u0107 na e-mail potwierdzaj\u0105cy ze swoimi zmianami, a my skorygujemy zam\u00f3wienie. <br><br><strong>Czy mog\u0119 anulowa\u0107 zam\u00f3wienie po jego z\u0142o\u017ceniu?<\/strong><br>Zam\u00f3wienie mo\u017cna anulowa\u0107 przed op\u0142aceniem faktury proforma. Prosimy o kontakt na adres info@stular.com lub pod numerem 00 386 (0)59 049 860. Je\u015bli zam\u00f3wienie zosta\u0142o ju\u017c wys\u0142ane, mo\u017cna je zwr\u00f3ci\u0107 w ci\u0105gu 20 dni od zakupu.  <br><br><strong>Jak d\u0142ugo trwa dostawa?<\/strong><br><em>Dostawa do kraj\u00f3w UE:<\/em> realizacja zam\u00f3wie\u0144 zwykle trwa 5-10 dni roboczych, a dostaw\u0119 realizuje krajowa us\u0142uga pocztowa w kraju docelowym<br><em>Dostawa do reszty \u015bwiata<\/em>: Mo\u017ce to potrwa\u0107 do 14 dni roboczych, a dostaw\u0119 realizuje krajowa us\u0142uga pocztowa w kraju docelowym.<br><br><strong>Czy moje zam\u00f3wienie zosta\u0142o ju\u017c wys\u0142ane?<\/strong><br>Gdy wy\u015blemy Twoje zam\u00f3wienie, mo\u017cesz sprawdzi\u0107 jego status w swoim profilu w sekcji &#8222;Moje zam\u00f3wienia&#8221;<br><br><strong>Brakuje przedmiotu w moim zam\u00f3wieniu<\/strong><br>Czasami nie wysy\u0142amy wszystkiego w tym samym czasie. W takim przypadku mo\u017cesz to zobaczy\u0107 w swoim profilu w sekcji &#8222;Moje zam\u00f3wienia&#8221;. <br><br><strong>Czy mog\u0119 wys\u0142a\u0107 zam\u00f3wienie na inny adres?<\/strong><br>Biuro mo\u017ce wys\u0142a\u0107 przedmioty na adresy inne ni\u017c adres rozliczeniowy posiadacza karty. Je\u015bli chcesz skorzysta\u0107 z tej us\u0142ugi, dodaj odpowiednie dane podczas procesu sk\u0142adania zam\u00f3wienia.<br>Po wys\u0142aniu zam\u00f3wienia nie mo\u017cemy zmieni\u0107 adresu. <br><br><strong>Co\u015b jest nie tak z moim zam\u00f3wieniem!<\/strong><br>Je\u015bli Twoje zam\u00f3wienie nie jest takie, jak oczekiwa\u0142e\u015b, zadzwo\u0144 do nas pod numer 00 386 (0)59 049 860, gdzie jeden z naszych doradc\u00f3w z przyjemno\u015bci\u0105 Ci pomo\u017ce.<\/p>\t\t\t\t\t\t<\/div>\n\t\t\t\t<\/div>\n\t\t\t\t\t<\/div>\n\t\t<\/div>\n\t\t\t\t\t\t\t<\/div>\n\t\t<\/section>\n\t\t\t\t\t\t\t<\/div>\n\t\t","protected":false},"excerpt":{"rendered":"<p>Automatyzacja Fischbein Program ekologiczny FAQ Czy musz\u0119 mie\u0107 konto, aby z\u0142o\u017cy\u0107 zam\u00f3wienie?Nie. Mo\u017cna z\u0142o\u017cy\u0107 zam\u00f3wienie bez rejestracji. Zalecamy to klientom, kt\u00f3rzy planuj\u0105 z\u0142o\u017cy\u0107 tylko jedno zam\u00f3wienie. Je\u015bli uwa\u017casz, \u017ce mo\u017cesz by\u0107 naszym sta\u0142ym klientem, sugerujemy za\u0142o\u017cenie konta. Zapomnia\u0142em\/am has\u0142aWystarczy przej\u015b\u0107 do strony logowania i klikn\u0105\u0107 link 'Zapomnia\u0142e\u015b has\u0142a&#8217;, a wkr\u00f3tce otrzymasz e-mail z przypomnieniem has\u0142a. [&hellip;]<\/p>\n","protected":false},"author":1,"featured_media":0,"parent":0,"menu_order":61,"comment_status":"closed","ping_status":"closed","template":"","meta":{"footnotes":""},"_links":{"self":[{"href":"https:\/\/stularplus.com\/pl\/wp-json\/wp\/v2\/pages\/11732"}],"collection":[{"href":"https:\/\/stularplus.com\/pl\/wp-json\/wp\/v2\/pages"}],"about":[{"href":"https:\/\/stularplus.com\/pl\/wp-json\/wp\/v2\/types\/page"}],"author":[{"embeddable":true,"href":"https:\/\/stularplus.com\/pl\/wp-json\/wp\/v2\/users\/1"}],"replies":[{"embeddable":true,"href":"https:\/\/stularplus.com\/pl\/wp-json\/wp\/v2\/comments?post=11732"}],"version-history":[{"count":0,"href":"https:\/\/stularplus.com\/pl\/wp-json\/wp\/v2\/pages\/11732\/revisions"}],"wp:attachment":[{"href":"https:\/\/stularplus.com\/pl\/wp-json\/wp\/v2\/media?parent=11732"}],"curies":[{"name":"wp","href":"https:\/\/api.w.org\/{rel}","templated":true}]}}