{"id":11464,"date":"2022-03-08T11:21:15","date_gmt":"2022-03-08T10:21:15","guid":{"rendered":"https:\/\/stularplus.com\/polautomatyczna-maszyna-pakujaca-indes\/"},"modified":"2025-12-20T10:35:10","modified_gmt":"2025-12-20T09:35:10","slug":"polautomatyczna-maszyna-pakujaca-indes","status":"publish","type":"product","link":"https:\/\/stularplus.com\/pl\/polautomatyczna-maszyna-pakujaca-indes\/","title":{"rendered":"P\u00f3\u0142automatyczna maszyna pakuj\u0105ca IndES"},"content":{"rendered":"<p class=\"blue bold\"><strong>Ekologiczna maszyna pakuj\u0105ca<\/strong><\/p>\n<p>P\u00f3\u0142automatyczna pneumatyczna maszyna pakuj\u0105ca PS-2\/SAM z<strong>  systemem mocowania IndES\u00ae Elastic Staple\u2122<\/strong>  z opcj\u0105 pracy jedno- lub dwuig\u0142owej mo\u017ce by\u0107 u\u017cywana jako metoda pakowania lub znakowania wszystkich rodzaj\u00f3w produkt\u00f3w. System jest \u0142atwy w obs\u0142udze, niezawodny i wszechstronny, co pomaga producentom obni\u017cy\u0107 koszty zwi\u0105zane z pakowaniem i zwi\u0119kszy\u0107 produktywno\u015b\u0107. <\/p>\n<p>Systemy elastycznych zszywek zosta\u0142y zaprojektowane do bezpiecznego mocowania produkt\u00f3w do karty no\u015bnej lub wewn\u0105trz opakowania. Dzi\u0119ki <g id=\"gid_0\">d\u0142ugo\u015bciom element\u00f3w mocuj\u0105cych od 15 mm do 200 mm<\/g> i klasom wytrzyma\u0142o\u015bci od standardowej do wzmocnionej, te elastyczne zszywki dopasowuj\u0105 si\u0119 do szerokiej gamy kszta\u0142t\u00f3w i rozmiar\u00f3w produkt\u00f3w. Produkty pakowane elastycznymi zszywkami zwi\u0119kszaj\u0105 atrakcyjno\u015b\u0107 dla konsument\u00f3w i <g id=\"gid_1\">redukuj\u0105 odpady plastikowe<\/g> w por\u00f3wnaniu z konwencjonalnymi systemami mocowania. Mog\u0105 pom\u00f3c w\u0142a\u015bcicielom marek zmaksymalizowa\u0107 opcje pakowania dla szybkiego zwrotu z inwestycji.   <\/p>\n<blockquote><p><strong>BEZ opakowa\u0144 blistrowych \u2013 BEZ muszli \u2013 BEZ opasek kablowych \u2013 BEZ drut\u00f3w skr\u0119canych<\/strong><\/p><\/blockquote>\n<h4><img fetchpriority=\"high\" decoding=\"async\" class=\"alignnone wp-image-1151 size-full\" src=\"http:\/\/tagson.eu\/wp-content\/uploads\/2019\/10\/tagson-reduce-plastic-waste-by-99.jpg\" sizes=\"(max-width: 800px) 100vw, 800px\" srcset=\"https:\/\/tagson.eu\/wp-content\/uploads\/2019\/10\/tagson-reduce-plastic-waste-by-99.jpg 800w, https:\/\/tagson.eu\/wp-content\/uploads\/2019\/10\/tagson-reduce-plastic-waste-by-99-480x311.jpg 480w, https:\/\/tagson.eu\/wp-content\/uploads\/2019\/10\/tagson-reduce-plastic-waste-by-99-768x497.jpg 768w\" alt=\"\" width=\"800\" height=\"518\" title=\"\"><\/h4>\n<h4>Redukcja opakowa\u0144 plastikowych o 99%<\/h4>\n<p>\u2022 redukcja zu\u017cycia energii do 4 razy (w por\u00f3wnaniu z opakowaniami blister)<br \/>\n\u2022 zmniejszenie przestoj\u00f3w poprzez skr\u00f3cenie czasu i etap\u00f3w w produkcji opakowa\u0144<br \/>\n\u2022 redukcja obci\u0105\u017cenia operatora<br \/>\n\u2022 redukcja koszt\u00f3w materia\u0142\u00f3w<\/p>\n<h4>Poprawa do\u015bwiadczenia konsumenta<\/h4>\n<p>\u2022 mniej opakowa\u0144 poprawia wygl\u0105d produktu w punkcie sprzeda\u017cy<br \/>\n\u2022 szybsze, \u0142atwiejsze i bezpieczniejsze wyjmowanie produktu z opakowania<br \/>\n\u2022 konsumenci preferuj\u0105 kupowanie produkt\u00f3w w ekologicznych opakowaniach<\/p>\n","protected":false},"excerpt":{"rendered":"<p>P\u00f3\u0142automatyczna pneumatyczna maszyna pakuj\u0105ca z wbudowanym systemem mocowania IndES\u00ae Elastic Staple\u2122 <strong>(d\u0142ugo\u015bci element\u00f3w mocuj\u0105cych od 15 mm do 200 mm)<\/strong> z opcj\u0105 pracy jedno- lub dwuig\u0142owej mo\u017ce by\u0107 u\u017cywana jako metoda pakowania lub znakowania wszystkich rodzaj\u00f3w produkt\u00f3w.<\/p>\n","protected":false},"featured_media":11466,"template":"","meta":[],"product_cat":[270],"product_tag":[],"_links":{"self":[{"href":"https:\/\/stularplus.com\/pl\/wp-json\/wp\/v2\/product\/11464"}],"collection":[{"href":"https:\/\/stularplus.com\/pl\/wp-json\/wp\/v2\/product"}],"about":[{"href":"https:\/\/stularplus.com\/pl\/wp-json\/wp\/v2\/types\/product"}],"wp:featuredmedia":[{"embeddable":true,"href":"https:\/\/stularplus.com\/pl\/wp-json\/wp\/v2\/media\/11466"}],"wp:attachment":[{"href":"https:\/\/stularplus.com\/pl\/wp-json\/wp\/v2\/media?parent=11464"}],"wp:term":[{"taxonomy":"product_cat","embeddable":true,"href":"https:\/\/stularplus.com\/pl\/wp-json\/wp\/v2\/product_cat?post=11464"},{"taxonomy":"product_tag","embeddable":true,"href":"https:\/\/stularplus.com\/pl\/wp-json\/wp\/v2\/product_tag?post=11464"}],"curies":[{"name":"wp","href":"https:\/\/api.w.org\/{rel}","templated":true}]}}