{"id":11779,"date":"2021-12-05T02:29:36","date_gmt":"2021-12-05T01:29:36","guid":{"rendered":"https:\/\/stularplus.com\/modul-przemyslowy-z-krotka-igla-do-delikatnych-tkanin\/"},"modified":"2025-12-20T10:37:42","modified_gmt":"2025-12-20T09:37:42","slug":"modul-przemyslowy-z-krotka-igla-do-delikatnych-tkanin","status":"publish","type":"product","link":"https:\/\/stularplus.com\/pl\/modul-przemyslowy-z-krotka-igla-do-delikatnych-tkanin\/","title":{"rendered":"Modu\u0142 przemys\u0142owy z kr\u00f3tk\u0105 ig\u0142\u0105 do delikatnych tkanin"},"content":{"rendered":"<p class=\"blue bold\"><strong>Przemys\u0142owy modu\u0142 do delikatnych tkanin z KR\u00d3TK\u0104 ig\u0142\u0105<\/strong><\/p>\n<p>Modu\u0142y  <strong>SPU<\/strong>  s\u0105 wysokiej jako\u015bci, aby wytrzyma\u0107 trudne warunki przemys\u0142owe. Ka\u017cdy modu\u0142 jest zaprojektowany tak, aby pasowa\u0142 do wymiar\u00f3w okre\u015blonej grupy \u0142\u0105cznik\u00f3w i d\u0142ugo\u015bci ig\u0142y. <\/p>\n<p><em>Pneumatyczne narz\u0119dzie SPU Industrial FINE short E-Rod do kr\u00f3tkiej ig\u0142y. U\u017cywanie pneumatycznego urz\u0105dzenia Swiftach Power Unit zamiast narz\u0119dzia r\u0119cznego podczas znakowania lub pakowania znacznie zwi\u0119ksza produktywno\u015b\u0107. Najwy\u017csza jako\u015b\u0107 z USA zapewnia prac\u0119 produkcji z du\u017c\u0105 pr\u0119dko\u015bci\u0105. Ten modu\u0142 mo\u017cna zainstalowa\u0107 na TAGSON PS-1 lub innych jednostkach podstawowych.   <\/em><\/p>\n<p>U\u017cycie pneumatycznej <strong>jednostki Swiftach Power<\/strong> zamiast narz\u0119dzia r\u0119cznego (pistoletu etykietuj\u0105cego) podczas <strong>etykietowania<\/strong> lub <strong>pakowania<\/strong> znacznie zwi\u0119ksza produktywno\u015b\u0107. Przy standardowych konfiguracjach operator b\u0119dzie m\u00f3g\u0142 u\u017cywa\u0107 obu r\u0105k do obs\u0142ugi produktu i <g id=\"gid_3\">etykiet<\/g> oraz aplikowa\u0107 <g id=\"gid_4\">\u0142\u0105cznik<\/g> naciskaj\u0105c przycisk lub prze\u0142\u0105cznik no\u017cny. Dla dalszego zwi\u0119kszenia produktywno\u015bci, maszyny mog\u0105 pom\u00f3c w kompresji materia\u0142\u00f3w i mog\u0105 nawet zosta\u0107 zintegrowane z systemami zautomatyzowanymi.  <\/p>\n<h4><strong>Przemys\u0142owy modu\u0142 z KR\u00d3TK\u0104 ig\u0142\u0105 Fine<\/strong><\/h4>\n<p>Ten modu\u0142 b\u0119dzie podawa\u0107 dowolny <strong>\u0142\u0105cznik do delikatnych tkanin<\/strong> o d\u0142ugo\u015bci w\u0142\u00f3kna 9 mm lub wi\u0119cej i u\u017cywa tylko ig\u0142y 05018. To narz\u0119dzie jest u\u017cywane do delikatnych materia\u0142\u00f3w. B\u0119dzie podawa\u0107 <strong>\u0142\u0105czniki FINE<\/strong> o d\u0142ugo\u015bci w\u0142\u00f3kna od 7 mm do 50 mm.  <\/p>\n","protected":false},"excerpt":{"rendered":"<p>Pneumatyczny automatyczny modu\u0142 znakuj\u0105cy z <strong>kr\u00f3tk\u0105 ig\u0142\u0105 FINE.<\/strong> Pakuje produkty o grubo\u015bci od <strong>7 mm do 15 mm<\/strong>. Idealny do znakowania skarpet, r\u0119kawiczek, r\u0119cznik\u00f3w i innych cz\u0119\u015bci garderoby. <\/p>\n","protected":false},"featured_media":11781,"template":"","meta":[],"product_cat":[272],"product_tag":[],"_links":{"self":[{"href":"https:\/\/stularplus.com\/pl\/wp-json\/wp\/v2\/product\/11779"}],"collection":[{"href":"https:\/\/stularplus.com\/pl\/wp-json\/wp\/v2\/product"}],"about":[{"href":"https:\/\/stularplus.com\/pl\/wp-json\/wp\/v2\/types\/product"}],"wp:featuredmedia":[{"embeddable":true,"href":"https:\/\/stularplus.com\/pl\/wp-json\/wp\/v2\/media\/11781"}],"wp:attachment":[{"href":"https:\/\/stularplus.com\/pl\/wp-json\/wp\/v2\/media?parent=11779"}],"wp:term":[{"taxonomy":"product_cat","embeddable":true,"href":"https:\/\/stularplus.com\/pl\/wp-json\/wp\/v2\/product_cat?post=11779"},{"taxonomy":"product_tag","embeddable":true,"href":"https:\/\/stularplus.com\/pl\/wp-json\/wp\/v2\/product_tag?post=11779"}],"curies":[{"name":"wp","href":"https:\/\/api.w.org\/{rel}","templated":true}]}}