{"id":11780,"date":"2021-12-05T02:29:36","date_gmt":"2021-12-05T01:29:36","guid":{"rendered":"https:\/\/stularplus.com\/modul-system-1000-industrial-z-uchwytem-pistoletowym\/"},"modified":"2025-12-20T10:39:24","modified_gmt":"2025-12-20T09:39:24","slug":"modul-system-1000-industrial-z-uchwytem-pistoletowym","status":"publish","type":"product","link":"https:\/\/stularplus.com\/pl\/modul-system-1000-industrial-z-uchwytem-pistoletowym\/","title":{"rendered":"Modu\u0142 System 1000 Industrial z uchwytem pistoletowym"},"content":{"rendered":"<p class=\"blue bold\"><strong>Pneumatyczne narz\u0119dzie System 1000 Industrial<\/strong><\/p>\n<div>\n<p>\u0141atwo dodawaj informacje, identyfikacj\u0119 marki i warto\u015b\u0107 do opakowa\u0144 dzi\u0119ki pneumatycznemu narz\u0119dziu System 1000\u00ae. Zbudowane z trwa\u0142ego, lekkiego aluminium to najl\u017cejsze, najbardziej zaawansowane narz\u0119dzie do etykietowania dost\u0119pne na rynku. <\/p>\n<p><em>Pneumatyczne narz\u0119dzie SPU5P System 1000 Industrial Module z uchwytem. U\u017cywanie pneumatycznego urz\u0105dzenia Swiftach Power Unit zamiast narz\u0119dzia r\u0119cznego podczas etykietowania lub pakowania znacznie zwi\u0119ksza produktywno\u015b\u0107. <\/em><\/p>\n<\/div>\n<div>\n<p>Zaprojektowali\u015bmy wszystkie wa\u017cne funkcje potrzebne do zwi\u0119kszenia szybko\u015bci, wydajno\u015bci i niezawodno\u015bci operacji etykietowania du\u017cych wolumen\u00f3w. Ten modu\u0142 mo\u017ce obs\u0142ugiwa\u0107 szpule 1000 zapi\u0119\u0107 \u0142opatkowych bez konieczno\u015bci zatrzymywania i ponownego \u0142adowania. Modu\u0142 idealny do odzie\u017cy lub przedmiot\u00f3w o grubo\u015bci kompresji do 1,5\u2033. <strong>Urz\u0105dzenie Avery Dennison\u00ae Swiftach\u00ae Power Unit (SPU)<\/strong> mo\u017ce sprawi\u0107, \u017ce operacje do\u0142\u0105czania informacji, identyfikacji marki i pakowania b\u0119d\u0105 szybsze i \u0142atwiejsze. Urz\u0105dzenia Avery Dennison SPU mog\u0105 zwi\u0119kszy\u0107 produktywno\u015b\u0107, szczeg\u00f3lnie gdy szybsze jest przyniesienie przedmiot\u00f3w lub odzie\u017cy do narz\u0119dzia.    <\/p>\n<\/div>\n<div>\n<p>Z tym narz\u0119dziem mo\u017cna u\u017cywa\u0107 trzech typ\u00f3w igie\u0142:<\/p>\n<\/div>\n<div>\n<p>10074<br \/>\n<strong>Wzmocniona ig\u0142a ca\u0142kowicie stalowa<br \/>\n<\/strong>d\u0142ugo\u015b\u0107 ca\u0142kowita: 34 mm, d\u0142ugo\u015b\u0107 efektywna: 13 mm<\/p>\n<p>10641<br \/>\n<strong>D\u0142uga wzmocniona \u2013 ca\u0142kowicie stalowa\/sto\u017ckowa<br \/>\n<\/strong>d\u0142ugo\u015b\u0107 ca\u0142kowita: 47 mm, d\u0142ugo\u015b\u0107 efektywna: 25 mm<\/p>\n<\/div>\n<div>\n<p>10642<br \/>\n<strong>Bardzo wzmocniona \u2013 ca\u0142kowicie stalowa\/sto\u017ckowa<br \/>\n<\/strong>d\u0142ugo\u015b\u0107 ca\u0142kowita: 59 mm, d\u0142ugo\u015b\u0107 efektywna: 25 mm<\/p>\n<table class=\"specification-table\" width=\"572\">\n<tbody>\n<tr>\n<td>Zastosowanie do etykietowania:<\/td>\n<td>Tak<\/td>\n<\/tr>\n<tr>\n<td>Modu\u0142:<\/td>\n<td>Avery Dennison Swiftach SPU5M<\/td>\n<\/tr>\n<tr>\n<td>Ci\u015bnienie robocze:<\/td>\n<td>Zasilanie powietrzem, 80 psi (6 bar)<\/td>\n<\/tr>\n<tr>\n<td>Ca\u0142kowita d\u0142ugo\u015b\u0107 ig\u0142y:<\/td>\n<td>34 mm \/ 47 mm \/ 59 mm<\/td>\n<\/tr>\n<tr>\n<td>D\u0142ugo\u015b\u0107 efektywna:<\/td>\n<td>13 mm \/ 25 mm \/ 25 mm<\/td>\n<\/tr>\n<tr>\n<td>Zakres grubo\u015bci metkowania:<\/td>\n<td>7 mm \u2013 25 mm<\/td>\n<\/tr>\n<tr>\n<td>Typ pin\u00f3w\/zapi\u0119\u0107:<\/td>\n<td>Zapi\u0119cia System 1000<\/td>\n<\/tr>\n<tr>\n<td>Maksymalna pr\u0119dko\u015b\u0107:<\/td>\n<td>2 sekundy\/cykl<\/td>\n<\/tr>\n<\/tbody>\n<\/table>\n<\/div>\n","protected":false},"excerpt":{"rendered":"<p><strong>Modu\u0142 System Industrial 1000<\/strong> znacznie zwi\u0119ksza produktywno\u015b\u0107, poniewa\u017c ma 1000 zapi\u0119\u0107 na szpuli \u2013 10 razy wi\u0119cej ni\u017c standardowa szpula ze 100 klipsami.<\/p>\n","protected":false},"featured_media":11782,"template":"","meta":[],"product_cat":[272],"product_tag":[],"_links":{"self":[{"href":"https:\/\/stularplus.com\/pl\/wp-json\/wp\/v2\/product\/11780"}],"collection":[{"href":"https:\/\/stularplus.com\/pl\/wp-json\/wp\/v2\/product"}],"about":[{"href":"https:\/\/stularplus.com\/pl\/wp-json\/wp\/v2\/types\/product"}],"wp:featuredmedia":[{"embeddable":true,"href":"https:\/\/stularplus.com\/pl\/wp-json\/wp\/v2\/media\/11782"}],"wp:attachment":[{"href":"https:\/\/stularplus.com\/pl\/wp-json\/wp\/v2\/media?parent=11780"}],"wp:term":[{"taxonomy":"product_cat","embeddable":true,"href":"https:\/\/stularplus.com\/pl\/wp-json\/wp\/v2\/product_cat?post=11780"},{"taxonomy":"product_tag","embeddable":true,"href":"https:\/\/stularplus.com\/pl\/wp-json\/wp\/v2\/product_tag?post=11780"}],"curies":[{"name":"wp","href":"https:\/\/api.w.org\/{rel}","templated":true}]}}