{"id":11787,"date":"2021-12-05T02:29:36","date_gmt":"2021-12-05T01:29:36","guid":{"rendered":"https:\/\/stularplus.com\/standardowy-przemyslowy-modul-z-krotka-igla\/"},"modified":"2025-12-20T10:37:47","modified_gmt":"2025-12-20T09:37:47","slug":"standardowy-przemyslowy-modul-z-krotka-igla","status":"publish","type":"product","link":"https:\/\/stularplus.com\/pl\/standardowy-przemyslowy-modul-z-krotka-igla\/","title":{"rendered":"Standardowy przemys\u0142owy modu\u0142 z kr\u00f3tk\u0105 ig\u0142\u0105"},"content":{"rendered":"<p class=\"blue bold\"><strong>Standardowy przemys\u0142owy modu\u0142 z kr\u00f3tk\u0105 ig\u0142\u0105 40 mm<\/strong><\/p>\n<p>Modu\u0142y  <strong>Modu\u0142y SPU  <\/strong>s\u0105 wysokiej jako\u015bci, wytrzyma\u0142e do zastosowa\u0144 przemys\u0142owych. Ka\u017cdy modu\u0142 jest zaprojektowany do okre\u015blonej grupy \u0142\u0105cznik\u00f3w i d\u0142ugo\u015bci ig\u0142y. <\/p>\n<p><em>Pneumatyczny modu\u0142 SPU Mark II Industrial Standard Long E-Rod do d\u0142ugiej ig\u0142y. U\u017cycie pneumatycznego Swiftach Power Unit zamiast narz\u0119dzia r\u0119cznego podczas etykietowania lub pakowania znacznie zwi\u0119ksza wydajno\u015b\u0107. Najwy\u017csza jako\u015b\u0107 z USA zapewnia wysok\u0105 pr\u0119dko\u015b\u0107 produkcji. Ten modu\u0142 mo\u017cna zainstalowa\u0107 na TAGSON PS-1 lub innych jednostkach bazowych.   <\/em><\/p>\n<p>U\u017cycie pneumatycznego <strong>Swiftach Power Unit<\/strong> zamiast narz\u0119dzia r\u0119cznego (pistoletu etykietuj\u0105cego) podczas <strong>etykietowania<\/strong> lub <strong>pakowania<\/strong> znacznie zwi\u0119ksza wydajno\u015b\u0107. W standardowej konfiguracji operator mo\u017ce u\u017cywa\u0107 obu r\u0105k do obs\u0142ugi produktu i <g id=\"gid_3\">etykiet<\/g> oraz aplikowa\u0107 <g id=\"gid_4\">\u0142\u0105cznik<\/g> naciskaj\u0105c przycisk lub prze\u0142\u0105cznik no\u017cny. Dla zwi\u0119kszenia wydajno\u015bci, maszyny mog\u0105 pom\u00f3c w kompresji materia\u0142\u00f3w i mog\u0105 by\u0107 zintegrowane z systemami automatycznymi.  <\/p>\n<h4><strong>Standardowy przemys\u0142owy modu\u0142 z kr\u00f3tk\u0105 ig\u0142\u0105<\/strong><\/h4>\n<p>Ten modu\u0142 obs\u0142uguje ka\u017cdy <strong>standardowy \u0142\u0105cznik do tkanin<\/strong> o d\u0142ugo\u015bci w\u0142\u00f3kna 9 mm lub wi\u0119cej i wykorzystuje standardow\u0105 d\u0142ug\u0105 ig\u0142\u0119. To narz\u0119dzie jest u\u017cywane do standardowych materia\u0142\u00f3w. Obs\u0142uguje <strong>STANDARDOWE \u0142\u0105czniki<\/strong> o d\u0142ugo\u015bci w\u0142\u00f3kna od 7 mm do 65 mm  <\/p>\n<table class=\"specification-table\" width=\"572\">\n<tbody>\n<tr>\n<td>Zastosowanie do etykietowania:<\/td>\n<td>Tak<\/td>\n<\/tr>\n<tr>\n<td>Modu\u0142:<\/td>\n<td>Avery Dennison SPU1M01<\/td>\n<\/tr>\n<tr>\n<td>Ci\u015bnienie robocze:<\/td>\n<td>Zasilanie powietrzem, 80 psi (6 bar)<\/td>\n<\/tr>\n<tr>\n<td>Ca\u0142kowita d\u0142ugo\u015b\u0107 ig\u0142y:<\/td>\n<td>40 mm<\/td>\n<\/tr>\n<tr>\n<td>D\u0142ugo\u015b\u0107 robocza:<\/td>\n<td>28 mm<\/td>\n<\/tr>\n<tr>\n<td>Zakres grubo\u015bci metkowania:<\/td>\n<td>7 mm \u2013 25 mm<\/td>\n<\/tr>\n<tr>\n<td>Typ szpilek\/\u0142\u0105cznik\u00f3w:<\/td>\n<td>Standardowe i wzmocnione \u0142\u0105czniki<\/td>\n<\/tr>\n<tr>\n<td>Maksymalna pr\u0119dko\u015b\u0107:<\/td>\n<td>2 sekundy\/cykl<\/td>\n<\/tr>\n<\/tbody>\n<\/table>\n","protected":false},"excerpt":{"rendered":"<p class=\"blue bold\">Standardowy przemys\u0142owy <strong>modu\u0142 z kr\u00f3tk\u0105 ig\u0142\u0105.<\/strong> <strong>Modu\u0142y SPU<\/strong> s\u0105 wysokiej jako\u015bci, aby wytrzyma\u0107 trudne warunki przemys\u0142owe. Ka\u017cdy modu\u0142 jest zaprojektowany tak, aby pasowa\u0142 do wymiar\u00f3w okre\u015blonej grupy element\u00f3w mocuj\u0105cych i d\u0142ugo\u015bci ig\u0142y. <\/p>\n","protected":false},"featured_media":11788,"template":"","meta":[],"product_cat":[272],"product_tag":[],"_links":{"self":[{"href":"https:\/\/stularplus.com\/pl\/wp-json\/wp\/v2\/product\/11787"}],"collection":[{"href":"https:\/\/stularplus.com\/pl\/wp-json\/wp\/v2\/product"}],"about":[{"href":"https:\/\/stularplus.com\/pl\/wp-json\/wp\/v2\/types\/product"}],"wp:featuredmedia":[{"embeddable":true,"href":"https:\/\/stularplus.com\/pl\/wp-json\/wp\/v2\/media\/11788"}],"wp:attachment":[{"href":"https:\/\/stularplus.com\/pl\/wp-json\/wp\/v2\/media?parent=11787"}],"wp:term":[{"taxonomy":"product_cat","embeddable":true,"href":"https:\/\/stularplus.com\/pl\/wp-json\/wp\/v2\/product_cat?post=11787"},{"taxonomy":"product_tag","embeddable":true,"href":"https:\/\/stularplus.com\/pl\/wp-json\/wp\/v2\/product_tag?post=11787"}],"curies":[{"name":"wp","href":"https:\/\/api.w.org\/{rel}","templated":true}]}}